{"id":3353,"date":"2025-06-13T15:38:10","date_gmt":"2025-06-13T13:38:10","guid":{"rendered":"https:\/\/indehei.nl\/reserveren\/unkategorisiert\/vermietung-lopifit-e-lauf-fahrrad\/"},"modified":"2025-06-13T15:38:10","modified_gmt":"2025-06-13T13:38:10","slug":"vermietung-lopifit-e-lauf-fahrrad","status":"publish","type":"product","link":"https:\/\/indehei.nl\/de\/reservieren\/vermietung-lopifit-e-lauf-fahrrad\/","title":{"rendered":"Vermietung Lopifit E-Lauf-Fahrrad"},"content":{"rendered":"<p>Das Lopifit E-Lauf-Fahrrad ist ein einzigartiges und \u00fcberraschendes Fortbewegungsmittel. Es kombiniert Gehen und Radfahren auf eine ganz besondere Weise. Anstatt zu treten, bewegst du dich vorw\u00e4rts, indem du ruhig auf einem Laufband gehst, w\u00e4hrend ein Elektromotor dir hilft, Geschwindigkeiten von bis zu 25 km\/h zu erreichen. Es f\u00fchlt sich an wie Gehen, aber mit weniger Anstrengung und der Geschwindigkeit eines Fahrrads!   <\/p>\n<p>Diese entspannte Art der Fortbewegung l\u00e4sst dich die frische Luft und die Brabanter Landschaft in vollen Z\u00fcgen genie\u00dfen. Du hast dabei alle Zeit, dich umzusehen, die Natur auf dich wirken zu lassen und wirklich abzuschalten. Kurz gesagt: ideal f\u00fcr einen originellen Tagesausflug mit Freunden, Familie oder Kollegen.  <\/p>\n<p>Eine Fahrt mit dem Lopifit ist nicht nur unterhaltsam und gesund, sondern auch ein Erlebnis, das dir garantiert im Ged\u00e4chtnis bleibt. Sie verbindet Bewegung, Spa\u00df und Entspannung in einem, geeignet f\u00fcr Jung und Alt. Ein origineller und unvergesslicher Ausflug!   <\/p>\n<p><em class=\"prijs-in-content\"><strong>Kosten: 32,50 \u20ac pro Person f\u00fcr 4 Stunden<\/strong><\/em><\/p>\n","protected":false},"excerpt":{"rendered":"<p>Entdecken Sie die Region Mariahout auf eine \u00fcberraschende und unterhaltsame Art und Weise: Schwingen Sie sich auf das Lopifit E-Balance-Bike. Dieses Elektrofahrrad, eine Mischung aus Laufband und Fahrrad, l\u00e4sst Sie mit bis zu 25 Stundenkilometern \u201elaufen\u201c. So erkunden Sie die wundersch\u00f6ne Brabanter Landschaft schneller als mit einem normalen Fahrrad, aber ohne Sattelschmerzen oder Anstrengung. E-Balance-Biken ist nicht nur entspannend und gesund, sondern macht auch unglaublich viel Spa\u00df. Einfach ausleihen, aufsteigen und losfahren!    <\/p>\n<p><em class=\"prijs-in-content\"><strong>Kosten: 32,50 \u20ac pro Person f\u00fcr 4 Stunden<\/strong><\/em><\/p>\n","protected":false},"featured_media":1822,"comment_status":"closed","ping_status":"closed","template":"","meta":{"_acf_changed":false},"product_brand":[],"product_cat":[46],"product_tag":[],"class_list":{"0":"post-3353","1":"product","2":"type-product","3":"status-publish","4":"has-post-thumbnail","6":"product_cat-aktivitaten","8":"first","9":"instock","10":"virtual","11":"sold-individually","12":"taxable","13":"purchasable","14":"product-type-booking"},"acf":[],"yoast_head":"<!-- This site is optimized with the Yoast SEO plugin v26.7 - https:\/\/yoast.com\/wordpress\/plugins\/seo\/ -->\n<title>Vermietung Lopifit E-Lauf-Fahrrad - In de Hei<\/title>\n<meta name=\"robots\" content=\"index, follow, max-snippet:-1, max-image-preview:large, max-video-preview:-1\" \/>\n<link rel=\"canonical\" href=\"https:\/\/indehei.nl\/de\/reservieren\/vermietung-lopifit-e-lauf-fahrrad\/\" \/>\n<meta property=\"og:locale\" content=\"de_DE\" \/>\n<meta property=\"og:type\" content=\"article\" \/>\n<meta property=\"og:title\" content=\"Vermietung Lopifit E-Lauf-Fahrrad - In de Hei\" \/>\n<meta property=\"og:description\" content=\"Entdecken Sie die Region Mariahout auf eine \u00fcberraschende und unterhaltsame Art und Weise: Schwingen Sie sich auf das Lopifit E-Balance-Bike. Dieses Elektrofahrrad, eine Mischung aus Laufband und Fahrrad, l\u00e4sst Sie mit bis zu 25 Stundenkilometern \u201elaufen\u201c. So erkunden Sie die wundersch\u00f6ne Brabanter Landschaft schneller als mit einem normalen Fahrrad, aber ohne Sattelschmerzen oder Anstrengung. E-Balance-Biken ist nicht nur entspannend und gesund, sondern macht auch unglaublich viel Spa\u00df. Einfach ausleihen, aufsteigen und losfahren!   Kosten: 32,50 \u20ac pro Person f\u00fcr 4 Stunden\" \/>\n<meta property=\"og:url\" content=\"https:\/\/indehei.nl\/de\/reservieren\/vermietung-lopifit-e-lauf-fahrrad\/\" \/>\n<meta property=\"og:site_name\" content=\"In de Hei\" \/>\n<meta property=\"og:image\" content=\"https:\/\/indehei.nl\/wp-content\/uploads\/2025\/06\/IMG_5867-768x576-1.jpeg\" \/>\n\t<meta property=\"og:image:width\" content=\"768\" \/>\n\t<meta property=\"og:image:height\" content=\"576\" \/>\n\t<meta property=\"og:image:type\" content=\"image\/jpeg\" \/>\n<meta name=\"twitter:card\" content=\"summary_large_image\" \/>\n<meta name=\"twitter:label1\" content=\"Gesch\u00e4tzte Lesezeit\" \/>\n\t<meta name=\"twitter:data1\" content=\"1\u00a0Minute\" \/>\n<script type=\"application\/ld+json\" class=\"yoast-schema-graph\">{\"@context\":\"https:\/\/schema.org\",\"@graph\":[{\"@type\":\"WebPage\",\"@id\":\"https:\/\/indehei.nl\/de\/reservieren\/vermietung-lopifit-e-lauf-fahrrad\/\",\"url\":\"https:\/\/indehei.nl\/de\/reservieren\/vermietung-lopifit-e-lauf-fahrrad\/\",\"name\":\"Vermietung Lopifit E-Lauf-Fahrrad - In de Hei\",\"isPartOf\":{\"@id\":\"https:\/\/indehei.nl\/de\/#website\"},\"primaryImageOfPage\":{\"@id\":\"https:\/\/indehei.nl\/de\/reservieren\/vermietung-lopifit-e-lauf-fahrrad\/#primaryimage\"},\"image\":{\"@id\":\"https:\/\/indehei.nl\/de\/reservieren\/vermietung-lopifit-e-lauf-fahrrad\/#primaryimage\"},\"thumbnailUrl\":\"https:\/\/indehei.nl\/wp-content\/uploads\/2025\/06\/IMG_5867-768x576-1.jpeg\",\"datePublished\":\"2025-06-13T13:38:10+00:00\",\"breadcrumb\":{\"@id\":\"https:\/\/indehei.nl\/de\/reservieren\/vermietung-lopifit-e-lauf-fahrrad\/#breadcrumb\"},\"inLanguage\":\"de\",\"potentialAction\":[{\"@type\":\"ReadAction\",\"target\":[\"https:\/\/indehei.nl\/de\/reservieren\/vermietung-lopifit-e-lauf-fahrrad\/\"]}]},{\"@type\":\"ImageObject\",\"inLanguage\":\"de\",\"@id\":\"https:\/\/indehei.nl\/de\/reservieren\/vermietung-lopifit-e-lauf-fahrrad\/#primaryimage\",\"url\":\"https:\/\/indehei.nl\/wp-content\/uploads\/2025\/06\/IMG_5867-768x576-1.jpeg\",\"contentUrl\":\"https:\/\/indehei.nl\/wp-content\/uploads\/2025\/06\/IMG_5867-768x576-1.jpeg\",\"width\":768,\"height\":576},{\"@type\":\"BreadcrumbList\",\"@id\":\"https:\/\/indehei.nl\/de\/reservieren\/vermietung-lopifit-e-lauf-fahrrad\/#breadcrumb\",\"itemListElement\":[{\"@type\":\"ListItem\",\"position\":1,\"name\":\"Home\",\"item\":\"https:\/\/indehei.nl\/de\/\"},{\"@type\":\"ListItem\",\"position\":2,\"name\":\"Reservieren\",\"item\":\"https:\/\/indehei.nl\/de\/reservieren\/\"},{\"@type\":\"ListItem\",\"position\":3,\"name\":\"Vermietung Lopifit E-Lauf-Fahrrad\"}]},{\"@type\":\"WebSite\",\"@id\":\"https:\/\/indehei.nl\/de\/#website\",\"url\":\"https:\/\/indehei.nl\/de\/\",\"name\":\"In de Hei\",\"description\":\"Alpaca&#039;s, lunch, overnachten, vergaderen - Landelijk genieten\",\"publisher\":{\"@id\":\"https:\/\/indehei.nl\/de\/#organization\"},\"potentialAction\":[{\"@type\":\"SearchAction\",\"target\":{\"@type\":\"EntryPoint\",\"urlTemplate\":\"https:\/\/indehei.nl\/de\/?s={search_term_string}\"},\"query-input\":{\"@type\":\"PropertyValueSpecification\",\"valueRequired\":true,\"valueName\":\"search_term_string\"}}],\"inLanguage\":\"de\"},{\"@type\":\"Organization\",\"@id\":\"https:\/\/indehei.nl\/de\/#organization\",\"name\":\"In de Hei\",\"url\":\"https:\/\/indehei.nl\/de\/\",\"logo\":{\"@type\":\"ImageObject\",\"inLanguage\":\"de\",\"@id\":\"https:\/\/indehei.nl\/de\/#\/schema\/logo\/image\/\",\"url\":\"https:\/\/indehei.nl\/wp-content\/uploads\/2025\/04\/IndeHei_2024_ORG_DEF.svg\",\"contentUrl\":\"https:\/\/indehei.nl\/wp-content\/uploads\/2025\/04\/IndeHei_2024_ORG_DEF.svg\",\"caption\":\"In de Hei\"},\"image\":{\"@id\":\"https:\/\/indehei.nl\/de\/#\/schema\/logo\/image\/\"}}]}<\/script>\n<!-- \/ Yoast SEO plugin. -->","yoast_head_json":{"title":"Vermietung Lopifit E-Lauf-Fahrrad - In de Hei","robots":{"index":"index","follow":"follow","max-snippet":"max-snippet:-1","max-image-preview":"max-image-preview:large","max-video-preview":"max-video-preview:-1"},"canonical":"https:\/\/indehei.nl\/de\/reservieren\/vermietung-lopifit-e-lauf-fahrrad\/","og_locale":"de_DE","og_type":"article","og_title":"Vermietung Lopifit E-Lauf-Fahrrad - In de Hei","og_description":"Entdecken Sie die Region Mariahout auf eine \u00fcberraschende und unterhaltsame Art und Weise: Schwingen Sie sich auf das Lopifit E-Balance-Bike. Dieses Elektrofahrrad, eine Mischung aus Laufband und Fahrrad, l\u00e4sst Sie mit bis zu 25 Stundenkilometern \u201elaufen\u201c. So erkunden Sie die wundersch\u00f6ne Brabanter Landschaft schneller als mit einem normalen Fahrrad, aber ohne Sattelschmerzen oder Anstrengung. E-Balance-Biken ist nicht nur entspannend und gesund, sondern macht auch unglaublich viel Spa\u00df. Einfach ausleihen, aufsteigen und losfahren!   Kosten: 32,50 \u20ac pro Person f\u00fcr 4 Stunden","og_url":"https:\/\/indehei.nl\/de\/reservieren\/vermietung-lopifit-e-lauf-fahrrad\/","og_site_name":"In de Hei","og_image":[{"width":768,"height":576,"url":"https:\/\/indehei.nl\/wp-content\/uploads\/2025\/06\/IMG_5867-768x576-1.jpeg","type":"image\/jpeg"}],"twitter_card":"summary_large_image","twitter_misc":{"Gesch\u00e4tzte Lesezeit":"1\u00a0Minute"},"schema":{"@context":"https:\/\/schema.org","@graph":[{"@type":"WebPage","@id":"https:\/\/indehei.nl\/de\/reservieren\/vermietung-lopifit-e-lauf-fahrrad\/","url":"https:\/\/indehei.nl\/de\/reservieren\/vermietung-lopifit-e-lauf-fahrrad\/","name":"Vermietung Lopifit E-Lauf-Fahrrad - In de Hei","isPartOf":{"@id":"https:\/\/indehei.nl\/de\/#website"},"primaryImageOfPage":{"@id":"https:\/\/indehei.nl\/de\/reservieren\/vermietung-lopifit-e-lauf-fahrrad\/#primaryimage"},"image":{"@id":"https:\/\/indehei.nl\/de\/reservieren\/vermietung-lopifit-e-lauf-fahrrad\/#primaryimage"},"thumbnailUrl":"https:\/\/indehei.nl\/wp-content\/uploads\/2025\/06\/IMG_5867-768x576-1.jpeg","datePublished":"2025-06-13T13:38:10+00:00","breadcrumb":{"@id":"https:\/\/indehei.nl\/de\/reservieren\/vermietung-lopifit-e-lauf-fahrrad\/#breadcrumb"},"inLanguage":"de","potentialAction":[{"@type":"ReadAction","target":["https:\/\/indehei.nl\/de\/reservieren\/vermietung-lopifit-e-lauf-fahrrad\/"]}]},{"@type":"ImageObject","inLanguage":"de","@id":"https:\/\/indehei.nl\/de\/reservieren\/vermietung-lopifit-e-lauf-fahrrad\/#primaryimage","url":"https:\/\/indehei.nl\/wp-content\/uploads\/2025\/06\/IMG_5867-768x576-1.jpeg","contentUrl":"https:\/\/indehei.nl\/wp-content\/uploads\/2025\/06\/IMG_5867-768x576-1.jpeg","width":768,"height":576},{"@type":"BreadcrumbList","@id":"https:\/\/indehei.nl\/de\/reservieren\/vermietung-lopifit-e-lauf-fahrrad\/#breadcrumb","itemListElement":[{"@type":"ListItem","position":1,"name":"Home","item":"https:\/\/indehei.nl\/de\/"},{"@type":"ListItem","position":2,"name":"Reservieren","item":"https:\/\/indehei.nl\/de\/reservieren\/"},{"@type":"ListItem","position":3,"name":"Vermietung Lopifit E-Lauf-Fahrrad"}]},{"@type":"WebSite","@id":"https:\/\/indehei.nl\/de\/#website","url":"https:\/\/indehei.nl\/de\/","name":"In de Hei","description":"Alpaca&#039;s, lunch, overnachten, vergaderen - Landelijk genieten","publisher":{"@id":"https:\/\/indehei.nl\/de\/#organization"},"potentialAction":[{"@type":"SearchAction","target":{"@type":"EntryPoint","urlTemplate":"https:\/\/indehei.nl\/de\/?s={search_term_string}"},"query-input":{"@type":"PropertyValueSpecification","valueRequired":true,"valueName":"search_term_string"}}],"inLanguage":"de"},{"@type":"Organization","@id":"https:\/\/indehei.nl\/de\/#organization","name":"In de Hei","url":"https:\/\/indehei.nl\/de\/","logo":{"@type":"ImageObject","inLanguage":"de","@id":"https:\/\/indehei.nl\/de\/#\/schema\/logo\/image\/","url":"https:\/\/indehei.nl\/wp-content\/uploads\/2025\/04\/IndeHei_2024_ORG_DEF.svg","contentUrl":"https:\/\/indehei.nl\/wp-content\/uploads\/2025\/04\/IndeHei_2024_ORG_DEF.svg","caption":"In de Hei"},"image":{"@id":"https:\/\/indehei.nl\/de\/#\/schema\/logo\/image\/"}}]}},"_links":{"self":[{"href":"https:\/\/indehei.nl\/de\/wp-json\/wp\/v2\/product\/3353","targetHints":{"allow":["GET"]}}],"collection":[{"href":"https:\/\/indehei.nl\/de\/wp-json\/wp\/v2\/product"}],"about":[{"href":"https:\/\/indehei.nl\/de\/wp-json\/wp\/v2\/types\/product"}],"replies":[{"embeddable":true,"href":"https:\/\/indehei.nl\/de\/wp-json\/wp\/v2\/comments?post=3353"}],"wp:featuredmedia":[{"embeddable":true,"href":"https:\/\/indehei.nl\/de\/wp-json\/wp\/v2\/media\/1822"}],"wp:attachment":[{"href":"https:\/\/indehei.nl\/de\/wp-json\/wp\/v2\/media?parent=3353"}],"wp:term":[{"taxonomy":"product_brand","embeddable":true,"href":"https:\/\/indehei.nl\/de\/wp-json\/wp\/v2\/product_brand?post=3353"},{"taxonomy":"product_cat","embeddable":true,"href":"https:\/\/indehei.nl\/de\/wp-json\/wp\/v2\/product_cat?post=3353"},{"taxonomy":"product_tag","embeddable":true,"href":"https:\/\/indehei.nl\/de\/wp-json\/wp\/v2\/product_tag?post=3353"}],"curies":[{"name":"wp","href":"https:\/\/api.w.org\/{rel}","templated":true}]}}