{"id":3355,"date":"2025-06-13T15:57:09","date_gmt":"2025-06-13T13:57:09","guid":{"rendered":"https:\/\/indehei.nl\/reserveren\/unkategorisiert\/klootschiessen\/"},"modified":"2025-06-13T15:57:09","modified_gmt":"2025-06-13T13:57:09","slug":"klootschiessen","status":"publish","type":"product","link":"https:\/\/indehei.nl\/de\/reservieren\/klootschiessen\/","title":{"rendered":"Klootschie\u00dfen"},"content":{"rendered":"<p>Klootschie\u00dfen ist eine gesellige und leicht zug\u00e4ngliche Aktivit\u00e4t, die im Team gespielt wird. Jedes Team erh\u00e4lt eine sogenannte \u201eKloot\u201c \u2013 eine mit Blei beschwerte Holzkugel. Damit legt ihr eine vorher festgelegte Route zur\u00fcck. Das Ziel des Spiels ist einfach: Versucht, die gesamte Strecke mit so wenig W\u00fcrfen wie m\u00f6glich zu bew\u00e4ltigen. Die Kugel wird mit einer Unterhandbewegung geworfen, was das Spiel f\u00fcr alle zug\u00e4nglich macht, unabh\u00e4ngig von Alter oder Erfahrung.     <\/p>\n<p>Beim Klootschie\u00dfen genie\u00dft du die frische Luft, eine entspannte Atmosph\u00e4re und nat\u00fcrlich jede Menge Spa\u00df und Wettkampfgeist. Es ist die ideale Aktivit\u00e4t, um dem Alltag zu entfliehen und auf lockere Weise gemeinsam aktiv zu sein. <\/p>\n<p>Diese Aktivit\u00e4t eignet sich perfekt f\u00fcr Gruppen von bis zu 25 Personen, aufgeteilt in Teams von etwa f\u00fcnf Teilnehmern. Also ideal f\u00fcr einen Betriebsausflug, einen Familientag oder als unterhaltsame Pause w\u00e4hrend eines Meetings oder Teambuilding-Tages. <\/p>\n<p><em class=\"prijs-in-content\"><strong>Die Kosten betragen 7,50 \u20ac pro Person.<\/strong><\/em><br \/>\n<em class=\"aantal-personen\"><strong>Maximal 25 Personen (5 Personen pro Team)<\/strong><\/em><br \/>\nHast du Interesse? Dann nimm gerne unverbindlich Kontakt mit uns auf, um alle M\u00f6glichkeiten zu besprechen! <\/p>\n","protected":false},"excerpt":{"rendered":"<p>Genie\u00dfen Sie altmodischen Spa\u00df und Entspannung in der Natur Brabans bei einer Partie Klootschie\u00dfen (einem traditionellen niederl\u00e4ndischen Ballwurfspiel) auf unserem eigenen Parcours. Bei diesem traditionellen niederl\u00e4ndischen Sport legt man einen Parcours zur\u00fcck, indem man einen bleihaltigen Holzball, den Kloot, von unten wirft. Sieger ist, wer die Strecke mit den wenigsten W\u00fcrfen zur\u00fccklegt. Vor allem aber geht es darum, Spa\u00df zu haben, drau\u00dfen zu sein und die Gesellschaft der anderen zu genie\u00dfen. Klootschieten ist nicht nur ein lustiges Spiel, sondern auch der perfekte Vorwand, um in die Natur zu gehen!    <\/p>\n<p><em class=\"prijs-in-content\"><strong>Die Kosten betragen 7,50 \u20ac pro Person.<\/strong><\/em><br \/>\n<em class=\"aantal-personen\"><strong>Maximal 25 Personen (5 Personen pro Team)<\/strong><\/em><\/p>\n","protected":false},"featured_media":1852,"comment_status":"closed","ping_status":"closed","template":"","meta":{"_acf_changed":false},"product_brand":[],"product_cat":[46],"product_tag":[],"class_list":{"0":"post-3355","1":"product","2":"type-product","3":"status-publish","4":"has-post-thumbnail","6":"product_cat-aktivitaten","8":"first","9":"instock","10":"taxable","11":"shipping-taxable","12":"product-type-simple"},"acf":[],"yoast_head":"<!-- This site is optimized with the Yoast SEO plugin v26.7 - https:\/\/yoast.com\/wordpress\/plugins\/seo\/ -->\n<title>Klootschie\u00dfen - In de Hei<\/title>\n<meta name=\"robots\" content=\"index, follow, max-snippet:-1, max-image-preview:large, max-video-preview:-1\" \/>\n<link rel=\"canonical\" href=\"https:\/\/indehei.nl\/de\/reservieren\/klootschiessen\/\" \/>\n<meta property=\"og:locale\" content=\"de_DE\" \/>\n<meta property=\"og:type\" content=\"article\" \/>\n<meta property=\"og:title\" content=\"Klootschie\u00dfen - In de Hei\" \/>\n<meta property=\"og:description\" content=\"Genie\u00dfen Sie altmodischen Spa\u00df und Entspannung in der Natur Brabans bei einer Partie Klootschie\u00dfen (einem traditionellen niederl\u00e4ndischen Ballwurfspiel) auf unserem eigenen Parcours. Bei diesem traditionellen niederl\u00e4ndischen Sport legt man einen Parcours zur\u00fcck, indem man einen bleihaltigen Holzball, den Kloot, von unten wirft. Sieger ist, wer die Strecke mit den wenigsten W\u00fcrfen zur\u00fccklegt. Vor allem aber geht es darum, Spa\u00df zu haben, drau\u00dfen zu sein und die Gesellschaft der anderen zu genie\u00dfen. Klootschieten ist nicht nur ein lustiges Spiel, sondern auch der perfekte Vorwand, um in die Natur zu gehen!   Die Kosten betragen 7,50 \u20ac pro Person. Maximal 25 Personen (5 Personen pro Team)\" \/>\n<meta property=\"og:url\" content=\"https:\/\/indehei.nl\/de\/reservieren\/klootschiessen\/\" \/>\n<meta property=\"og:site_name\" content=\"In de Hei\" \/>\n<meta property=\"og:image\" content=\"https:\/\/indehei.nl\/wp-content\/uploads\/2025\/06\/IMG_20220201_111659-768x768-1.jpg\" \/>\n\t<meta property=\"og:image:width\" content=\"768\" \/>\n\t<meta property=\"og:image:height\" content=\"768\" \/>\n\t<meta property=\"og:image:type\" content=\"image\/jpeg\" \/>\n<meta name=\"twitter:card\" content=\"summary_large_image\" \/>\n<meta name=\"twitter:label1\" content=\"Gesch\u00e4tzte Lesezeit\" \/>\n\t<meta name=\"twitter:data1\" content=\"1\u00a0Minute\" \/>\n<script type=\"application\/ld+json\" class=\"yoast-schema-graph\">{\"@context\":\"https:\/\/schema.org\",\"@graph\":[{\"@type\":\"WebPage\",\"@id\":\"https:\/\/indehei.nl\/de\/reservieren\/klootschiessen\/\",\"url\":\"https:\/\/indehei.nl\/de\/reservieren\/klootschiessen\/\",\"name\":\"Klootschie\u00dfen - In de Hei\",\"isPartOf\":{\"@id\":\"https:\/\/indehei.nl\/de\/#website\"},\"primaryImageOfPage\":{\"@id\":\"https:\/\/indehei.nl\/de\/reservieren\/klootschiessen\/#primaryimage\"},\"image\":{\"@id\":\"https:\/\/indehei.nl\/de\/reservieren\/klootschiessen\/#primaryimage\"},\"thumbnailUrl\":\"https:\/\/indehei.nl\/wp-content\/uploads\/2025\/06\/IMG_20220201_111659-768x768-1.jpg\",\"datePublished\":\"2025-06-13T13:57:09+00:00\",\"breadcrumb\":{\"@id\":\"https:\/\/indehei.nl\/de\/reservieren\/klootschiessen\/#breadcrumb\"},\"inLanguage\":\"de\",\"potentialAction\":[{\"@type\":\"ReadAction\",\"target\":[\"https:\/\/indehei.nl\/de\/reservieren\/klootschiessen\/\"]}]},{\"@type\":\"ImageObject\",\"inLanguage\":\"de\",\"@id\":\"https:\/\/indehei.nl\/de\/reservieren\/klootschiessen\/#primaryimage\",\"url\":\"https:\/\/indehei.nl\/wp-content\/uploads\/2025\/06\/IMG_20220201_111659-768x768-1.jpg\",\"contentUrl\":\"https:\/\/indehei.nl\/wp-content\/uploads\/2025\/06\/IMG_20220201_111659-768x768-1.jpg\",\"width\":768,\"height\":768},{\"@type\":\"BreadcrumbList\",\"@id\":\"https:\/\/indehei.nl\/de\/reservieren\/klootschiessen\/#breadcrumb\",\"itemListElement\":[{\"@type\":\"ListItem\",\"position\":1,\"name\":\"Home\",\"item\":\"https:\/\/indehei.nl\/de\/\"},{\"@type\":\"ListItem\",\"position\":2,\"name\":\"Reservieren\",\"item\":\"https:\/\/indehei.nl\/de\/reservieren\/\"},{\"@type\":\"ListItem\",\"position\":3,\"name\":\"Klootschie\u00dfen\"}]},{\"@type\":\"WebSite\",\"@id\":\"https:\/\/indehei.nl\/de\/#website\",\"url\":\"https:\/\/indehei.nl\/de\/\",\"name\":\"In de Hei\",\"description\":\"Alpaca&#039;s, lunch, overnachten, vergaderen - Landelijk genieten\",\"publisher\":{\"@id\":\"https:\/\/indehei.nl\/de\/#organization\"},\"potentialAction\":[{\"@type\":\"SearchAction\",\"target\":{\"@type\":\"EntryPoint\",\"urlTemplate\":\"https:\/\/indehei.nl\/de\/?s={search_term_string}\"},\"query-input\":{\"@type\":\"PropertyValueSpecification\",\"valueRequired\":true,\"valueName\":\"search_term_string\"}}],\"inLanguage\":\"de\"},{\"@type\":\"Organization\",\"@id\":\"https:\/\/indehei.nl\/de\/#organization\",\"name\":\"In de Hei\",\"url\":\"https:\/\/indehei.nl\/de\/\",\"logo\":{\"@type\":\"ImageObject\",\"inLanguage\":\"de\",\"@id\":\"https:\/\/indehei.nl\/de\/#\/schema\/logo\/image\/\",\"url\":\"https:\/\/indehei.nl\/wp-content\/uploads\/2025\/04\/IndeHei_2024_ORG_DEF.svg\",\"contentUrl\":\"https:\/\/indehei.nl\/wp-content\/uploads\/2025\/04\/IndeHei_2024_ORG_DEF.svg\",\"caption\":\"In de Hei\"},\"image\":{\"@id\":\"https:\/\/indehei.nl\/de\/#\/schema\/logo\/image\/\"}}]}<\/script>\n<!-- \/ Yoast SEO plugin. -->","yoast_head_json":{"title":"Klootschie\u00dfen - In de Hei","robots":{"index":"index","follow":"follow","max-snippet":"max-snippet:-1","max-image-preview":"max-image-preview:large","max-video-preview":"max-video-preview:-1"},"canonical":"https:\/\/indehei.nl\/de\/reservieren\/klootschiessen\/","og_locale":"de_DE","og_type":"article","og_title":"Klootschie\u00dfen - In de Hei","og_description":"Genie\u00dfen Sie altmodischen Spa\u00df und Entspannung in der Natur Brabans bei einer Partie Klootschie\u00dfen (einem traditionellen niederl\u00e4ndischen Ballwurfspiel) auf unserem eigenen Parcours. Bei diesem traditionellen niederl\u00e4ndischen Sport legt man einen Parcours zur\u00fcck, indem man einen bleihaltigen Holzball, den Kloot, von unten wirft. Sieger ist, wer die Strecke mit den wenigsten W\u00fcrfen zur\u00fccklegt. Vor allem aber geht es darum, Spa\u00df zu haben, drau\u00dfen zu sein und die Gesellschaft der anderen zu genie\u00dfen. Klootschieten ist nicht nur ein lustiges Spiel, sondern auch der perfekte Vorwand, um in die Natur zu gehen!   Die Kosten betragen 7,50 \u20ac pro Person. Maximal 25 Personen (5 Personen pro Team)","og_url":"https:\/\/indehei.nl\/de\/reservieren\/klootschiessen\/","og_site_name":"In de Hei","og_image":[{"width":768,"height":768,"url":"https:\/\/indehei.nl\/wp-content\/uploads\/2025\/06\/IMG_20220201_111659-768x768-1.jpg","type":"image\/jpeg"}],"twitter_card":"summary_large_image","twitter_misc":{"Gesch\u00e4tzte Lesezeit":"1\u00a0Minute"},"schema":{"@context":"https:\/\/schema.org","@graph":[{"@type":"WebPage","@id":"https:\/\/indehei.nl\/de\/reservieren\/klootschiessen\/","url":"https:\/\/indehei.nl\/de\/reservieren\/klootschiessen\/","name":"Klootschie\u00dfen - In de Hei","isPartOf":{"@id":"https:\/\/indehei.nl\/de\/#website"},"primaryImageOfPage":{"@id":"https:\/\/indehei.nl\/de\/reservieren\/klootschiessen\/#primaryimage"},"image":{"@id":"https:\/\/indehei.nl\/de\/reservieren\/klootschiessen\/#primaryimage"},"thumbnailUrl":"https:\/\/indehei.nl\/wp-content\/uploads\/2025\/06\/IMG_20220201_111659-768x768-1.jpg","datePublished":"2025-06-13T13:57:09+00:00","breadcrumb":{"@id":"https:\/\/indehei.nl\/de\/reservieren\/klootschiessen\/#breadcrumb"},"inLanguage":"de","potentialAction":[{"@type":"ReadAction","target":["https:\/\/indehei.nl\/de\/reservieren\/klootschiessen\/"]}]},{"@type":"ImageObject","inLanguage":"de","@id":"https:\/\/indehei.nl\/de\/reservieren\/klootschiessen\/#primaryimage","url":"https:\/\/indehei.nl\/wp-content\/uploads\/2025\/06\/IMG_20220201_111659-768x768-1.jpg","contentUrl":"https:\/\/indehei.nl\/wp-content\/uploads\/2025\/06\/IMG_20220201_111659-768x768-1.jpg","width":768,"height":768},{"@type":"BreadcrumbList","@id":"https:\/\/indehei.nl\/de\/reservieren\/klootschiessen\/#breadcrumb","itemListElement":[{"@type":"ListItem","position":1,"name":"Home","item":"https:\/\/indehei.nl\/de\/"},{"@type":"ListItem","position":2,"name":"Reservieren","item":"https:\/\/indehei.nl\/de\/reservieren\/"},{"@type":"ListItem","position":3,"name":"Klootschie\u00dfen"}]},{"@type":"WebSite","@id":"https:\/\/indehei.nl\/de\/#website","url":"https:\/\/indehei.nl\/de\/","name":"In de Hei","description":"Alpaca&#039;s, lunch, overnachten, vergaderen - Landelijk genieten","publisher":{"@id":"https:\/\/indehei.nl\/de\/#organization"},"potentialAction":[{"@type":"SearchAction","target":{"@type":"EntryPoint","urlTemplate":"https:\/\/indehei.nl\/de\/?s={search_term_string}"},"query-input":{"@type":"PropertyValueSpecification","valueRequired":true,"valueName":"search_term_string"}}],"inLanguage":"de"},{"@type":"Organization","@id":"https:\/\/indehei.nl\/de\/#organization","name":"In de Hei","url":"https:\/\/indehei.nl\/de\/","logo":{"@type":"ImageObject","inLanguage":"de","@id":"https:\/\/indehei.nl\/de\/#\/schema\/logo\/image\/","url":"https:\/\/indehei.nl\/wp-content\/uploads\/2025\/04\/IndeHei_2024_ORG_DEF.svg","contentUrl":"https:\/\/indehei.nl\/wp-content\/uploads\/2025\/04\/IndeHei_2024_ORG_DEF.svg","caption":"In de Hei"},"image":{"@id":"https:\/\/indehei.nl\/de\/#\/schema\/logo\/image\/"}}]}},"_links":{"self":[{"href":"https:\/\/indehei.nl\/de\/wp-json\/wp\/v2\/product\/3355","targetHints":{"allow":["GET"]}}],"collection":[{"href":"https:\/\/indehei.nl\/de\/wp-json\/wp\/v2\/product"}],"about":[{"href":"https:\/\/indehei.nl\/de\/wp-json\/wp\/v2\/types\/product"}],"replies":[{"embeddable":true,"href":"https:\/\/indehei.nl\/de\/wp-json\/wp\/v2\/comments?post=3355"}],"wp:featuredmedia":[{"embeddable":true,"href":"https:\/\/indehei.nl\/de\/wp-json\/wp\/v2\/media\/1852"}],"wp:attachment":[{"href":"https:\/\/indehei.nl\/de\/wp-json\/wp\/v2\/media?parent=3355"}],"wp:term":[{"taxonomy":"product_brand","embeddable":true,"href":"https:\/\/indehei.nl\/de\/wp-json\/wp\/v2\/product_brand?post=3355"},{"taxonomy":"product_cat","embeddable":true,"href":"https:\/\/indehei.nl\/de\/wp-json\/wp\/v2\/product_cat?post=3355"},{"taxonomy":"product_tag","embeddable":true,"href":"https:\/\/indehei.nl\/de\/wp-json\/wp\/v2\/product_tag?post=3355"}],"curies":[{"name":"wp","href":"https:\/\/api.w.org\/{rel}","templated":true}]}}