{"id":3357,"date":"2025-06-13T15:59:06","date_gmt":"2025-06-13T13:59:06","guid":{"rendered":"https:\/\/indehei.nl\/reserveren\/unkategorisiert\/suppe-vom-offenen-feuer\/"},"modified":"2025-06-13T15:59:06","modified_gmt":"2025-06-13T13:59:06","slug":"suppe-vom-offenen-feuer","status":"publish","type":"product","link":"https:\/\/indehei.nl\/de\/reservieren\/suppe-vom-offenen-feuer\/","title":{"rendered":"Suppe vom offenen Feuer"},"content":{"rendered":"<p>Erleben Sie gemeinsam einen Moment der Ruhe, Verbundenheit und W\u00e4rme mit unserem stimmungsvollen Suppenerlebnis am offenen Feuer. Sie werden gemeinsam eine k\u00f6stliche Suppe in einer gem\u00fctlichen Umgebung zubereiten, umgeben von Natur und Stille. Die Suppe ist eine duftende, hausgemachte Suppe in einem authentischen Hexenkessel. Das Rezept basiert auf einer Tradition aus Mariahout und sorgt nicht nur f\u00fcr Geschmack, sondern auch f\u00fcr Geschichten und Erinnerungen.   <\/p>\n<p>W\u00e4hrend das Feuer leise knistert und die Suppe langsam k\u00f6chelt, bleibt viel Zeit f\u00fcr gute Gespr\u00e4che, Lachen und Getr\u00e4nke. Der Geruch der frischen Zutaten erf\u00fcllt die Luft und l\u00e4dt Sie ein, zusammen zu sein. Bei dieser Aktivit\u00e4t geht es nicht um Eile oder Leistung, sondern darum, einander Aufmerksamkeit zu schenken und den Moment wirklich zu genie\u00dfen.  <\/p>\n<p>Suppe \u00fcber dem offenen Feuer zu kochen ist eine einfache, aber besondere Erfahrung, die Menschen zusammenbringt. Es ist der perfekte Abschluss eines intensiven Sitzungstages oder als Teil eines Teambildungsprogramms. Nur Feuer, Geschmack und Zusammengeh\u00f6rigkeit!  <\/p>\n<p><em class=\"prijs-in-content\"><strong>Der Preis betr\u00e4gt 7,50 \u20ac.<\/strong><\/em><br \/>\n<em class=\"aantal-personen\"><strong>M\u00f6glich ab 20 Personen<\/strong><\/em><\/p>\n","protected":false},"excerpt":{"rendered":"<p>Erleben Sie gemeinsam einen Moment der Ruhe und Verbundenheit bei einer Suppe vom offenen Feuer. Gemeinsam bereiten Sie Ihre eigene Suppe in einem echten Hexenkessel nach einem alten Mariahout-Rezept zu. W\u00e4hrend das Feuer knistert und der Duft sich ausbreitet, genie\u00dfen Sie ein Getr\u00e4nk und gute Gespr\u00e4che. Es ist eine einfache, stimmungsvolle Aktivit\u00e4t, bei der der Genuss und die Zweisamkeit im Vordergrund stehen.   <\/p>\n<p><em class=\"prijs-in-content\"><strong>Kosten 7,50 \u20ac pro Person<\/strong><\/em><br \/>\n<em class=\"aantal-personen\"><strong>Dies ist ab 20 Personen m\u00f6glich<\/strong><\/em><\/p>\n","protected":false},"featured_media":1840,"comment_status":"closed","ping_status":"closed","template":"","meta":{"_acf_changed":false},"product_brand":[],"product_cat":[46],"product_tag":[],"class_list":{"0":"post-3357","1":"product","2":"type-product","3":"status-publish","4":"has-post-thumbnail","6":"product_cat-aktivitaten","8":"first","9":"instock","10":"taxable","11":"shipping-taxable","12":"product-type-simple"},"acf":[],"yoast_head":"<!-- This site is optimized with the Yoast SEO plugin v26.7 - https:\/\/yoast.com\/wordpress\/plugins\/seo\/ -->\n<title>Suppe vom offenen Feuer - In de Hei<\/title>\n<meta name=\"robots\" content=\"index, follow, max-snippet:-1, max-image-preview:large, max-video-preview:-1\" \/>\n<link rel=\"canonical\" href=\"https:\/\/indehei.nl\/de\/reservieren\/suppe-vom-offenen-feuer\/\" \/>\n<meta property=\"og:locale\" content=\"de_DE\" \/>\n<meta property=\"og:type\" content=\"article\" \/>\n<meta property=\"og:title\" content=\"Suppe vom offenen Feuer - In de Hei\" \/>\n<meta property=\"og:description\" content=\"Erleben Sie gemeinsam einen Moment der Ruhe und Verbundenheit bei einer Suppe vom offenen Feuer. Gemeinsam bereiten Sie Ihre eigene Suppe in einem echten Hexenkessel nach einem alten Mariahout-Rezept zu. W\u00e4hrend das Feuer knistert und der Duft sich ausbreitet, genie\u00dfen Sie ein Getr\u00e4nk und gute Gespr\u00e4che. Es ist eine einfache, stimmungsvolle Aktivit\u00e4t, bei der der Genuss und die Zweisamkeit im Vordergrund stehen.   Kosten 7,50 \u20ac pro Person Dies ist ab 20 Personen m\u00f6glich\" \/>\n<meta property=\"og:url\" content=\"https:\/\/indehei.nl\/de\/reservieren\/suppe-vom-offenen-feuer\/\" \/>\n<meta property=\"og:site_name\" content=\"In de Hei\" \/>\n<meta property=\"og:image\" content=\"https:\/\/indehei.nl\/wp-content\/uploads\/2025\/06\/IMG_20191027_170721-1920x1440-1.jpg\" \/>\n\t<meta property=\"og:image:width\" content=\"1920\" \/>\n\t<meta property=\"og:image:height\" content=\"1440\" \/>\n\t<meta property=\"og:image:type\" content=\"image\/jpeg\" \/>\n<meta name=\"twitter:card\" content=\"summary_large_image\" \/>\n<meta name=\"twitter:label1\" content=\"Gesch\u00e4tzte Lesezeit\" \/>\n\t<meta name=\"twitter:data1\" content=\"1\u00a0Minute\" \/>\n<script type=\"application\/ld+json\" class=\"yoast-schema-graph\">{\"@context\":\"https:\/\/schema.org\",\"@graph\":[{\"@type\":\"WebPage\",\"@id\":\"https:\/\/indehei.nl\/de\/reservieren\/suppe-vom-offenen-feuer\/\",\"url\":\"https:\/\/indehei.nl\/de\/reservieren\/suppe-vom-offenen-feuer\/\",\"name\":\"Suppe vom offenen Feuer - In de Hei\",\"isPartOf\":{\"@id\":\"https:\/\/indehei.nl\/de\/#website\"},\"primaryImageOfPage\":{\"@id\":\"https:\/\/indehei.nl\/de\/reservieren\/suppe-vom-offenen-feuer\/#primaryimage\"},\"image\":{\"@id\":\"https:\/\/indehei.nl\/de\/reservieren\/suppe-vom-offenen-feuer\/#primaryimage\"},\"thumbnailUrl\":\"https:\/\/indehei.nl\/wp-content\/uploads\/2025\/06\/IMG_20191027_170721-1920x1440-1.jpg\",\"datePublished\":\"2025-06-13T13:59:06+00:00\",\"breadcrumb\":{\"@id\":\"https:\/\/indehei.nl\/de\/reservieren\/suppe-vom-offenen-feuer\/#breadcrumb\"},\"inLanguage\":\"de\",\"potentialAction\":[{\"@type\":\"ReadAction\",\"target\":[\"https:\/\/indehei.nl\/de\/reservieren\/suppe-vom-offenen-feuer\/\"]}]},{\"@type\":\"ImageObject\",\"inLanguage\":\"de\",\"@id\":\"https:\/\/indehei.nl\/de\/reservieren\/suppe-vom-offenen-feuer\/#primaryimage\",\"url\":\"https:\/\/indehei.nl\/wp-content\/uploads\/2025\/06\/IMG_20191027_170721-1920x1440-1.jpg\",\"contentUrl\":\"https:\/\/indehei.nl\/wp-content\/uploads\/2025\/06\/IMG_20191027_170721-1920x1440-1.jpg\",\"width\":1920,\"height\":1440},{\"@type\":\"BreadcrumbList\",\"@id\":\"https:\/\/indehei.nl\/de\/reservieren\/suppe-vom-offenen-feuer\/#breadcrumb\",\"itemListElement\":[{\"@type\":\"ListItem\",\"position\":1,\"name\":\"Home\",\"item\":\"https:\/\/indehei.nl\/de\/\"},{\"@type\":\"ListItem\",\"position\":2,\"name\":\"Reservieren\",\"item\":\"https:\/\/indehei.nl\/de\/reservieren\/\"},{\"@type\":\"ListItem\",\"position\":3,\"name\":\"Suppe vom offenen Feuer\"}]},{\"@type\":\"WebSite\",\"@id\":\"https:\/\/indehei.nl\/de\/#website\",\"url\":\"https:\/\/indehei.nl\/de\/\",\"name\":\"In de Hei\",\"description\":\"Alpaca&#039;s, lunch, overnachten, vergaderen - Landelijk genieten\",\"publisher\":{\"@id\":\"https:\/\/indehei.nl\/de\/#organization\"},\"potentialAction\":[{\"@type\":\"SearchAction\",\"target\":{\"@type\":\"EntryPoint\",\"urlTemplate\":\"https:\/\/indehei.nl\/de\/?s={search_term_string}\"},\"query-input\":{\"@type\":\"PropertyValueSpecification\",\"valueRequired\":true,\"valueName\":\"search_term_string\"}}],\"inLanguage\":\"de\"},{\"@type\":\"Organization\",\"@id\":\"https:\/\/indehei.nl\/de\/#organization\",\"name\":\"In de Hei\",\"url\":\"https:\/\/indehei.nl\/de\/\",\"logo\":{\"@type\":\"ImageObject\",\"inLanguage\":\"de\",\"@id\":\"https:\/\/indehei.nl\/de\/#\/schema\/logo\/image\/\",\"url\":\"https:\/\/indehei.nl\/wp-content\/uploads\/2025\/04\/IndeHei_2024_ORG_DEF.svg\",\"contentUrl\":\"https:\/\/indehei.nl\/wp-content\/uploads\/2025\/04\/IndeHei_2024_ORG_DEF.svg\",\"caption\":\"In de Hei\"},\"image\":{\"@id\":\"https:\/\/indehei.nl\/de\/#\/schema\/logo\/image\/\"}}]}<\/script>\n<!-- \/ Yoast SEO plugin. -->","yoast_head_json":{"title":"Suppe vom offenen Feuer - In de Hei","robots":{"index":"index","follow":"follow","max-snippet":"max-snippet:-1","max-image-preview":"max-image-preview:large","max-video-preview":"max-video-preview:-1"},"canonical":"https:\/\/indehei.nl\/de\/reservieren\/suppe-vom-offenen-feuer\/","og_locale":"de_DE","og_type":"article","og_title":"Suppe vom offenen Feuer - In de Hei","og_description":"Erleben Sie gemeinsam einen Moment der Ruhe und Verbundenheit bei einer Suppe vom offenen Feuer. Gemeinsam bereiten Sie Ihre eigene Suppe in einem echten Hexenkessel nach einem alten Mariahout-Rezept zu. W\u00e4hrend das Feuer knistert und der Duft sich ausbreitet, genie\u00dfen Sie ein Getr\u00e4nk und gute Gespr\u00e4che. Es ist eine einfache, stimmungsvolle Aktivit\u00e4t, bei der der Genuss und die Zweisamkeit im Vordergrund stehen.   Kosten 7,50 \u20ac pro Person Dies ist ab 20 Personen m\u00f6glich","og_url":"https:\/\/indehei.nl\/de\/reservieren\/suppe-vom-offenen-feuer\/","og_site_name":"In de Hei","og_image":[{"width":1920,"height":1440,"url":"https:\/\/indehei.nl\/wp-content\/uploads\/2025\/06\/IMG_20191027_170721-1920x1440-1.jpg","type":"image\/jpeg"}],"twitter_card":"summary_large_image","twitter_misc":{"Gesch\u00e4tzte Lesezeit":"1\u00a0Minute"},"schema":{"@context":"https:\/\/schema.org","@graph":[{"@type":"WebPage","@id":"https:\/\/indehei.nl\/de\/reservieren\/suppe-vom-offenen-feuer\/","url":"https:\/\/indehei.nl\/de\/reservieren\/suppe-vom-offenen-feuer\/","name":"Suppe vom offenen Feuer - In de Hei","isPartOf":{"@id":"https:\/\/indehei.nl\/de\/#website"},"primaryImageOfPage":{"@id":"https:\/\/indehei.nl\/de\/reservieren\/suppe-vom-offenen-feuer\/#primaryimage"},"image":{"@id":"https:\/\/indehei.nl\/de\/reservieren\/suppe-vom-offenen-feuer\/#primaryimage"},"thumbnailUrl":"https:\/\/indehei.nl\/wp-content\/uploads\/2025\/06\/IMG_20191027_170721-1920x1440-1.jpg","datePublished":"2025-06-13T13:59:06+00:00","breadcrumb":{"@id":"https:\/\/indehei.nl\/de\/reservieren\/suppe-vom-offenen-feuer\/#breadcrumb"},"inLanguage":"de","potentialAction":[{"@type":"ReadAction","target":["https:\/\/indehei.nl\/de\/reservieren\/suppe-vom-offenen-feuer\/"]}]},{"@type":"ImageObject","inLanguage":"de","@id":"https:\/\/indehei.nl\/de\/reservieren\/suppe-vom-offenen-feuer\/#primaryimage","url":"https:\/\/indehei.nl\/wp-content\/uploads\/2025\/06\/IMG_20191027_170721-1920x1440-1.jpg","contentUrl":"https:\/\/indehei.nl\/wp-content\/uploads\/2025\/06\/IMG_20191027_170721-1920x1440-1.jpg","width":1920,"height":1440},{"@type":"BreadcrumbList","@id":"https:\/\/indehei.nl\/de\/reservieren\/suppe-vom-offenen-feuer\/#breadcrumb","itemListElement":[{"@type":"ListItem","position":1,"name":"Home","item":"https:\/\/indehei.nl\/de\/"},{"@type":"ListItem","position":2,"name":"Reservieren","item":"https:\/\/indehei.nl\/de\/reservieren\/"},{"@type":"ListItem","position":3,"name":"Suppe vom offenen Feuer"}]},{"@type":"WebSite","@id":"https:\/\/indehei.nl\/de\/#website","url":"https:\/\/indehei.nl\/de\/","name":"In de Hei","description":"Alpaca&#039;s, lunch, overnachten, vergaderen - Landelijk genieten","publisher":{"@id":"https:\/\/indehei.nl\/de\/#organization"},"potentialAction":[{"@type":"SearchAction","target":{"@type":"EntryPoint","urlTemplate":"https:\/\/indehei.nl\/de\/?s={search_term_string}"},"query-input":{"@type":"PropertyValueSpecification","valueRequired":true,"valueName":"search_term_string"}}],"inLanguage":"de"},{"@type":"Organization","@id":"https:\/\/indehei.nl\/de\/#organization","name":"In de Hei","url":"https:\/\/indehei.nl\/de\/","logo":{"@type":"ImageObject","inLanguage":"de","@id":"https:\/\/indehei.nl\/de\/#\/schema\/logo\/image\/","url":"https:\/\/indehei.nl\/wp-content\/uploads\/2025\/04\/IndeHei_2024_ORG_DEF.svg","contentUrl":"https:\/\/indehei.nl\/wp-content\/uploads\/2025\/04\/IndeHei_2024_ORG_DEF.svg","caption":"In de Hei"},"image":{"@id":"https:\/\/indehei.nl\/de\/#\/schema\/logo\/image\/"}}]}},"_links":{"self":[{"href":"https:\/\/indehei.nl\/de\/wp-json\/wp\/v2\/product\/3357","targetHints":{"allow":["GET"]}}],"collection":[{"href":"https:\/\/indehei.nl\/de\/wp-json\/wp\/v2\/product"}],"about":[{"href":"https:\/\/indehei.nl\/de\/wp-json\/wp\/v2\/types\/product"}],"replies":[{"embeddable":true,"href":"https:\/\/indehei.nl\/de\/wp-json\/wp\/v2\/comments?post=3357"}],"wp:featuredmedia":[{"embeddable":true,"href":"https:\/\/indehei.nl\/de\/wp-json\/wp\/v2\/media\/1840"}],"wp:attachment":[{"href":"https:\/\/indehei.nl\/de\/wp-json\/wp\/v2\/media?parent=3357"}],"wp:term":[{"taxonomy":"product_brand","embeddable":true,"href":"https:\/\/indehei.nl\/de\/wp-json\/wp\/v2\/product_brand?post=3357"},{"taxonomy":"product_cat","embeddable":true,"href":"https:\/\/indehei.nl\/de\/wp-json\/wp\/v2\/product_cat?post=3357"},{"taxonomy":"product_tag","embeddable":true,"href":"https:\/\/indehei.nl\/de\/wp-json\/wp\/v2\/product_tag?post=3357"}],"curies":[{"name":"wp","href":"https:\/\/api.w.org\/{rel}","templated":true}]}}