{"id":3359,"date":"2025-06-13T15:50:58","date_gmt":"2025-06-13T13:50:58","guid":{"rendered":"https:\/\/indehei.nl\/reserveren\/unkategorisiert\/pizza-workshop\/"},"modified":"2025-06-13T15:50:58","modified_gmt":"2025-06-13T13:50:58","slug":"pizza-workshop","status":"publish","type":"product","link":"https:\/\/indehei.nl\/de\/reservieren\/pizza-workshop\/","title":{"rendered":"Pizza workshop"},"content":{"rendered":"<p>Holt das italienische Lebensgef\u00fchl nach Brabant und erlebt einen gem\u00fctlichen und geschmackvollen Nachmittag oder Abend voller frischer Zutaten und herzlicher Geselligkeit. Bei unserem Pizza-Workshop stellt ihr eure perfekte Pizza ganz nach euren eigenen W\u00fcnschen zusammen. Ihr bekommt eine Snackplatte, w\u00e4hlt eure Lieblingszutaten aus und backt eure Pizza im Holzofen im Freien. Seid ihr Vegetarier? Kein Problem, es gibt eine gro\u00dfe Auswahl! W\u00e4hrend des Workshops stehen euch ausreichend Getr\u00e4nke zur Verf\u00fcgung.     <\/p>\n<p>Eure Kreation wird in unserem authentischen, holzbefeuerten Pizzaofen gebacken, der sich in unserer stimmungsvollen Feldscheune befindet. Der Duft von frischem Teig und gl\u00fchendem Holz, kombiniert mit der gem\u00fctlichen Atmosph\u00e4re, sorgt f\u00fcr ein unvergessliches Erlebnis. Der Spa\u00df am gemeinsamen Kochen und Genie\u00dfen steht dabei im Mittelpunkt.  <\/p>\n<p>Zum kr\u00f6nenden Abschluss des Abends gibt es ein \u00fcberraschendes Dessert: k\u00f6stlich gegrillte Ananas vom Feuer. S\u00fc\u00df, warm und perfekt karamellisiert, der ideale festliche Ausklang eines genussvollen Abends.  <\/p>\n<p><em class=\"prijs-in-content\"><strong>Kosten: 17,50 \u20ac pro Person<\/strong><\/em><br \/>\n<em class=\"aantal-personen\"><strong>M\u00f6glich ab 20 Personen<\/strong><\/em><\/p>\n","protected":false},"excerpt":{"rendered":"<p>Bringen Sie einen Hauch von Italien in die Brabanter Landschaft und kreieren Sie Ihre eigene Pizza mit einer gro\u00dfen Auswahl an regionalen Produkten. Sie backen Ihre Kreation in unserer authentischen Feldscheune im Holzofen \u2013 ganz nach Ihrem Geschmack. Abgerundet wird das Erlebnis mit einem \u00fcberraschenden Dessert: gegrillter Ananas. Guten Appetit!   <\/p>\n<p><em class=\"prijs-in-content\"><strong>Kosten: 17,50 \u20ac pro Person<\/strong><\/em><br \/>\n<em class=\"aantal-personen\"><strong>M\u00f6glich ab 20 Personen<\/strong><\/em><\/p>\n","protected":false},"featured_media":2817,"comment_status":"closed","ping_status":"closed","template":"","meta":{"_acf_changed":false},"product_brand":[],"product_cat":[46],"product_tag":[],"class_list":{"0":"post-3359","1":"product","2":"type-product","3":"status-publish","4":"has-post-thumbnail","6":"product_cat-aktivitaten","8":"first","9":"instock","10":"taxable","11":"shipping-taxable","12":"product-type-simple"},"acf":[],"yoast_head":"<!-- This site is optimized with the Yoast SEO plugin v26.7 - https:\/\/yoast.com\/wordpress\/plugins\/seo\/ -->\n<title>Pizza workshop - In de Hei<\/title>\n<meta name=\"robots\" content=\"index, follow, max-snippet:-1, max-image-preview:large, max-video-preview:-1\" \/>\n<link rel=\"canonical\" href=\"https:\/\/indehei.nl\/de\/reservieren\/pizza-workshop\/\" \/>\n<meta property=\"og:locale\" content=\"de_DE\" \/>\n<meta property=\"og:type\" content=\"article\" \/>\n<meta property=\"og:title\" content=\"Pizza workshop - In de Hei\" \/>\n<meta property=\"og:description\" content=\"Bringen Sie einen Hauch von Italien in die Brabanter Landschaft und kreieren Sie Ihre eigene Pizza mit einer gro\u00dfen Auswahl an regionalen Produkten. Sie backen Ihre Kreation in unserer authentischen Feldscheune im Holzofen \u2013 ganz nach Ihrem Geschmack. Abgerundet wird das Erlebnis mit einem \u00fcberraschenden Dessert: gegrillter Ananas. Guten Appetit!   Kosten: 17,50 \u20ac pro Person M\u00f6glich ab 20 Personen\" \/>\n<meta property=\"og:url\" content=\"https:\/\/indehei.nl\/de\/reservieren\/pizza-workshop\/\" \/>\n<meta property=\"og:site_name\" content=\"In de Hei\" \/>\n<meta property=\"og:image\" content=\"https:\/\/indehei.nl\/wp-content\/uploads\/2025\/06\/2016-05-14-18.49.28-scaled.jpeg\" \/>\n\t<meta property=\"og:image:width\" content=\"2560\" \/>\n\t<meta property=\"og:image:height\" content=\"1920\" \/>\n\t<meta property=\"og:image:type\" content=\"image\/jpeg\" \/>\n<meta name=\"twitter:card\" content=\"summary_large_image\" \/>\n<meta name=\"twitter:label1\" content=\"Gesch\u00e4tzte Lesezeit\" \/>\n\t<meta name=\"twitter:data1\" content=\"1\u00a0Minute\" \/>\n<script type=\"application\/ld+json\" class=\"yoast-schema-graph\">{\"@context\":\"https:\/\/schema.org\",\"@graph\":[{\"@type\":\"WebPage\",\"@id\":\"https:\/\/indehei.nl\/de\/reservieren\/pizza-workshop\/\",\"url\":\"https:\/\/indehei.nl\/de\/reservieren\/pizza-workshop\/\",\"name\":\"Pizza workshop - In de Hei\",\"isPartOf\":{\"@id\":\"https:\/\/indehei.nl\/de\/#website\"},\"primaryImageOfPage\":{\"@id\":\"https:\/\/indehei.nl\/de\/reservieren\/pizza-workshop\/#primaryimage\"},\"image\":{\"@id\":\"https:\/\/indehei.nl\/de\/reservieren\/pizza-workshop\/#primaryimage\"},\"thumbnailUrl\":\"https:\/\/indehei.nl\/wp-content\/uploads\/2025\/06\/2016-05-14-18.49.28-scaled.jpeg\",\"datePublished\":\"2025-06-13T13:50:58+00:00\",\"breadcrumb\":{\"@id\":\"https:\/\/indehei.nl\/de\/reservieren\/pizza-workshop\/#breadcrumb\"},\"inLanguage\":\"de\",\"potentialAction\":[{\"@type\":\"ReadAction\",\"target\":[\"https:\/\/indehei.nl\/de\/reservieren\/pizza-workshop\/\"]}]},{\"@type\":\"ImageObject\",\"inLanguage\":\"de\",\"@id\":\"https:\/\/indehei.nl\/de\/reservieren\/pizza-workshop\/#primaryimage\",\"url\":\"https:\/\/indehei.nl\/wp-content\/uploads\/2025\/06\/2016-05-14-18.49.28-scaled.jpeg\",\"contentUrl\":\"https:\/\/indehei.nl\/wp-content\/uploads\/2025\/06\/2016-05-14-18.49.28-scaled.jpeg\",\"width\":2560,\"height\":1920},{\"@type\":\"BreadcrumbList\",\"@id\":\"https:\/\/indehei.nl\/de\/reservieren\/pizza-workshop\/#breadcrumb\",\"itemListElement\":[{\"@type\":\"ListItem\",\"position\":1,\"name\":\"Home\",\"item\":\"https:\/\/indehei.nl\/de\/\"},{\"@type\":\"ListItem\",\"position\":2,\"name\":\"Reservieren\",\"item\":\"https:\/\/indehei.nl\/de\/reservieren\/\"},{\"@type\":\"ListItem\",\"position\":3,\"name\":\"Pizza workshop\"}]},{\"@type\":\"WebSite\",\"@id\":\"https:\/\/indehei.nl\/de\/#website\",\"url\":\"https:\/\/indehei.nl\/de\/\",\"name\":\"In de Hei\",\"description\":\"Alpaca&#039;s, lunch, overnachten, vergaderen - Landelijk genieten\",\"publisher\":{\"@id\":\"https:\/\/indehei.nl\/de\/#organization\"},\"potentialAction\":[{\"@type\":\"SearchAction\",\"target\":{\"@type\":\"EntryPoint\",\"urlTemplate\":\"https:\/\/indehei.nl\/de\/?s={search_term_string}\"},\"query-input\":{\"@type\":\"PropertyValueSpecification\",\"valueRequired\":true,\"valueName\":\"search_term_string\"}}],\"inLanguage\":\"de\"},{\"@type\":\"Organization\",\"@id\":\"https:\/\/indehei.nl\/de\/#organization\",\"name\":\"In de Hei\",\"url\":\"https:\/\/indehei.nl\/de\/\",\"logo\":{\"@type\":\"ImageObject\",\"inLanguage\":\"de\",\"@id\":\"https:\/\/indehei.nl\/de\/#\/schema\/logo\/image\/\",\"url\":\"https:\/\/indehei.nl\/wp-content\/uploads\/2025\/04\/IndeHei_2024_ORG_DEF.svg\",\"contentUrl\":\"https:\/\/indehei.nl\/wp-content\/uploads\/2025\/04\/IndeHei_2024_ORG_DEF.svg\",\"caption\":\"In de Hei\"},\"image\":{\"@id\":\"https:\/\/indehei.nl\/de\/#\/schema\/logo\/image\/\"}}]}<\/script>\n<!-- \/ Yoast SEO plugin. -->","yoast_head_json":{"title":"Pizza workshop - In de Hei","robots":{"index":"index","follow":"follow","max-snippet":"max-snippet:-1","max-image-preview":"max-image-preview:large","max-video-preview":"max-video-preview:-1"},"canonical":"https:\/\/indehei.nl\/de\/reservieren\/pizza-workshop\/","og_locale":"de_DE","og_type":"article","og_title":"Pizza workshop - In de Hei","og_description":"Bringen Sie einen Hauch von Italien in die Brabanter Landschaft und kreieren Sie Ihre eigene Pizza mit einer gro\u00dfen Auswahl an regionalen Produkten. Sie backen Ihre Kreation in unserer authentischen Feldscheune im Holzofen \u2013 ganz nach Ihrem Geschmack. Abgerundet wird das Erlebnis mit einem \u00fcberraschenden Dessert: gegrillter Ananas. Guten Appetit!   Kosten: 17,50 \u20ac pro Person M\u00f6glich ab 20 Personen","og_url":"https:\/\/indehei.nl\/de\/reservieren\/pizza-workshop\/","og_site_name":"In de Hei","og_image":[{"width":2560,"height":1920,"url":"https:\/\/indehei.nl\/wp-content\/uploads\/2025\/06\/2016-05-14-18.49.28-scaled.jpeg","type":"image\/jpeg"}],"twitter_card":"summary_large_image","twitter_misc":{"Gesch\u00e4tzte Lesezeit":"1\u00a0Minute"},"schema":{"@context":"https:\/\/schema.org","@graph":[{"@type":"WebPage","@id":"https:\/\/indehei.nl\/de\/reservieren\/pizza-workshop\/","url":"https:\/\/indehei.nl\/de\/reservieren\/pizza-workshop\/","name":"Pizza workshop - In de Hei","isPartOf":{"@id":"https:\/\/indehei.nl\/de\/#website"},"primaryImageOfPage":{"@id":"https:\/\/indehei.nl\/de\/reservieren\/pizza-workshop\/#primaryimage"},"image":{"@id":"https:\/\/indehei.nl\/de\/reservieren\/pizza-workshop\/#primaryimage"},"thumbnailUrl":"https:\/\/indehei.nl\/wp-content\/uploads\/2025\/06\/2016-05-14-18.49.28-scaled.jpeg","datePublished":"2025-06-13T13:50:58+00:00","breadcrumb":{"@id":"https:\/\/indehei.nl\/de\/reservieren\/pizza-workshop\/#breadcrumb"},"inLanguage":"de","potentialAction":[{"@type":"ReadAction","target":["https:\/\/indehei.nl\/de\/reservieren\/pizza-workshop\/"]}]},{"@type":"ImageObject","inLanguage":"de","@id":"https:\/\/indehei.nl\/de\/reservieren\/pizza-workshop\/#primaryimage","url":"https:\/\/indehei.nl\/wp-content\/uploads\/2025\/06\/2016-05-14-18.49.28-scaled.jpeg","contentUrl":"https:\/\/indehei.nl\/wp-content\/uploads\/2025\/06\/2016-05-14-18.49.28-scaled.jpeg","width":2560,"height":1920},{"@type":"BreadcrumbList","@id":"https:\/\/indehei.nl\/de\/reservieren\/pizza-workshop\/#breadcrumb","itemListElement":[{"@type":"ListItem","position":1,"name":"Home","item":"https:\/\/indehei.nl\/de\/"},{"@type":"ListItem","position":2,"name":"Reservieren","item":"https:\/\/indehei.nl\/de\/reservieren\/"},{"@type":"ListItem","position":3,"name":"Pizza workshop"}]},{"@type":"WebSite","@id":"https:\/\/indehei.nl\/de\/#website","url":"https:\/\/indehei.nl\/de\/","name":"In de Hei","description":"Alpaca&#039;s, lunch, overnachten, vergaderen - Landelijk genieten","publisher":{"@id":"https:\/\/indehei.nl\/de\/#organization"},"potentialAction":[{"@type":"SearchAction","target":{"@type":"EntryPoint","urlTemplate":"https:\/\/indehei.nl\/de\/?s={search_term_string}"},"query-input":{"@type":"PropertyValueSpecification","valueRequired":true,"valueName":"search_term_string"}}],"inLanguage":"de"},{"@type":"Organization","@id":"https:\/\/indehei.nl\/de\/#organization","name":"In de Hei","url":"https:\/\/indehei.nl\/de\/","logo":{"@type":"ImageObject","inLanguage":"de","@id":"https:\/\/indehei.nl\/de\/#\/schema\/logo\/image\/","url":"https:\/\/indehei.nl\/wp-content\/uploads\/2025\/04\/IndeHei_2024_ORG_DEF.svg","contentUrl":"https:\/\/indehei.nl\/wp-content\/uploads\/2025\/04\/IndeHei_2024_ORG_DEF.svg","caption":"In de Hei"},"image":{"@id":"https:\/\/indehei.nl\/de\/#\/schema\/logo\/image\/"}}]}},"_links":{"self":[{"href":"https:\/\/indehei.nl\/de\/wp-json\/wp\/v2\/product\/3359","targetHints":{"allow":["GET"]}}],"collection":[{"href":"https:\/\/indehei.nl\/de\/wp-json\/wp\/v2\/product"}],"about":[{"href":"https:\/\/indehei.nl\/de\/wp-json\/wp\/v2\/types\/product"}],"replies":[{"embeddable":true,"href":"https:\/\/indehei.nl\/de\/wp-json\/wp\/v2\/comments?post=3359"}],"wp:featuredmedia":[{"embeddable":true,"href":"https:\/\/indehei.nl\/de\/wp-json\/wp\/v2\/media\/2817"}],"wp:attachment":[{"href":"https:\/\/indehei.nl\/de\/wp-json\/wp\/v2\/media?parent=3359"}],"wp:term":[{"taxonomy":"product_brand","embeddable":true,"href":"https:\/\/indehei.nl\/de\/wp-json\/wp\/v2\/product_brand?post=3359"},{"taxonomy":"product_cat","embeddable":true,"href":"https:\/\/indehei.nl\/de\/wp-json\/wp\/v2\/product_cat?post=3359"},{"taxonomy":"product_tag","embeddable":true,"href":"https:\/\/indehei.nl\/de\/wp-json\/wp\/v2\/product_tag?post=3359"}],"curies":[{"name":"wp","href":"https:\/\/api.w.org\/{rel}","templated":true}]}}