{"id":3361,"date":"2025-06-13T16:00:26","date_gmt":"2025-06-13T14:00:26","guid":{"rendered":"https:\/\/indehei.nl\/reserveren\/unkategorisiert\/barbecue\/"},"modified":"2025-06-13T16:00:26","modified_gmt":"2025-06-13T14:00:26","slug":"barbecue","status":"publish","type":"product","link":"https:\/\/indehei.nl\/de\/reservieren\/barbecue\/","title":{"rendered":"Barbecue"},"content":{"rendered":"<p>Erlebt ein geschmackvolles und geselliges Barbecue in Mariahout, mitten in der Ruhe und Sch\u00f6nheit der brabantischen Natur. Unsere Grillabende finden an einem stimmungsvollen Ort im Freien statt, umgeben von viel Gr\u00fcn und zwitschernden V\u00f6geln. Hier k\u00f6nnt ihr in aller Ruhe gutes Essen, nette Gesellschaft und die entspannte Atmosph\u00e4re des Landlebens genie\u00dfen.  <\/p>\n<p>Grillen bei In de Hei ist immer ein voller Erfolg, egal, ob ihr mit Freunden, der Familie oder Kollegen kommt. Beim gemeinsamen Grillen, Probieren und Genie\u00dfen sorgen wir f\u00fcr echte Verbindung und Gem\u00fctlichkeit. Ihr erhaltet bei uns ein Arrangement mit f\u00fcnf verschiedenen Fleischsorten, frischen Salaten, Baguette, Kr\u00e4uterbutter und Getr\u00e4nken.  <\/p>\n<p>Habt ihr besondere W\u00fcnsche oder Ern\u00e4hrungsvorlieben wie vegetarisch, glutenfrei oder Allergien? Gebt uns Bescheid, wir gehen gerne auf eure Bed\u00fcrfnisse ein! Unsere Barbecues sind der ideale Abschluss eines aktiven Tages, als Programmpunkt bei einem Teamausflug oder einfach f\u00fcr ein geselliges Beisammensein.  <\/p>\n","protected":false},"excerpt":{"rendered":"<p>Genie\u00dfen Sie ein k\u00f6stliches Barbecue in Mariahout! Die Grillabende finden in einer charmanten Umgebung, umgeben von Natur und Ruhe, statt. Entspannen Sie hier mit Freunden, Familie oder Kollegen. Gemeinsames Grillen und Essen ist immer ein Erfolg! Sie erhalten ein leckeres Grillpaket mit f\u00fcnf verschiedenen Fleischsorten, Salaten, Baguettes, Kr\u00e4uterbutter und Getr\u00e4nken.    <\/p>\n<p>Habt ihr besondere W\u00fcnsche oder spezielle Ern\u00e4hrungsw\u00fcnsche? Sprechen Sie uns gerne an, wir erstellen gerne ein passendes Paket f\u00fcr Sie und Ihre Gruppe. Perfekt f\u00fcr einen gem\u00fctlichen Nachmittag oder Abend im Freien!  <\/p>\n","protected":false},"featured_media":1843,"comment_status":"closed","ping_status":"closed","template":"","meta":{"_acf_changed":false},"product_brand":[],"product_cat":[46],"product_tag":[],"class_list":{"0":"post-3361","1":"product","2":"type-product","3":"status-publish","4":"has-post-thumbnail","6":"product_cat-aktivitaten","8":"first","9":"instock","10":"taxable","11":"shipping-taxable","12":"product-type-simple"},"acf":[],"yoast_head":"<!-- This site is optimized with the Yoast SEO plugin v26.7 - https:\/\/yoast.com\/wordpress\/plugins\/seo\/ -->\n<title>Barbecue - In de Hei<\/title>\n<meta name=\"robots\" content=\"index, follow, max-snippet:-1, max-image-preview:large, max-video-preview:-1\" \/>\n<link rel=\"canonical\" href=\"https:\/\/indehei.nl\/de\/reservieren\/barbecue\/\" \/>\n<meta property=\"og:locale\" content=\"de_DE\" \/>\n<meta property=\"og:type\" content=\"article\" \/>\n<meta property=\"og:title\" content=\"Barbecue - In de Hei\" \/>\n<meta property=\"og:description\" content=\"Genie\u00dfen Sie ein k\u00f6stliches Barbecue in Mariahout! Die Grillabende finden in einer charmanten Umgebung, umgeben von Natur und Ruhe, statt. Entspannen Sie hier mit Freunden, Familie oder Kollegen. Gemeinsames Grillen und Essen ist immer ein Erfolg! Sie erhalten ein leckeres Grillpaket mit f\u00fcnf verschiedenen Fleischsorten, Salaten, Baguettes, Kr\u00e4uterbutter und Getr\u00e4nken.   Habt ihr besondere W\u00fcnsche oder spezielle Ern\u00e4hrungsw\u00fcnsche? Sprechen Sie uns gerne an, wir erstellen gerne ein passendes Paket f\u00fcr Sie und Ihre Gruppe. Perfekt f\u00fcr einen gem\u00fctlichen Nachmittag oder Abend im Freien!\" \/>\n<meta property=\"og:url\" content=\"https:\/\/indehei.nl\/de\/reservieren\/barbecue\/\" \/>\n<meta property=\"og:site_name\" content=\"In de Hei\" \/>\n<meta property=\"og:image\" content=\"https:\/\/indehei.nl\/wp-content\/uploads\/2025\/06\/IMG_5833-1920x1440-1.jpg\" \/>\n\t<meta property=\"og:image:width\" content=\"1920\" \/>\n\t<meta property=\"og:image:height\" content=\"1440\" \/>\n\t<meta property=\"og:image:type\" content=\"image\/jpeg\" \/>\n<meta name=\"twitter:card\" content=\"summary_large_image\" \/>\n<meta name=\"twitter:label1\" content=\"Gesch\u00e4tzte Lesezeit\" \/>\n\t<meta name=\"twitter:data1\" content=\"1\u00a0Minute\" \/>\n<script type=\"application\/ld+json\" class=\"yoast-schema-graph\">{\"@context\":\"https:\/\/schema.org\",\"@graph\":[{\"@type\":\"WebPage\",\"@id\":\"https:\/\/indehei.nl\/de\/reservieren\/barbecue\/\",\"url\":\"https:\/\/indehei.nl\/de\/reservieren\/barbecue\/\",\"name\":\"Barbecue - In de Hei\",\"isPartOf\":{\"@id\":\"https:\/\/indehei.nl\/de\/#website\"},\"primaryImageOfPage\":{\"@id\":\"https:\/\/indehei.nl\/de\/reservieren\/barbecue\/#primaryimage\"},\"image\":{\"@id\":\"https:\/\/indehei.nl\/de\/reservieren\/barbecue\/#primaryimage\"},\"thumbnailUrl\":\"https:\/\/indehei.nl\/wp-content\/uploads\/2025\/06\/IMG_5833-1920x1440-1.jpg\",\"datePublished\":\"2025-06-13T14:00:26+00:00\",\"breadcrumb\":{\"@id\":\"https:\/\/indehei.nl\/de\/reservieren\/barbecue\/#breadcrumb\"},\"inLanguage\":\"de\",\"potentialAction\":[{\"@type\":\"ReadAction\",\"target\":[\"https:\/\/indehei.nl\/de\/reservieren\/barbecue\/\"]}]},{\"@type\":\"ImageObject\",\"inLanguage\":\"de\",\"@id\":\"https:\/\/indehei.nl\/de\/reservieren\/barbecue\/#primaryimage\",\"url\":\"https:\/\/indehei.nl\/wp-content\/uploads\/2025\/06\/IMG_5833-1920x1440-1.jpg\",\"contentUrl\":\"https:\/\/indehei.nl\/wp-content\/uploads\/2025\/06\/IMG_5833-1920x1440-1.jpg\",\"width\":1920,\"height\":1440},{\"@type\":\"BreadcrumbList\",\"@id\":\"https:\/\/indehei.nl\/de\/reservieren\/barbecue\/#breadcrumb\",\"itemListElement\":[{\"@type\":\"ListItem\",\"position\":1,\"name\":\"Home\",\"item\":\"https:\/\/indehei.nl\/de\/\"},{\"@type\":\"ListItem\",\"position\":2,\"name\":\"Reservieren\",\"item\":\"https:\/\/indehei.nl\/de\/reservieren\/\"},{\"@type\":\"ListItem\",\"position\":3,\"name\":\"Barbecue\"}]},{\"@type\":\"WebSite\",\"@id\":\"https:\/\/indehei.nl\/de\/#website\",\"url\":\"https:\/\/indehei.nl\/de\/\",\"name\":\"In de Hei\",\"description\":\"Alpaca&#039;s, lunch, overnachten, vergaderen - Landelijk genieten\",\"publisher\":{\"@id\":\"https:\/\/indehei.nl\/de\/#organization\"},\"potentialAction\":[{\"@type\":\"SearchAction\",\"target\":{\"@type\":\"EntryPoint\",\"urlTemplate\":\"https:\/\/indehei.nl\/de\/?s={search_term_string}\"},\"query-input\":{\"@type\":\"PropertyValueSpecification\",\"valueRequired\":true,\"valueName\":\"search_term_string\"}}],\"inLanguage\":\"de\"},{\"@type\":\"Organization\",\"@id\":\"https:\/\/indehei.nl\/de\/#organization\",\"name\":\"In de Hei\",\"url\":\"https:\/\/indehei.nl\/de\/\",\"logo\":{\"@type\":\"ImageObject\",\"inLanguage\":\"de\",\"@id\":\"https:\/\/indehei.nl\/de\/#\/schema\/logo\/image\/\",\"url\":\"https:\/\/indehei.nl\/wp-content\/uploads\/2025\/04\/IndeHei_2024_ORG_DEF.svg\",\"contentUrl\":\"https:\/\/indehei.nl\/wp-content\/uploads\/2025\/04\/IndeHei_2024_ORG_DEF.svg\",\"caption\":\"In de Hei\"},\"image\":{\"@id\":\"https:\/\/indehei.nl\/de\/#\/schema\/logo\/image\/\"}}]}<\/script>\n<!-- \/ Yoast SEO plugin. -->","yoast_head_json":{"title":"Barbecue - In de Hei","robots":{"index":"index","follow":"follow","max-snippet":"max-snippet:-1","max-image-preview":"max-image-preview:large","max-video-preview":"max-video-preview:-1"},"canonical":"https:\/\/indehei.nl\/de\/reservieren\/barbecue\/","og_locale":"de_DE","og_type":"article","og_title":"Barbecue - In de Hei","og_description":"Genie\u00dfen Sie ein k\u00f6stliches Barbecue in Mariahout! Die Grillabende finden in einer charmanten Umgebung, umgeben von Natur und Ruhe, statt. Entspannen Sie hier mit Freunden, Familie oder Kollegen. Gemeinsames Grillen und Essen ist immer ein Erfolg! Sie erhalten ein leckeres Grillpaket mit f\u00fcnf verschiedenen Fleischsorten, Salaten, Baguettes, Kr\u00e4uterbutter und Getr\u00e4nken.   Habt ihr besondere W\u00fcnsche oder spezielle Ern\u00e4hrungsw\u00fcnsche? Sprechen Sie uns gerne an, wir erstellen gerne ein passendes Paket f\u00fcr Sie und Ihre Gruppe. Perfekt f\u00fcr einen gem\u00fctlichen Nachmittag oder Abend im Freien!","og_url":"https:\/\/indehei.nl\/de\/reservieren\/barbecue\/","og_site_name":"In de Hei","og_image":[{"width":1920,"height":1440,"url":"https:\/\/indehei.nl\/wp-content\/uploads\/2025\/06\/IMG_5833-1920x1440-1.jpg","type":"image\/jpeg"}],"twitter_card":"summary_large_image","twitter_misc":{"Gesch\u00e4tzte Lesezeit":"1\u00a0Minute"},"schema":{"@context":"https:\/\/schema.org","@graph":[{"@type":"WebPage","@id":"https:\/\/indehei.nl\/de\/reservieren\/barbecue\/","url":"https:\/\/indehei.nl\/de\/reservieren\/barbecue\/","name":"Barbecue - In de Hei","isPartOf":{"@id":"https:\/\/indehei.nl\/de\/#website"},"primaryImageOfPage":{"@id":"https:\/\/indehei.nl\/de\/reservieren\/barbecue\/#primaryimage"},"image":{"@id":"https:\/\/indehei.nl\/de\/reservieren\/barbecue\/#primaryimage"},"thumbnailUrl":"https:\/\/indehei.nl\/wp-content\/uploads\/2025\/06\/IMG_5833-1920x1440-1.jpg","datePublished":"2025-06-13T14:00:26+00:00","breadcrumb":{"@id":"https:\/\/indehei.nl\/de\/reservieren\/barbecue\/#breadcrumb"},"inLanguage":"de","potentialAction":[{"@type":"ReadAction","target":["https:\/\/indehei.nl\/de\/reservieren\/barbecue\/"]}]},{"@type":"ImageObject","inLanguage":"de","@id":"https:\/\/indehei.nl\/de\/reservieren\/barbecue\/#primaryimage","url":"https:\/\/indehei.nl\/wp-content\/uploads\/2025\/06\/IMG_5833-1920x1440-1.jpg","contentUrl":"https:\/\/indehei.nl\/wp-content\/uploads\/2025\/06\/IMG_5833-1920x1440-1.jpg","width":1920,"height":1440},{"@type":"BreadcrumbList","@id":"https:\/\/indehei.nl\/de\/reservieren\/barbecue\/#breadcrumb","itemListElement":[{"@type":"ListItem","position":1,"name":"Home","item":"https:\/\/indehei.nl\/de\/"},{"@type":"ListItem","position":2,"name":"Reservieren","item":"https:\/\/indehei.nl\/de\/reservieren\/"},{"@type":"ListItem","position":3,"name":"Barbecue"}]},{"@type":"WebSite","@id":"https:\/\/indehei.nl\/de\/#website","url":"https:\/\/indehei.nl\/de\/","name":"In de Hei","description":"Alpaca&#039;s, lunch, overnachten, vergaderen - Landelijk genieten","publisher":{"@id":"https:\/\/indehei.nl\/de\/#organization"},"potentialAction":[{"@type":"SearchAction","target":{"@type":"EntryPoint","urlTemplate":"https:\/\/indehei.nl\/de\/?s={search_term_string}"},"query-input":{"@type":"PropertyValueSpecification","valueRequired":true,"valueName":"search_term_string"}}],"inLanguage":"de"},{"@type":"Organization","@id":"https:\/\/indehei.nl\/de\/#organization","name":"In de Hei","url":"https:\/\/indehei.nl\/de\/","logo":{"@type":"ImageObject","inLanguage":"de","@id":"https:\/\/indehei.nl\/de\/#\/schema\/logo\/image\/","url":"https:\/\/indehei.nl\/wp-content\/uploads\/2025\/04\/IndeHei_2024_ORG_DEF.svg","contentUrl":"https:\/\/indehei.nl\/wp-content\/uploads\/2025\/04\/IndeHei_2024_ORG_DEF.svg","caption":"In de Hei"},"image":{"@id":"https:\/\/indehei.nl\/de\/#\/schema\/logo\/image\/"}}]}},"_links":{"self":[{"href":"https:\/\/indehei.nl\/de\/wp-json\/wp\/v2\/product\/3361","targetHints":{"allow":["GET"]}}],"collection":[{"href":"https:\/\/indehei.nl\/de\/wp-json\/wp\/v2\/product"}],"about":[{"href":"https:\/\/indehei.nl\/de\/wp-json\/wp\/v2\/types\/product"}],"replies":[{"embeddable":true,"href":"https:\/\/indehei.nl\/de\/wp-json\/wp\/v2\/comments?post=3361"}],"wp:featuredmedia":[{"embeddable":true,"href":"https:\/\/indehei.nl\/de\/wp-json\/wp\/v2\/media\/1843"}],"wp:attachment":[{"href":"https:\/\/indehei.nl\/de\/wp-json\/wp\/v2\/media?parent=3361"}],"wp:term":[{"taxonomy":"product_brand","embeddable":true,"href":"https:\/\/indehei.nl\/de\/wp-json\/wp\/v2\/product_brand?post=3361"},{"taxonomy":"product_cat","embeddable":true,"href":"https:\/\/indehei.nl\/de\/wp-json\/wp\/v2\/product_cat?post=3361"},{"taxonomy":"product_tag","embeddable":true,"href":"https:\/\/indehei.nl\/de\/wp-json\/wp\/v2\/product_tag?post=3361"}],"curies":[{"name":"wp","href":"https:\/\/api.w.org\/{rel}","templated":true}]}}