{"id":3363,"date":"2025-05-22T15:50:53","date_gmt":"2025-05-22T13:50:53","guid":{"rendered":"https:\/\/indehei.nl\/reserveren\/unkategorisiert\/alpaka-wanderung\/"},"modified":"2025-07-31T11:33:11","modified_gmt":"2025-07-31T09:33:11","slug":"alpaka-wanderung","status":"publish","type":"product","link":"https:\/\/indehei.nl\/de\/reservieren\/alpaka-wanderung\/","title":{"rendered":"Alpaka-Wanderung"},"content":{"rendered":"<p>Lass den Alltagsstress hinter dir und entschleunige bei einer einzigartigen Wanderung mit Alpakas bei In de Hei.<\/p>\n<p>Unter Begleitung eines erfahrenen Guides lernst du diese sanftm\u00fctigen Tiere kennen und nach einer kurzen Einf\u00fchrung geht ihr gemeinsam los, raus in die Natur! Eine Buchung ist ab zwei Personen m\u00f6glich. Pro zwei Personen f\u00fchrst du dein eigenes Alpaka und spazierst in gem\u00fctlichem Tempo durch die Brabanter Landschaft. Die gew\u00e4hlte Route dauert etwa anderthalb Stunden. W\u00e4hrenddessen erf\u00e4hrst du viele interessante und lehrreiche Fakten \u00fcber das Alpaka und seine au\u00dfergew\u00f6hnlich weiche Wolle.<\/p>\n<p>Die Wanderung ist f\u00fcr Jung und Alt geeignet. Kinder zwischen 3 und 12 Jahren m\u00fcssen von einem zahlenden Erwachsenen begleitet werden. Kinder unter 3 Jahren d\u00fcrfen kostenlos mitkommen, aber beachte bitte, dass der Wanderweg nicht f\u00fcr Kinderwagen oder Buggys geeignet ist. Daher empfehlen wir ein Tragetuch oder eine Babytrage.<\/p>\n<p>Damit alles reibungslos abl\u00e4uft, bitten wir dich, 15 Minuten vor Beginn anwesend zu sein. Die Wanderung startet um 13:30 Uhr. Es ist eine tolle Aktivit\u00e4t, aber auch eine wohltuende Erfahrung, die dir lange in Erinnerung bleiben wird.<\/p>\n<p><strong class=\"prijs-in-content\"><em>Kosten: 20 \u20ac pro Person<\/em><\/strong><br \/>\n<strong class=\"aantal-personen\"><em>Mindestens 2 Personen, maximal 20 Personen<\/em><\/strong><\/p>\n","protected":false},"excerpt":{"rendered":"<p>Entfliehen Sie dem Alltag und begleiten Sie unsere geliebten Brabanter Alpakas auf einem Spaziergang. Nach einer kurzen Einf\u00fchrung f\u00fchrt Sie unser Guide auf eine 90-min\u00fctige Wanderung mit jeweils einem Alpaka pro zwei bis drei Personen. Unterwegs erfahren Sie viel Wissenswertes \u00fcber diese besonderen Tiere und ihre weiche, kostbare Wolle. Der Spaziergang ist f\u00fcr jedes Alter geeignet. Bitte beachten Sie, dass Kinder von 3 bis 12 Jahren immer von einem zahlenden Erwachsenen begleitet werden m\u00fcssen. Kinder unter 3 Jahren haben freien Eintritt, bringen aber bitte eine Babytrage mit. Der Weg ist nicht kinderwagentauglich.<\/p>\n<p><strong class=\"prijs-in-content\"><em>Kosten: 20 \u20ac pro Person<\/em><\/strong><br \/>\n<strong class=\"aantal-personen\"><em>Mindestens 2 Personen, maximal 20 Personen<\/em><\/strong><\/p>\n","protected":false},"featured_media":2838,"comment_status":"closed","ping_status":"closed","template":"","meta":{"_acf_changed":false},"product_brand":[],"product_cat":[46,48],"product_tag":[],"class_list":{"0":"post-3363","1":"product","2":"type-product","3":"status-publish","4":"has-post-thumbnail","6":"product_cat-aktivitaten","7":"product_cat-alpakas","9":"first","10":"instock","11":"virtual","12":"sold-individually","13":"taxable","14":"purchasable","15":"product-type-booking"},"acf":[],"yoast_head":"<!-- This site is optimized with the Yoast SEO plugin v26.7 - https:\/\/yoast.com\/wordpress\/plugins\/seo\/ -->\n<title>Alpaka-Wanderung - In de Hei<\/title>\n<meta name=\"robots\" content=\"index, follow, max-snippet:-1, max-image-preview:large, max-video-preview:-1\" \/>\n<link rel=\"canonical\" href=\"https:\/\/indehei.nl\/de\/reservieren\/alpaka-wanderung\/\" \/>\n<meta property=\"og:locale\" content=\"de_DE\" \/>\n<meta property=\"og:type\" content=\"article\" \/>\n<meta property=\"og:title\" content=\"Alpaka-Wanderung - In de Hei\" \/>\n<meta property=\"og:description\" content=\"Entfliehen Sie dem Alltag und begleiten Sie unsere geliebten Brabanter Alpakas auf einem Spaziergang. Nach einer kurzen Einf\u00fchrung f\u00fchrt Sie unser Guide auf eine 90-min\u00fctige Wanderung mit jeweils einem Alpaka pro zwei bis drei Personen. Unterwegs erfahren Sie viel Wissenswertes \u00fcber diese besonderen Tiere und ihre weiche, kostbare Wolle. Der Spaziergang ist f\u00fcr jedes Alter geeignet. Bitte beachten Sie, dass Kinder von 3 bis 12 Jahren immer von einem zahlenden Erwachsenen begleitet werden m\u00fcssen. Kinder unter 3 Jahren haben freien Eintritt, bringen aber bitte eine Babytrage mit. Der Weg ist nicht kinderwagentauglich.  Kosten: 20 \u20ac pro Person Mindestens 2 Personen, maximal 20 Personen\" \/>\n<meta property=\"og:url\" content=\"https:\/\/indehei.nl\/de\/reservieren\/alpaka-wanderung\/\" \/>\n<meta property=\"og:site_name\" content=\"In de Hei\" \/>\n<meta property=\"article:modified_time\" content=\"2025-07-31T09:33:11+00:00\" \/>\n<meta name=\"twitter:card\" content=\"summary_large_image\" \/>\n<meta name=\"twitter:label1\" content=\"Gesch\u00e4tzte Lesezeit\" \/>\n\t<meta name=\"twitter:data1\" content=\"1\u00a0Minute\" \/>\n<script type=\"application\/ld+json\" class=\"yoast-schema-graph\">{\"@context\":\"https:\/\/schema.org\",\"@graph\":[{\"@type\":\"WebPage\",\"@id\":\"https:\/\/indehei.nl\/de\/reservieren\/alpaka-wanderung\/\",\"url\":\"https:\/\/indehei.nl\/de\/reservieren\/alpaka-wanderung\/\",\"name\":\"Alpaka-Wanderung - In de Hei\",\"isPartOf\":{\"@id\":\"https:\/\/indehei.nl\/de\/#website\"},\"primaryImageOfPage\":{\"@id\":\"https:\/\/indehei.nl\/de\/reservieren\/alpaka-wanderung\/#primaryimage\"},\"image\":{\"@id\":\"https:\/\/indehei.nl\/de\/reservieren\/alpaka-wanderung\/#primaryimage\"},\"thumbnailUrl\":\"https:\/\/indehei.nl\/wp-content\/uploads\/2025\/06\/In-de-Hei-Overig-IMG_8050.jpg\",\"datePublished\":\"2025-05-22T13:50:53+00:00\",\"dateModified\":\"2025-07-31T09:33:11+00:00\",\"breadcrumb\":{\"@id\":\"https:\/\/indehei.nl\/de\/reservieren\/alpaka-wanderung\/#breadcrumb\"},\"inLanguage\":\"de\",\"potentialAction\":[{\"@type\":\"ReadAction\",\"target\":[\"https:\/\/indehei.nl\/de\/reservieren\/alpaka-wanderung\/\"]}]},{\"@type\":\"ImageObject\",\"inLanguage\":\"de\",\"@id\":\"https:\/\/indehei.nl\/de\/reservieren\/alpaka-wanderung\/#primaryimage\",\"url\":\"https:\/\/indehei.nl\/wp-content\/uploads\/2025\/06\/In-de-Hei-Overig-IMG_8050.jpg\",\"contentUrl\":\"https:\/\/indehei.nl\/wp-content\/uploads\/2025\/06\/In-de-Hei-Overig-IMG_8050.jpg\",\"width\":1280,\"height\":960},{\"@type\":\"BreadcrumbList\",\"@id\":\"https:\/\/indehei.nl\/de\/reservieren\/alpaka-wanderung\/#breadcrumb\",\"itemListElement\":[{\"@type\":\"ListItem\",\"position\":1,\"name\":\"Home\",\"item\":\"https:\/\/indehei.nl\/de\/\"},{\"@type\":\"ListItem\",\"position\":2,\"name\":\"Reservieren\",\"item\":\"https:\/\/indehei.nl\/de\/reservieren\/\"},{\"@type\":\"ListItem\",\"position\":3,\"name\":\"Alpaka-Wanderung\"}]},{\"@type\":\"WebSite\",\"@id\":\"https:\/\/indehei.nl\/de\/#website\",\"url\":\"https:\/\/indehei.nl\/de\/\",\"name\":\"In de Hei\",\"description\":\"Alpaca&#039;s, lunch, overnachten, vergaderen - Landelijk genieten\",\"publisher\":{\"@id\":\"https:\/\/indehei.nl\/de\/#organization\"},\"potentialAction\":[{\"@type\":\"SearchAction\",\"target\":{\"@type\":\"EntryPoint\",\"urlTemplate\":\"https:\/\/indehei.nl\/de\/?s={search_term_string}\"},\"query-input\":{\"@type\":\"PropertyValueSpecification\",\"valueRequired\":true,\"valueName\":\"search_term_string\"}}],\"inLanguage\":\"de\"},{\"@type\":\"Organization\",\"@id\":\"https:\/\/indehei.nl\/de\/#organization\",\"name\":\"In de Hei\",\"url\":\"https:\/\/indehei.nl\/de\/\",\"logo\":{\"@type\":\"ImageObject\",\"inLanguage\":\"de\",\"@id\":\"https:\/\/indehei.nl\/de\/#\/schema\/logo\/image\/\",\"url\":\"https:\/\/indehei.nl\/wp-content\/uploads\/2025\/04\/IndeHei_2024_ORG_DEF.svg\",\"contentUrl\":\"https:\/\/indehei.nl\/wp-content\/uploads\/2025\/04\/IndeHei_2024_ORG_DEF.svg\",\"caption\":\"In de Hei\"},\"image\":{\"@id\":\"https:\/\/indehei.nl\/de\/#\/schema\/logo\/image\/\"}}]}<\/script>\n<!-- \/ Yoast SEO plugin. -->","yoast_head_json":{"title":"Alpaka-Wanderung - In de Hei","robots":{"index":"index","follow":"follow","max-snippet":"max-snippet:-1","max-image-preview":"max-image-preview:large","max-video-preview":"max-video-preview:-1"},"canonical":"https:\/\/indehei.nl\/de\/reservieren\/alpaka-wanderung\/","og_locale":"de_DE","og_type":"article","og_title":"Alpaka-Wanderung - In de Hei","og_description":"Entfliehen Sie dem Alltag und begleiten Sie unsere geliebten Brabanter Alpakas auf einem Spaziergang. Nach einer kurzen Einf\u00fchrung f\u00fchrt Sie unser Guide auf eine 90-min\u00fctige Wanderung mit jeweils einem Alpaka pro zwei bis drei Personen. Unterwegs erfahren Sie viel Wissenswertes \u00fcber diese besonderen Tiere und ihre weiche, kostbare Wolle. Der Spaziergang ist f\u00fcr jedes Alter geeignet. Bitte beachten Sie, dass Kinder von 3 bis 12 Jahren immer von einem zahlenden Erwachsenen begleitet werden m\u00fcssen. Kinder unter 3 Jahren haben freien Eintritt, bringen aber bitte eine Babytrage mit. Der Weg ist nicht kinderwagentauglich.  Kosten: 20 \u20ac pro Person Mindestens 2 Personen, maximal 20 Personen","og_url":"https:\/\/indehei.nl\/de\/reservieren\/alpaka-wanderung\/","og_site_name":"In de Hei","article_modified_time":"2025-07-31T09:33:11+00:00","twitter_card":"summary_large_image","twitter_misc":{"Gesch\u00e4tzte Lesezeit":"1\u00a0Minute"},"schema":{"@context":"https:\/\/schema.org","@graph":[{"@type":"WebPage","@id":"https:\/\/indehei.nl\/de\/reservieren\/alpaka-wanderung\/","url":"https:\/\/indehei.nl\/de\/reservieren\/alpaka-wanderung\/","name":"Alpaka-Wanderung - In de Hei","isPartOf":{"@id":"https:\/\/indehei.nl\/de\/#website"},"primaryImageOfPage":{"@id":"https:\/\/indehei.nl\/de\/reservieren\/alpaka-wanderung\/#primaryimage"},"image":{"@id":"https:\/\/indehei.nl\/de\/reservieren\/alpaka-wanderung\/#primaryimage"},"thumbnailUrl":"https:\/\/indehei.nl\/wp-content\/uploads\/2025\/06\/In-de-Hei-Overig-IMG_8050.jpg","datePublished":"2025-05-22T13:50:53+00:00","dateModified":"2025-07-31T09:33:11+00:00","breadcrumb":{"@id":"https:\/\/indehei.nl\/de\/reservieren\/alpaka-wanderung\/#breadcrumb"},"inLanguage":"de","potentialAction":[{"@type":"ReadAction","target":["https:\/\/indehei.nl\/de\/reservieren\/alpaka-wanderung\/"]}]},{"@type":"ImageObject","inLanguage":"de","@id":"https:\/\/indehei.nl\/de\/reservieren\/alpaka-wanderung\/#primaryimage","url":"https:\/\/indehei.nl\/wp-content\/uploads\/2025\/06\/In-de-Hei-Overig-IMG_8050.jpg","contentUrl":"https:\/\/indehei.nl\/wp-content\/uploads\/2025\/06\/In-de-Hei-Overig-IMG_8050.jpg","width":1280,"height":960},{"@type":"BreadcrumbList","@id":"https:\/\/indehei.nl\/de\/reservieren\/alpaka-wanderung\/#breadcrumb","itemListElement":[{"@type":"ListItem","position":1,"name":"Home","item":"https:\/\/indehei.nl\/de\/"},{"@type":"ListItem","position":2,"name":"Reservieren","item":"https:\/\/indehei.nl\/de\/reservieren\/"},{"@type":"ListItem","position":3,"name":"Alpaka-Wanderung"}]},{"@type":"WebSite","@id":"https:\/\/indehei.nl\/de\/#website","url":"https:\/\/indehei.nl\/de\/","name":"In de Hei","description":"Alpaca&#039;s, lunch, overnachten, vergaderen - Landelijk genieten","publisher":{"@id":"https:\/\/indehei.nl\/de\/#organization"},"potentialAction":[{"@type":"SearchAction","target":{"@type":"EntryPoint","urlTemplate":"https:\/\/indehei.nl\/de\/?s={search_term_string}"},"query-input":{"@type":"PropertyValueSpecification","valueRequired":true,"valueName":"search_term_string"}}],"inLanguage":"de"},{"@type":"Organization","@id":"https:\/\/indehei.nl\/de\/#organization","name":"In de Hei","url":"https:\/\/indehei.nl\/de\/","logo":{"@type":"ImageObject","inLanguage":"de","@id":"https:\/\/indehei.nl\/de\/#\/schema\/logo\/image\/","url":"https:\/\/indehei.nl\/wp-content\/uploads\/2025\/04\/IndeHei_2024_ORG_DEF.svg","contentUrl":"https:\/\/indehei.nl\/wp-content\/uploads\/2025\/04\/IndeHei_2024_ORG_DEF.svg","caption":"In de Hei"},"image":{"@id":"https:\/\/indehei.nl\/de\/#\/schema\/logo\/image\/"}}]}},"_links":{"self":[{"href":"https:\/\/indehei.nl\/de\/wp-json\/wp\/v2\/product\/3363","targetHints":{"allow":["GET"]}}],"collection":[{"href":"https:\/\/indehei.nl\/de\/wp-json\/wp\/v2\/product"}],"about":[{"href":"https:\/\/indehei.nl\/de\/wp-json\/wp\/v2\/types\/product"}],"replies":[{"embeddable":true,"href":"https:\/\/indehei.nl\/de\/wp-json\/wp\/v2\/comments?post=3363"}],"wp:featuredmedia":[{"embeddable":true,"href":"https:\/\/indehei.nl\/de\/wp-json\/wp\/v2\/media\/2838"}],"wp:attachment":[{"href":"https:\/\/indehei.nl\/de\/wp-json\/wp\/v2\/media?parent=3363"}],"wp:term":[{"taxonomy":"product_brand","embeddable":true,"href":"https:\/\/indehei.nl\/de\/wp-json\/wp\/v2\/product_brand?post=3363"},{"taxonomy":"product_cat","embeddable":true,"href":"https:\/\/indehei.nl\/de\/wp-json\/wp\/v2\/product_cat?post=3363"},{"taxonomy":"product_tag","embeddable":true,"href":"https:\/\/indehei.nl\/de\/wp-json\/wp\/v2\/product_tag?post=3363"}],"curies":[{"name":"wp","href":"https:\/\/api.w.org\/{rel}","templated":true}]}}