{"id":3365,"date":"2025-05-22T15:48:51","date_gmt":"2025-05-22T13:48:51","guid":{"rendered":"https:\/\/indehei.nl\/reserveren\/unkategorisiert\/alpaka-meet-feed\/"},"modified":"2025-07-31T11:28:52","modified_gmt":"2025-07-31T09:28:52","slug":"alpaka-meet-feed","status":"publish","type":"product","link":"https:\/\/indehei.nl\/de\/reservieren\/alpaka-meet-feed\/","title":{"rendered":"Alpaka Meet &amp; Feed"},"content":{"rendered":"<p>M\u00f6chtest du tolle Fotos mit unseren Alpakas machen? Dann ist das Meet &amp; Feed genau das Richtige f\u00fcr dich! Bei dieser Aktivit\u00e4t begegnest du unseren Alpakas ganz aus der N\u00e4he, und bekommst ausreichend Zeit, sie kennenzulernen. Unser Guide erz\u00e4hlt dir in einer kleinen, intimen Gruppe alles \u00fcber das Leben der Alpakas. Du erf\u00e4hrst mehr \u00fcber ihre Gewohnheiten, ihr Verhalten und nat\u00fcrlich \u00fcber die besonderen Eigenschaften ihrer weichen Wolle. Du darfst alles fragen, keine Alpaka-Frage ist zu verr\u00fcckt!<\/p>\n<p>Als besonderes Highlight darfst du die Tiere sogar selbst f\u00fcttern. Das sorgt nicht nur f\u00fcr ein sch\u00f6nes Kontaktmoment, sondern auch f\u00fcr die s\u00fc\u00dfesten Fotomotive. Das Meet &amp; Feed ist f\u00fcr jedes Alter geeignet und perfekt als kurze, unterhaltsame Aktivit\u00e4t mit Familie, Freunden oder Kolleginnen. Eine einzigartige Erfahrung, bei der du nicht nur sch\u00f6ne Erinnerungen festh\u00e4ltst, sondern auch wirklich etwas \u00fcber diese freundlichen Tiere lernst.<\/p>\n<p><em class=\"prijs-in-content\"><strong>Kosten: 10 \u20ac pro Person<\/strong><\/em><br \/>\n<em class=\"aantal-personen\"><strong>Ab 10 Personen<\/strong><\/em><\/p>\n","protected":false},"excerpt":{"rendered":"<p>Lust auf lustige Fotos oder Selfies mit Alpakas? Dann ist das Meet &amp; Feed genau das Richtige f\u00fcr dich. In einer kleinen Gruppe erlebst du die sanften Tiere hautnah. Bei diesem Meet &amp; Feed erf\u00e4hrst du mehr \u00fcber ihre Pers\u00f6nlichkeit, kannst alle deine Fragen stellen und nat\u00fcrlich bleibt auch gen\u00fcgend Zeit f\u00fcr sch\u00f6ne Fotos. Bei diesem Erlebnis kannst du die Alpakas sogar selbst f\u00fcttern!<\/p>\n<p><em class=\"prijs-in-content\"><strong>Kosten: 10 \u20ac pro Person<\/strong><\/em><br \/>\n<em class=\"aantal-personen\"><strong>Ab 10 Personen<\/strong><\/em><\/p>\n","protected":false},"featured_media":689,"comment_status":"closed","ping_status":"closed","template":"","meta":{"_acf_changed":false},"product_brand":[],"product_cat":[46,48,50],"product_tag":[],"class_list":{"0":"post-3365","1":"product","2":"type-product","3":"status-publish","4":"has-post-thumbnail","6":"product_cat-aktivitaten","7":"product_cat-alpakas","8":"product_cat-online-reservieren","10":"first","11":"instock","12":"virtual","13":"sold-individually","14":"taxable","15":"purchasable","16":"product-type-booking"},"acf":[],"yoast_head":"<!-- This site is optimized with the Yoast SEO plugin v26.7 - https:\/\/yoast.com\/wordpress\/plugins\/seo\/ -->\n<title>Alpaka Meet &amp; Feed - In de Hei<\/title>\n<meta name=\"robots\" content=\"index, follow, max-snippet:-1, max-image-preview:large, max-video-preview:-1\" \/>\n<link rel=\"canonical\" href=\"https:\/\/indehei.nl\/de\/reservieren\/alpaka-meet-feed\/\" \/>\n<meta property=\"og:locale\" content=\"de_DE\" \/>\n<meta property=\"og:type\" content=\"article\" \/>\n<meta property=\"og:title\" content=\"Alpaka Meet &amp; Feed - In de Hei\" \/>\n<meta property=\"og:description\" content=\"Lust auf lustige Fotos oder Selfies mit Alpakas? Dann ist das Meet &amp; Feed genau das Richtige f\u00fcr dich. In einer kleinen Gruppe erlebst du die sanften Tiere hautnah. Bei diesem Meet &amp; Feed erf\u00e4hrst du mehr \u00fcber ihre Pers\u00f6nlichkeit, kannst alle deine Fragen stellen und nat\u00fcrlich bleibt auch gen\u00fcgend Zeit f\u00fcr sch\u00f6ne Fotos. Bei diesem Erlebnis kannst du die Alpakas sogar selbst f\u00fcttern!  Kosten: 10 \u20ac pro Person Ab 10 Personen\" \/>\n<meta property=\"og:url\" content=\"https:\/\/indehei.nl\/de\/reservieren\/alpaka-meet-feed\/\" \/>\n<meta property=\"og:site_name\" content=\"In de Hei\" \/>\n<meta property=\"article:modified_time\" content=\"2025-07-31T09:28:52+00:00\" \/>\n<meta name=\"twitter:card\" content=\"summary_large_image\" \/>\n<meta name=\"twitter:label1\" content=\"Gesch\u00e4tzte Lesezeit\" \/>\n\t<meta name=\"twitter:data1\" content=\"1\u00a0Minute\" \/>\n<script type=\"application\/ld+json\" class=\"yoast-schema-graph\">{\"@context\":\"https:\/\/schema.org\",\"@graph\":[{\"@type\":\"WebPage\",\"@id\":\"https:\/\/indehei.nl\/de\/reservieren\/alpaka-meet-feed\/\",\"url\":\"https:\/\/indehei.nl\/de\/reservieren\/alpaka-meet-feed\/\",\"name\":\"Alpaka Meet &amp; Feed - In de Hei\",\"isPartOf\":{\"@id\":\"https:\/\/indehei.nl\/de\/#website\"},\"primaryImageOfPage\":{\"@id\":\"https:\/\/indehei.nl\/de\/reservieren\/alpaka-meet-feed\/#primaryimage\"},\"image\":{\"@id\":\"https:\/\/indehei.nl\/de\/reservieren\/alpaka-meet-feed\/#primaryimage\"},\"thumbnailUrl\":\"https:\/\/indehei.nl\/wp-content\/uploads\/2025\/05\/IMG_9441-scaled-1.jpeg\",\"datePublished\":\"2025-05-22T13:48:51+00:00\",\"dateModified\":\"2025-07-31T09:28:52+00:00\",\"breadcrumb\":{\"@id\":\"https:\/\/indehei.nl\/de\/reservieren\/alpaka-meet-feed\/#breadcrumb\"},\"inLanguage\":\"de\",\"potentialAction\":[{\"@type\":\"ReadAction\",\"target\":[\"https:\/\/indehei.nl\/de\/reservieren\/alpaka-meet-feed\/\"]}]},{\"@type\":\"ImageObject\",\"inLanguage\":\"de\",\"@id\":\"https:\/\/indehei.nl\/de\/reservieren\/alpaka-meet-feed\/#primaryimage\",\"url\":\"https:\/\/indehei.nl\/wp-content\/uploads\/2025\/05\/IMG_9441-scaled-1.jpeg\",\"contentUrl\":\"https:\/\/indehei.nl\/wp-content\/uploads\/2025\/05\/IMG_9441-scaled-1.jpeg\",\"width\":2560,\"height\":1920},{\"@type\":\"BreadcrumbList\",\"@id\":\"https:\/\/indehei.nl\/de\/reservieren\/alpaka-meet-feed\/#breadcrumb\",\"itemListElement\":[{\"@type\":\"ListItem\",\"position\":1,\"name\":\"Home\",\"item\":\"https:\/\/indehei.nl\/de\/\"},{\"@type\":\"ListItem\",\"position\":2,\"name\":\"Reservieren\",\"item\":\"https:\/\/indehei.nl\/de\/reservieren\/\"},{\"@type\":\"ListItem\",\"position\":3,\"name\":\"Alpaka Meet &amp; Feed\"}]},{\"@type\":\"WebSite\",\"@id\":\"https:\/\/indehei.nl\/de\/#website\",\"url\":\"https:\/\/indehei.nl\/de\/\",\"name\":\"In de Hei\",\"description\":\"Alpaca&#039;s, lunch, overnachten, vergaderen - Landelijk genieten\",\"publisher\":{\"@id\":\"https:\/\/indehei.nl\/de\/#organization\"},\"potentialAction\":[{\"@type\":\"SearchAction\",\"target\":{\"@type\":\"EntryPoint\",\"urlTemplate\":\"https:\/\/indehei.nl\/de\/?s={search_term_string}\"},\"query-input\":{\"@type\":\"PropertyValueSpecification\",\"valueRequired\":true,\"valueName\":\"search_term_string\"}}],\"inLanguage\":\"de\"},{\"@type\":\"Organization\",\"@id\":\"https:\/\/indehei.nl\/de\/#organization\",\"name\":\"In de Hei\",\"url\":\"https:\/\/indehei.nl\/de\/\",\"logo\":{\"@type\":\"ImageObject\",\"inLanguage\":\"de\",\"@id\":\"https:\/\/indehei.nl\/de\/#\/schema\/logo\/image\/\",\"url\":\"https:\/\/indehei.nl\/wp-content\/uploads\/2025\/04\/IndeHei_2024_ORG_DEF.svg\",\"contentUrl\":\"https:\/\/indehei.nl\/wp-content\/uploads\/2025\/04\/IndeHei_2024_ORG_DEF.svg\",\"caption\":\"In de Hei\"},\"image\":{\"@id\":\"https:\/\/indehei.nl\/de\/#\/schema\/logo\/image\/\"}}]}<\/script>\n<!-- \/ Yoast SEO plugin. -->","yoast_head_json":{"title":"Alpaka Meet &amp; Feed - In de Hei","robots":{"index":"index","follow":"follow","max-snippet":"max-snippet:-1","max-image-preview":"max-image-preview:large","max-video-preview":"max-video-preview:-1"},"canonical":"https:\/\/indehei.nl\/de\/reservieren\/alpaka-meet-feed\/","og_locale":"de_DE","og_type":"article","og_title":"Alpaka Meet &amp; Feed - In de Hei","og_description":"Lust auf lustige Fotos oder Selfies mit Alpakas? Dann ist das Meet &amp; Feed genau das Richtige f\u00fcr dich. In einer kleinen Gruppe erlebst du die sanften Tiere hautnah. Bei diesem Meet &amp; Feed erf\u00e4hrst du mehr \u00fcber ihre Pers\u00f6nlichkeit, kannst alle deine Fragen stellen und nat\u00fcrlich bleibt auch gen\u00fcgend Zeit f\u00fcr sch\u00f6ne Fotos. Bei diesem Erlebnis kannst du die Alpakas sogar selbst f\u00fcttern!  Kosten: 10 \u20ac pro Person Ab 10 Personen","og_url":"https:\/\/indehei.nl\/de\/reservieren\/alpaka-meet-feed\/","og_site_name":"In de Hei","article_modified_time":"2025-07-31T09:28:52+00:00","twitter_card":"summary_large_image","twitter_misc":{"Gesch\u00e4tzte Lesezeit":"1\u00a0Minute"},"schema":{"@context":"https:\/\/schema.org","@graph":[{"@type":"WebPage","@id":"https:\/\/indehei.nl\/de\/reservieren\/alpaka-meet-feed\/","url":"https:\/\/indehei.nl\/de\/reservieren\/alpaka-meet-feed\/","name":"Alpaka Meet &amp; Feed - In de Hei","isPartOf":{"@id":"https:\/\/indehei.nl\/de\/#website"},"primaryImageOfPage":{"@id":"https:\/\/indehei.nl\/de\/reservieren\/alpaka-meet-feed\/#primaryimage"},"image":{"@id":"https:\/\/indehei.nl\/de\/reservieren\/alpaka-meet-feed\/#primaryimage"},"thumbnailUrl":"https:\/\/indehei.nl\/wp-content\/uploads\/2025\/05\/IMG_9441-scaled-1.jpeg","datePublished":"2025-05-22T13:48:51+00:00","dateModified":"2025-07-31T09:28:52+00:00","breadcrumb":{"@id":"https:\/\/indehei.nl\/de\/reservieren\/alpaka-meet-feed\/#breadcrumb"},"inLanguage":"de","potentialAction":[{"@type":"ReadAction","target":["https:\/\/indehei.nl\/de\/reservieren\/alpaka-meet-feed\/"]}]},{"@type":"ImageObject","inLanguage":"de","@id":"https:\/\/indehei.nl\/de\/reservieren\/alpaka-meet-feed\/#primaryimage","url":"https:\/\/indehei.nl\/wp-content\/uploads\/2025\/05\/IMG_9441-scaled-1.jpeg","contentUrl":"https:\/\/indehei.nl\/wp-content\/uploads\/2025\/05\/IMG_9441-scaled-1.jpeg","width":2560,"height":1920},{"@type":"BreadcrumbList","@id":"https:\/\/indehei.nl\/de\/reservieren\/alpaka-meet-feed\/#breadcrumb","itemListElement":[{"@type":"ListItem","position":1,"name":"Home","item":"https:\/\/indehei.nl\/de\/"},{"@type":"ListItem","position":2,"name":"Reservieren","item":"https:\/\/indehei.nl\/de\/reservieren\/"},{"@type":"ListItem","position":3,"name":"Alpaka Meet &amp; Feed"}]},{"@type":"WebSite","@id":"https:\/\/indehei.nl\/de\/#website","url":"https:\/\/indehei.nl\/de\/","name":"In de Hei","description":"Alpaca&#039;s, lunch, overnachten, vergaderen - Landelijk genieten","publisher":{"@id":"https:\/\/indehei.nl\/de\/#organization"},"potentialAction":[{"@type":"SearchAction","target":{"@type":"EntryPoint","urlTemplate":"https:\/\/indehei.nl\/de\/?s={search_term_string}"},"query-input":{"@type":"PropertyValueSpecification","valueRequired":true,"valueName":"search_term_string"}}],"inLanguage":"de"},{"@type":"Organization","@id":"https:\/\/indehei.nl\/de\/#organization","name":"In de Hei","url":"https:\/\/indehei.nl\/de\/","logo":{"@type":"ImageObject","inLanguage":"de","@id":"https:\/\/indehei.nl\/de\/#\/schema\/logo\/image\/","url":"https:\/\/indehei.nl\/wp-content\/uploads\/2025\/04\/IndeHei_2024_ORG_DEF.svg","contentUrl":"https:\/\/indehei.nl\/wp-content\/uploads\/2025\/04\/IndeHei_2024_ORG_DEF.svg","caption":"In de Hei"},"image":{"@id":"https:\/\/indehei.nl\/de\/#\/schema\/logo\/image\/"}}]}},"_links":{"self":[{"href":"https:\/\/indehei.nl\/de\/wp-json\/wp\/v2\/product\/3365","targetHints":{"allow":["GET"]}}],"collection":[{"href":"https:\/\/indehei.nl\/de\/wp-json\/wp\/v2\/product"}],"about":[{"href":"https:\/\/indehei.nl\/de\/wp-json\/wp\/v2\/types\/product"}],"replies":[{"embeddable":true,"href":"https:\/\/indehei.nl\/de\/wp-json\/wp\/v2\/comments?post=3365"}],"wp:featuredmedia":[{"embeddable":true,"href":"https:\/\/indehei.nl\/de\/wp-json\/wp\/v2\/media\/689"}],"wp:attachment":[{"href":"https:\/\/indehei.nl\/de\/wp-json\/wp\/v2\/media?parent=3365"}],"wp:term":[{"taxonomy":"product_brand","embeddable":true,"href":"https:\/\/indehei.nl\/de\/wp-json\/wp\/v2\/product_brand?post=3365"},{"taxonomy":"product_cat","embeddable":true,"href":"https:\/\/indehei.nl\/de\/wp-json\/wp\/v2\/product_cat?post=3365"},{"taxonomy":"product_tag","embeddable":true,"href":"https:\/\/indehei.nl\/de\/wp-json\/wp\/v2\/product_tag?post=3365"}],"curies":[{"name":"wp","href":"https:\/\/api.w.org\/{rel}","templated":true}]}}