{"id":3367,"date":"2025-05-22T15:52:21","date_gmt":"2025-05-22T13:52:21","guid":{"rendered":"https:\/\/indehei.nl\/reserveren\/unkategorisiert\/das-geheimnis-des-verschwundenen-alpakas\/"},"modified":"2025-05-22T15:52:21","modified_gmt":"2025-05-22T13:52:21","slug":"das-geheimnis-des-verschwundenen-alpakas","status":"publish","type":"product","link":"https:\/\/indehei.nl\/de\/reservieren\/das-geheimnis-des-verschwundenen-alpakas\/","title":{"rendered":"Das Geheimnis des verschwundenen Alpakas"},"content":{"rendered":"<p>Jos war heute fr\u00fch schon flei\u00dfig dabei, alle Alpakas f\u00fcr den Aufbruch vorzubereiten. Er hat das Heu und Futter verladen, die Halfter bereitgelegt usw. So eine Show verlangt schon einiges. Doch Joost kommt schneller als erwartet zur\u00fcck in den Lunchraum!   <\/p>\n<p>Die Panik steht ihm sofort ins Gesicht geschrieben. Wir h\u00f6ren ihn rufen: \u201eWo ist unser Wildfang? Ich kann ihn nirgends finden! Weder auf der Weide, noch bei den H\u00fctten oder Zelten&#8230;\u201c <\/p>\n<p>M\u00f6chtest du dieses R\u00e4tsel l\u00f6sen? Dann melde dich unter 06 \u2013 40 20 50 65 an. Die Teilnahme kostet 7,50 \u20ac pro Person. Du bist eine Stunde lang aktiv auf unserem Gel\u00e4nde unterwegs und l\u00f6st Escape-Room-\u00e4hnliche Aufgaben. Aber bevor wir starten, genie\u00dft du erstmal eine Tasse Kaffee oder ein Erfrischungsgetr\u00e4nk in unserem Lunchraum \u201eOp Stal\u201c.   <\/p>\n<p>Melde dich mit einer Gruppe von 2 bis 5 Personen an. Die Aktivit\u00e4t ist geeignet f\u00fcr Kinder ab 8 Jahren. Wirst du das mysteri\u00f6se Verschwinden aufkl\u00e4ren?  <\/p>\n<p><em class=\"prijs-in-content\"><strong>Kosten: 8,50 \u20ac pro Person<\/strong><\/em><br \/>\n<em class=\"aantal-personen\"><strong>2 bis 5 Personen pro Gruppe<\/strong><\/em><\/p>\n","protected":false},"excerpt":{"rendered":"<p>Das \u201eGeheimnis des verschwundenen Alpakas\u201c ist eine spannende Schnitzeljagd \u00fcber unseren Hof voller \u00fcberraschender Escape-Room-Herausforderungen. Eines unserer Alpakas ist auf mysteri\u00f6se Weise verschwunden &#8230; Es liegt an Ihnen, das R\u00e4tsel zu l\u00f6sen! <\/p>\n<p>Du schlie\u00dft dich einer kleinen Gruppe an, meldest dich an und arbeitest an R\u00e4tseln, Codes und Aufgaben, die auf dem Gel\u00e4nde verteilt sind. Dabei lernst du nicht nur mehr \u00fcber Alpakas, sondern arbeitest auch gemeinsam daran, alle Hinweise zu finden und das Verschwinden aufzukl\u00e4ren. <\/p>\n<p><em class=\"prijs-in-content\"><strong>Kosten: 8,50 \u20ac pro Person<\/strong><\/em><br \/>\n<em class=\"aantal-personen\"><strong>2 bis 5 Personen pro Gruppe<\/strong><\/em><\/p>\n","protected":false},"featured_media":691,"comment_status":"closed","ping_status":"closed","template":"","meta":{"_acf_changed":false},"product_brand":[],"product_cat":[46,48],"product_tag":[],"class_list":{"0":"post-3367","1":"product","2":"type-product","3":"status-publish","4":"has-post-thumbnail","6":"product_cat-aktivitaten","7":"product_cat-alpakas","9":"first","10":"instock","11":"taxable","12":"shipping-taxable","13":"purchasable","14":"product-type-simple"},"acf":[],"yoast_head":"<!-- This site is optimized with the Yoast SEO plugin v26.7 - https:\/\/yoast.com\/wordpress\/plugins\/seo\/ -->\n<title>Das Geheimnis des verschwundenen Alpakas - In de Hei<\/title>\n<meta name=\"robots\" content=\"index, follow, max-snippet:-1, max-image-preview:large, max-video-preview:-1\" \/>\n<link rel=\"canonical\" href=\"https:\/\/indehei.nl\/de\/reservieren\/das-geheimnis-des-verschwundenen-alpakas\/\" \/>\n<meta property=\"og:locale\" content=\"de_DE\" \/>\n<meta property=\"og:type\" content=\"article\" \/>\n<meta property=\"og:title\" content=\"Das Geheimnis des verschwundenen Alpakas - In de Hei\" \/>\n<meta property=\"og:description\" content=\"Das \u201eGeheimnis des verschwundenen Alpakas\u201c ist eine spannende Schnitzeljagd \u00fcber unseren Hof voller \u00fcberraschender Escape-Room-Herausforderungen. Eines unserer Alpakas ist auf mysteri\u00f6se Weise verschwunden ... Es liegt an Ihnen, das R\u00e4tsel zu l\u00f6sen!  Du schlie\u00dft dich einer kleinen Gruppe an, meldest dich an und arbeitest an R\u00e4tseln, Codes und Aufgaben, die auf dem Gel\u00e4nde verteilt sind. Dabei lernst du nicht nur mehr \u00fcber Alpakas, sondern arbeitest auch gemeinsam daran, alle Hinweise zu finden und das Verschwinden aufzukl\u00e4ren.  Kosten: 8,50 \u20ac pro Person 2 bis 5 Personen pro Gruppe\" \/>\n<meta property=\"og:url\" content=\"https:\/\/indehei.nl\/de\/reservieren\/das-geheimnis-des-verschwundenen-alpakas\/\" \/>\n<meta property=\"og:site_name\" content=\"In de Hei\" \/>\n<meta property=\"og:image\" content=\"https:\/\/indehei.nl\/wp-content\/uploads\/2025\/05\/foto_website-e1684334893928.jpg\" \/>\n\t<meta property=\"og:image:width\" content=\"600\" \/>\n\t<meta property=\"og:image:height\" content=\"436\" \/>\n\t<meta property=\"og:image:type\" content=\"image\/jpeg\" \/>\n<meta name=\"twitter:card\" content=\"summary_large_image\" \/>\n<meta name=\"twitter:label1\" content=\"Gesch\u00e4tzte Lesezeit\" \/>\n\t<meta name=\"twitter:data1\" content=\"1\u00a0Minute\" \/>\n<script type=\"application\/ld+json\" class=\"yoast-schema-graph\">{\"@context\":\"https:\/\/schema.org\",\"@graph\":[{\"@type\":\"WebPage\",\"@id\":\"https:\/\/indehei.nl\/de\/reservieren\/das-geheimnis-des-verschwundenen-alpakas\/\",\"url\":\"https:\/\/indehei.nl\/de\/reservieren\/das-geheimnis-des-verschwundenen-alpakas\/\",\"name\":\"Das Geheimnis des verschwundenen Alpakas - In de Hei\",\"isPartOf\":{\"@id\":\"https:\/\/indehei.nl\/de\/#website\"},\"primaryImageOfPage\":{\"@id\":\"https:\/\/indehei.nl\/de\/reservieren\/das-geheimnis-des-verschwundenen-alpakas\/#primaryimage\"},\"image\":{\"@id\":\"https:\/\/indehei.nl\/de\/reservieren\/das-geheimnis-des-verschwundenen-alpakas\/#primaryimage\"},\"thumbnailUrl\":\"https:\/\/indehei.nl\/wp-content\/uploads\/2025\/05\/foto_website-e1684334893928.jpg\",\"datePublished\":\"2025-05-22T13:52:21+00:00\",\"breadcrumb\":{\"@id\":\"https:\/\/indehei.nl\/de\/reservieren\/das-geheimnis-des-verschwundenen-alpakas\/#breadcrumb\"},\"inLanguage\":\"de\",\"potentialAction\":[{\"@type\":\"ReadAction\",\"target\":[\"https:\/\/indehei.nl\/de\/reservieren\/das-geheimnis-des-verschwundenen-alpakas\/\"]}]},{\"@type\":\"ImageObject\",\"inLanguage\":\"de\",\"@id\":\"https:\/\/indehei.nl\/de\/reservieren\/das-geheimnis-des-verschwundenen-alpakas\/#primaryimage\",\"url\":\"https:\/\/indehei.nl\/wp-content\/uploads\/2025\/05\/foto_website-e1684334893928.jpg\",\"contentUrl\":\"https:\/\/indehei.nl\/wp-content\/uploads\/2025\/05\/foto_website-e1684334893928.jpg\",\"width\":600,\"height\":436},{\"@type\":\"BreadcrumbList\",\"@id\":\"https:\/\/indehei.nl\/de\/reservieren\/das-geheimnis-des-verschwundenen-alpakas\/#breadcrumb\",\"itemListElement\":[{\"@type\":\"ListItem\",\"position\":1,\"name\":\"Home\",\"item\":\"https:\/\/indehei.nl\/de\/\"},{\"@type\":\"ListItem\",\"position\":2,\"name\":\"Reservieren\",\"item\":\"https:\/\/indehei.nl\/de\/reservieren\/\"},{\"@type\":\"ListItem\",\"position\":3,\"name\":\"Das Geheimnis des verschwundenen Alpakas\"}]},{\"@type\":\"WebSite\",\"@id\":\"https:\/\/indehei.nl\/de\/#website\",\"url\":\"https:\/\/indehei.nl\/de\/\",\"name\":\"In de Hei\",\"description\":\"Alpaca&#039;s, lunch, overnachten, vergaderen - Landelijk genieten\",\"publisher\":{\"@id\":\"https:\/\/indehei.nl\/de\/#organization\"},\"potentialAction\":[{\"@type\":\"SearchAction\",\"target\":{\"@type\":\"EntryPoint\",\"urlTemplate\":\"https:\/\/indehei.nl\/de\/?s={search_term_string}\"},\"query-input\":{\"@type\":\"PropertyValueSpecification\",\"valueRequired\":true,\"valueName\":\"search_term_string\"}}],\"inLanguage\":\"de\"},{\"@type\":\"Organization\",\"@id\":\"https:\/\/indehei.nl\/de\/#organization\",\"name\":\"In de Hei\",\"url\":\"https:\/\/indehei.nl\/de\/\",\"logo\":{\"@type\":\"ImageObject\",\"inLanguage\":\"de\",\"@id\":\"https:\/\/indehei.nl\/de\/#\/schema\/logo\/image\/\",\"url\":\"https:\/\/indehei.nl\/wp-content\/uploads\/2025\/04\/IndeHei_2024_ORG_DEF.svg\",\"contentUrl\":\"https:\/\/indehei.nl\/wp-content\/uploads\/2025\/04\/IndeHei_2024_ORG_DEF.svg\",\"caption\":\"In de Hei\"},\"image\":{\"@id\":\"https:\/\/indehei.nl\/de\/#\/schema\/logo\/image\/\"}}]}<\/script>\n<!-- \/ Yoast SEO plugin. -->","yoast_head_json":{"title":"Das Geheimnis des verschwundenen Alpakas - In de Hei","robots":{"index":"index","follow":"follow","max-snippet":"max-snippet:-1","max-image-preview":"max-image-preview:large","max-video-preview":"max-video-preview:-1"},"canonical":"https:\/\/indehei.nl\/de\/reservieren\/das-geheimnis-des-verschwundenen-alpakas\/","og_locale":"de_DE","og_type":"article","og_title":"Das Geheimnis des verschwundenen Alpakas - In de Hei","og_description":"Das \u201eGeheimnis des verschwundenen Alpakas\u201c ist eine spannende Schnitzeljagd \u00fcber unseren Hof voller \u00fcberraschender Escape-Room-Herausforderungen. Eines unserer Alpakas ist auf mysteri\u00f6se Weise verschwunden ... Es liegt an Ihnen, das R\u00e4tsel zu l\u00f6sen!  Du schlie\u00dft dich einer kleinen Gruppe an, meldest dich an und arbeitest an R\u00e4tseln, Codes und Aufgaben, die auf dem Gel\u00e4nde verteilt sind. Dabei lernst du nicht nur mehr \u00fcber Alpakas, sondern arbeitest auch gemeinsam daran, alle Hinweise zu finden und das Verschwinden aufzukl\u00e4ren.  Kosten: 8,50 \u20ac pro Person 2 bis 5 Personen pro Gruppe","og_url":"https:\/\/indehei.nl\/de\/reservieren\/das-geheimnis-des-verschwundenen-alpakas\/","og_site_name":"In de Hei","og_image":[{"width":600,"height":436,"url":"https:\/\/indehei.nl\/wp-content\/uploads\/2025\/05\/foto_website-e1684334893928.jpg","type":"image\/jpeg"}],"twitter_card":"summary_large_image","twitter_misc":{"Gesch\u00e4tzte Lesezeit":"1\u00a0Minute"},"schema":{"@context":"https:\/\/schema.org","@graph":[{"@type":"WebPage","@id":"https:\/\/indehei.nl\/de\/reservieren\/das-geheimnis-des-verschwundenen-alpakas\/","url":"https:\/\/indehei.nl\/de\/reservieren\/das-geheimnis-des-verschwundenen-alpakas\/","name":"Das Geheimnis des verschwundenen Alpakas - In de Hei","isPartOf":{"@id":"https:\/\/indehei.nl\/de\/#website"},"primaryImageOfPage":{"@id":"https:\/\/indehei.nl\/de\/reservieren\/das-geheimnis-des-verschwundenen-alpakas\/#primaryimage"},"image":{"@id":"https:\/\/indehei.nl\/de\/reservieren\/das-geheimnis-des-verschwundenen-alpakas\/#primaryimage"},"thumbnailUrl":"https:\/\/indehei.nl\/wp-content\/uploads\/2025\/05\/foto_website-e1684334893928.jpg","datePublished":"2025-05-22T13:52:21+00:00","breadcrumb":{"@id":"https:\/\/indehei.nl\/de\/reservieren\/das-geheimnis-des-verschwundenen-alpakas\/#breadcrumb"},"inLanguage":"de","potentialAction":[{"@type":"ReadAction","target":["https:\/\/indehei.nl\/de\/reservieren\/das-geheimnis-des-verschwundenen-alpakas\/"]}]},{"@type":"ImageObject","inLanguage":"de","@id":"https:\/\/indehei.nl\/de\/reservieren\/das-geheimnis-des-verschwundenen-alpakas\/#primaryimage","url":"https:\/\/indehei.nl\/wp-content\/uploads\/2025\/05\/foto_website-e1684334893928.jpg","contentUrl":"https:\/\/indehei.nl\/wp-content\/uploads\/2025\/05\/foto_website-e1684334893928.jpg","width":600,"height":436},{"@type":"BreadcrumbList","@id":"https:\/\/indehei.nl\/de\/reservieren\/das-geheimnis-des-verschwundenen-alpakas\/#breadcrumb","itemListElement":[{"@type":"ListItem","position":1,"name":"Home","item":"https:\/\/indehei.nl\/de\/"},{"@type":"ListItem","position":2,"name":"Reservieren","item":"https:\/\/indehei.nl\/de\/reservieren\/"},{"@type":"ListItem","position":3,"name":"Das Geheimnis des verschwundenen Alpakas"}]},{"@type":"WebSite","@id":"https:\/\/indehei.nl\/de\/#website","url":"https:\/\/indehei.nl\/de\/","name":"In de Hei","description":"Alpaca&#039;s, lunch, overnachten, vergaderen - Landelijk genieten","publisher":{"@id":"https:\/\/indehei.nl\/de\/#organization"},"potentialAction":[{"@type":"SearchAction","target":{"@type":"EntryPoint","urlTemplate":"https:\/\/indehei.nl\/de\/?s={search_term_string}"},"query-input":{"@type":"PropertyValueSpecification","valueRequired":true,"valueName":"search_term_string"}}],"inLanguage":"de"},{"@type":"Organization","@id":"https:\/\/indehei.nl\/de\/#organization","name":"In de Hei","url":"https:\/\/indehei.nl\/de\/","logo":{"@type":"ImageObject","inLanguage":"de","@id":"https:\/\/indehei.nl\/de\/#\/schema\/logo\/image\/","url":"https:\/\/indehei.nl\/wp-content\/uploads\/2025\/04\/IndeHei_2024_ORG_DEF.svg","contentUrl":"https:\/\/indehei.nl\/wp-content\/uploads\/2025\/04\/IndeHei_2024_ORG_DEF.svg","caption":"In de Hei"},"image":{"@id":"https:\/\/indehei.nl\/de\/#\/schema\/logo\/image\/"}}]}},"_links":{"self":[{"href":"https:\/\/indehei.nl\/de\/wp-json\/wp\/v2\/product\/3367","targetHints":{"allow":["GET"]}}],"collection":[{"href":"https:\/\/indehei.nl\/de\/wp-json\/wp\/v2\/product"}],"about":[{"href":"https:\/\/indehei.nl\/de\/wp-json\/wp\/v2\/types\/product"}],"replies":[{"embeddable":true,"href":"https:\/\/indehei.nl\/de\/wp-json\/wp\/v2\/comments?post=3367"}],"wp:featuredmedia":[{"embeddable":true,"href":"https:\/\/indehei.nl\/de\/wp-json\/wp\/v2\/media\/691"}],"wp:attachment":[{"href":"https:\/\/indehei.nl\/de\/wp-json\/wp\/v2\/media?parent=3367"}],"wp:term":[{"taxonomy":"product_brand","embeddable":true,"href":"https:\/\/indehei.nl\/de\/wp-json\/wp\/v2\/product_brand?post=3367"},{"taxonomy":"product_cat","embeddable":true,"href":"https:\/\/indehei.nl\/de\/wp-json\/wp\/v2\/product_cat?post=3367"},{"taxonomy":"product_tag","embeddable":true,"href":"https:\/\/indehei.nl\/de\/wp-json\/wp\/v2\/product_tag?post=3367"}],"curies":[{"name":"wp","href":"https:\/\/api.w.org\/{rel}","templated":true}]}}