{"id":3383,"date":"2025-06-13T15:26:12","date_gmt":"2025-06-13T13:26:12","guid":{"rendered":"https:\/\/indehei.nl\/reserveren\/unkategorisiert\/geschenkgutschein\/"},"modified":"2025-06-13T15:26:12","modified_gmt":"2025-06-13T13:26:12","slug":"geschenkgutschein","status":"publish","type":"product","link":"https:\/\/indehei.nl\/de\/reservieren\/geschenkgutschein\/","title":{"rendered":"Geschenkgutschein"},"content":{"rendered":"<p>Suchst du ein originelles Geschenk zum Geburtstag, Muttertag, Jubil\u00e4um, zur Hochzeit oder m\u00f6chtest du einfach jemanden spontan \u00fcberraschen? Dann ist der Geschenkgutschein von In de Hei eine wunderbare Idee! Mit diesem Gutschein verschenkst du nicht einfach etwas, du verschenkst ein Erlebnis, das unvergesslich bleibt. Zum Beispiel einen Spaziergang mit Alpakas oder eine Fahrt mit dem E-Laufbike durch die Brabanter Landschaft. Ein Geschenk voller Entspannung, Natur und besonderer Momente.    <\/p>\n<p>Praktische Informationen:<br \/>\n\u2022 Der Geschenkgutschein wird per Post verschickt.<br \/>\n\u2022 Wir berechnen pro Gutschein 1\u202f\u20ac Bearbeitungsgeb\u00fchr.<br \/>\n\u2022 Der Gutschein ist 12 Monate nach Ausstellungsdatum g\u00fcltig.<br \/>\n\u2022 Der Geschenkgutschein kann ausschlie\u00dflich online bei der Reservierung eingel\u00f6st werden.<br \/>\n\u2022 Der Geschenkgutschein ist nicht gegen Bargeld eintauschbar.<\/p>\n<p>Du kannst den Gutschein f\u00fcr alle Alpaka-Aktivit\u00e4ten und E-Laufbike-Touren nutzen. Gib beim Bezahlen einfach den einzigartigen Code des Gutscheins ein, der Betrag wird automatisch verrechnet. <\/p>\n","protected":false},"excerpt":{"rendered":"<p>Suchst du ein originelles Geschenk zum Geburtstag, Muttertag, Jubil\u00e4um, zur Hochzeit oder m\u00f6chtest du einfach jemanden spontan \u00fcberraschen? Dann ist der Geschenkgutschein von In de Hei eine wunderbare Idee! Mit diesem Gutschein verschenkst du nicht einfach etwas, du verschenkst ein Erlebnis, das unvergesslich bleibt. Zum Beispiel einen Spaziergang mit Alpakas oder eine Fahrt mit dem E-Laufbike durch die Brabanter Landschaft. Ein Geschenk voller Entspannung, Natur und besonderer Momente.    <\/p>\n<p>Praktische Informationen:<br \/>\n\u2022 Der Geschenkgutschein wird per Post verschickt.<br \/>\n\u2022 Wir berechnen pro Gutschein 1\u202f\u20ac Bearbeitungsgeb\u00fchr.<br \/>\n\u2022 Der Gutschein ist 12 Monate nach Ausstellungsdatum g\u00fcltig.<br \/>\n\u2022 Der Geschenkgutschein kann ausschlie\u00dflich online bei der Reservierung eingel\u00f6st werden.<br \/>\n\u2022 Der Geschenkgutschein ist nicht gegen Bargeld eintauschbar.<\/p>\n<p>Du kannst den Gutschein f\u00fcr alle Alpaka-Aktivit\u00e4ten und E-Laufbike-Touren nutzen. Gib beim Bezahlen einfach den einzigartigen Code des Gutscheins ein, der Betrag wird automatisch verrechnet. <\/p>\n","protected":false},"featured_media":2829,"comment_status":"closed","ping_status":"closed","template":"","meta":{"_acf_changed":false},"product_brand":[],"product_cat":[46],"product_tag":[],"class_list":{"0":"post-3383","1":"product","2":"type-product","3":"status-publish","4":"has-post-thumbnail","6":"product_cat-aktivitaten","8":"first","9":"instock","10":"taxable","11":"shipping-taxable","12":"purchasable","13":"product-type-variable"},"acf":[],"yoast_head":"<!-- This site is optimized with the Yoast SEO plugin v26.7 - https:\/\/yoast.com\/wordpress\/plugins\/seo\/ -->\n<title>Geschenkgutschein - In de Hei<\/title>\n<meta name=\"robots\" content=\"index, follow, max-snippet:-1, max-image-preview:large, max-video-preview:-1\" \/>\n<link rel=\"canonical\" href=\"https:\/\/indehei.nl\/de\/reservieren\/geschenkgutschein\/\" \/>\n<meta property=\"og:locale\" content=\"de_DE\" \/>\n<meta property=\"og:type\" content=\"article\" \/>\n<meta property=\"og:title\" content=\"Geschenkgutschein - In de Hei\" \/>\n<meta property=\"og:description\" content=\"Suchst du ein originelles Geschenk zum Geburtstag, Muttertag, Jubil\u00e4um, zur Hochzeit oder m\u00f6chtest du einfach jemanden spontan \u00fcberraschen? Dann ist der Geschenkgutschein von In de Hei eine wunderbare Idee! Mit diesem Gutschein verschenkst du nicht einfach etwas, du verschenkst ein Erlebnis, das unvergesslich bleibt. Zum Beispiel einen Spaziergang mit Alpakas oder eine Fahrt mit dem E-Laufbike durch die Brabanter Landschaft. Ein Geschenk voller Entspannung, Natur und besonderer Momente.   Praktische Informationen: \u2022 Der Geschenkgutschein wird per Post verschickt. \u2022 Wir berechnen pro Gutschein 1\u202f\u20ac Bearbeitungsgeb\u00fchr. \u2022 Der Gutschein ist 12 Monate nach Ausstellungsdatum g\u00fcltig. \u2022 Der Geschenkgutschein kann ausschlie\u00dflich online bei der Reservierung eingel\u00f6st werden. \u2022 Der Geschenkgutschein ist nicht gegen Bargeld eintauschbar. Du kannst den Gutschein f\u00fcr alle Alpaka-Aktivit\u00e4ten und E-Laufbike-Touren nutzen. Gib beim Bezahlen einfach den einzigartigen Code des Gutscheins ein, der Betrag wird automatisch verrechnet.\" \/>\n<meta property=\"og:url\" content=\"https:\/\/indehei.nl\/de\/reservieren\/geschenkgutschein\/\" \/>\n<meta property=\"og:site_name\" content=\"In de Hei\" \/>\n<meta property=\"og:image\" content=\"https:\/\/indehei.nl\/wp-content\/uploads\/2025\/06\/In-de-Hei-Overig-IMG_3218-scaled.jpg\" \/>\n\t<meta property=\"og:image:width\" content=\"2560\" \/>\n\t<meta property=\"og:image:height\" content=\"1920\" \/>\n\t<meta property=\"og:image:type\" content=\"image\/jpeg\" \/>\n<meta name=\"twitter:card\" content=\"summary_large_image\" \/>\n<meta name=\"twitter:label1\" content=\"Gesch\u00e4tzte Lesezeit\" \/>\n\t<meta name=\"twitter:data1\" content=\"1\u00a0Minute\" \/>\n<script type=\"application\/ld+json\" class=\"yoast-schema-graph\">{\"@context\":\"https:\/\/schema.org\",\"@graph\":[{\"@type\":\"WebPage\",\"@id\":\"https:\/\/indehei.nl\/de\/reservieren\/geschenkgutschein\/\",\"url\":\"https:\/\/indehei.nl\/de\/reservieren\/geschenkgutschein\/\",\"name\":\"Geschenkgutschein - In de Hei\",\"isPartOf\":{\"@id\":\"https:\/\/indehei.nl\/de\/#website\"},\"primaryImageOfPage\":{\"@id\":\"https:\/\/indehei.nl\/de\/reservieren\/geschenkgutschein\/#primaryimage\"},\"image\":{\"@id\":\"https:\/\/indehei.nl\/de\/reservieren\/geschenkgutschein\/#primaryimage\"},\"thumbnailUrl\":\"https:\/\/indehei.nl\/wp-content\/uploads\/2025\/06\/In-de-Hei-Overig-IMG_3218-scaled.jpg\",\"datePublished\":\"2025-06-13T13:26:12+00:00\",\"breadcrumb\":{\"@id\":\"https:\/\/indehei.nl\/de\/reservieren\/geschenkgutschein\/#breadcrumb\"},\"inLanguage\":\"de\",\"potentialAction\":[{\"@type\":\"ReadAction\",\"target\":[\"https:\/\/indehei.nl\/de\/reservieren\/geschenkgutschein\/\"]}]},{\"@type\":\"ImageObject\",\"inLanguage\":\"de\",\"@id\":\"https:\/\/indehei.nl\/de\/reservieren\/geschenkgutschein\/#primaryimage\",\"url\":\"https:\/\/indehei.nl\/wp-content\/uploads\/2025\/06\/In-de-Hei-Overig-IMG_3218-scaled.jpg\",\"contentUrl\":\"https:\/\/indehei.nl\/wp-content\/uploads\/2025\/06\/In-de-Hei-Overig-IMG_3218-scaled.jpg\",\"width\":2560,\"height\":1920},{\"@type\":\"BreadcrumbList\",\"@id\":\"https:\/\/indehei.nl\/de\/reservieren\/geschenkgutschein\/#breadcrumb\",\"itemListElement\":[{\"@type\":\"ListItem\",\"position\":1,\"name\":\"Home\",\"item\":\"https:\/\/indehei.nl\/de\/\"},{\"@type\":\"ListItem\",\"position\":2,\"name\":\"Reservieren\",\"item\":\"https:\/\/indehei.nl\/de\/reservieren\/\"},{\"@type\":\"ListItem\",\"position\":3,\"name\":\"Geschenkgutschein\"}]},{\"@type\":\"WebSite\",\"@id\":\"https:\/\/indehei.nl\/de\/#website\",\"url\":\"https:\/\/indehei.nl\/de\/\",\"name\":\"In de Hei\",\"description\":\"Alpaca&#039;s, lunch, overnachten, vergaderen - Landelijk genieten\",\"publisher\":{\"@id\":\"https:\/\/indehei.nl\/de\/#organization\"},\"potentialAction\":[{\"@type\":\"SearchAction\",\"target\":{\"@type\":\"EntryPoint\",\"urlTemplate\":\"https:\/\/indehei.nl\/de\/?s={search_term_string}\"},\"query-input\":{\"@type\":\"PropertyValueSpecification\",\"valueRequired\":true,\"valueName\":\"search_term_string\"}}],\"inLanguage\":\"de\"},{\"@type\":\"Organization\",\"@id\":\"https:\/\/indehei.nl\/de\/#organization\",\"name\":\"In de Hei\",\"url\":\"https:\/\/indehei.nl\/de\/\",\"logo\":{\"@type\":\"ImageObject\",\"inLanguage\":\"de\",\"@id\":\"https:\/\/indehei.nl\/de\/#\/schema\/logo\/image\/\",\"url\":\"https:\/\/indehei.nl\/wp-content\/uploads\/2025\/04\/IndeHei_2024_ORG_DEF.svg\",\"contentUrl\":\"https:\/\/indehei.nl\/wp-content\/uploads\/2025\/04\/IndeHei_2024_ORG_DEF.svg\",\"caption\":\"In de Hei\"},\"image\":{\"@id\":\"https:\/\/indehei.nl\/de\/#\/schema\/logo\/image\/\"}}]}<\/script>\n<!-- \/ Yoast SEO plugin. -->","yoast_head_json":{"title":"Geschenkgutschein - In de Hei","robots":{"index":"index","follow":"follow","max-snippet":"max-snippet:-1","max-image-preview":"max-image-preview:large","max-video-preview":"max-video-preview:-1"},"canonical":"https:\/\/indehei.nl\/de\/reservieren\/geschenkgutschein\/","og_locale":"de_DE","og_type":"article","og_title":"Geschenkgutschein - In de Hei","og_description":"Suchst du ein originelles Geschenk zum Geburtstag, Muttertag, Jubil\u00e4um, zur Hochzeit oder m\u00f6chtest du einfach jemanden spontan \u00fcberraschen? Dann ist der Geschenkgutschein von In de Hei eine wunderbare Idee! Mit diesem Gutschein verschenkst du nicht einfach etwas, du verschenkst ein Erlebnis, das unvergesslich bleibt. Zum Beispiel einen Spaziergang mit Alpakas oder eine Fahrt mit dem E-Laufbike durch die Brabanter Landschaft. Ein Geschenk voller Entspannung, Natur und besonderer Momente.   Praktische Informationen: \u2022 Der Geschenkgutschein wird per Post verschickt. \u2022 Wir berechnen pro Gutschein 1\u202f\u20ac Bearbeitungsgeb\u00fchr. \u2022 Der Gutschein ist 12 Monate nach Ausstellungsdatum g\u00fcltig. \u2022 Der Geschenkgutschein kann ausschlie\u00dflich online bei der Reservierung eingel\u00f6st werden. \u2022 Der Geschenkgutschein ist nicht gegen Bargeld eintauschbar. Du kannst den Gutschein f\u00fcr alle Alpaka-Aktivit\u00e4ten und E-Laufbike-Touren nutzen. Gib beim Bezahlen einfach den einzigartigen Code des Gutscheins ein, der Betrag wird automatisch verrechnet.","og_url":"https:\/\/indehei.nl\/de\/reservieren\/geschenkgutschein\/","og_site_name":"In de Hei","og_image":[{"width":2560,"height":1920,"url":"https:\/\/indehei.nl\/wp-content\/uploads\/2025\/06\/In-de-Hei-Overig-IMG_3218-scaled.jpg","type":"image\/jpeg"}],"twitter_card":"summary_large_image","twitter_misc":{"Gesch\u00e4tzte Lesezeit":"1\u00a0Minute"},"schema":{"@context":"https:\/\/schema.org","@graph":[{"@type":"WebPage","@id":"https:\/\/indehei.nl\/de\/reservieren\/geschenkgutschein\/","url":"https:\/\/indehei.nl\/de\/reservieren\/geschenkgutschein\/","name":"Geschenkgutschein - In de Hei","isPartOf":{"@id":"https:\/\/indehei.nl\/de\/#website"},"primaryImageOfPage":{"@id":"https:\/\/indehei.nl\/de\/reservieren\/geschenkgutschein\/#primaryimage"},"image":{"@id":"https:\/\/indehei.nl\/de\/reservieren\/geschenkgutschein\/#primaryimage"},"thumbnailUrl":"https:\/\/indehei.nl\/wp-content\/uploads\/2025\/06\/In-de-Hei-Overig-IMG_3218-scaled.jpg","datePublished":"2025-06-13T13:26:12+00:00","breadcrumb":{"@id":"https:\/\/indehei.nl\/de\/reservieren\/geschenkgutschein\/#breadcrumb"},"inLanguage":"de","potentialAction":[{"@type":"ReadAction","target":["https:\/\/indehei.nl\/de\/reservieren\/geschenkgutschein\/"]}]},{"@type":"ImageObject","inLanguage":"de","@id":"https:\/\/indehei.nl\/de\/reservieren\/geschenkgutschein\/#primaryimage","url":"https:\/\/indehei.nl\/wp-content\/uploads\/2025\/06\/In-de-Hei-Overig-IMG_3218-scaled.jpg","contentUrl":"https:\/\/indehei.nl\/wp-content\/uploads\/2025\/06\/In-de-Hei-Overig-IMG_3218-scaled.jpg","width":2560,"height":1920},{"@type":"BreadcrumbList","@id":"https:\/\/indehei.nl\/de\/reservieren\/geschenkgutschein\/#breadcrumb","itemListElement":[{"@type":"ListItem","position":1,"name":"Home","item":"https:\/\/indehei.nl\/de\/"},{"@type":"ListItem","position":2,"name":"Reservieren","item":"https:\/\/indehei.nl\/de\/reservieren\/"},{"@type":"ListItem","position":3,"name":"Geschenkgutschein"}]},{"@type":"WebSite","@id":"https:\/\/indehei.nl\/de\/#website","url":"https:\/\/indehei.nl\/de\/","name":"In de Hei","description":"Alpaca&#039;s, lunch, overnachten, vergaderen - Landelijk genieten","publisher":{"@id":"https:\/\/indehei.nl\/de\/#organization"},"potentialAction":[{"@type":"SearchAction","target":{"@type":"EntryPoint","urlTemplate":"https:\/\/indehei.nl\/de\/?s={search_term_string}"},"query-input":{"@type":"PropertyValueSpecification","valueRequired":true,"valueName":"search_term_string"}}],"inLanguage":"de"},{"@type":"Organization","@id":"https:\/\/indehei.nl\/de\/#organization","name":"In de Hei","url":"https:\/\/indehei.nl\/de\/","logo":{"@type":"ImageObject","inLanguage":"de","@id":"https:\/\/indehei.nl\/de\/#\/schema\/logo\/image\/","url":"https:\/\/indehei.nl\/wp-content\/uploads\/2025\/04\/IndeHei_2024_ORG_DEF.svg","contentUrl":"https:\/\/indehei.nl\/wp-content\/uploads\/2025\/04\/IndeHei_2024_ORG_DEF.svg","caption":"In de Hei"},"image":{"@id":"https:\/\/indehei.nl\/de\/#\/schema\/logo\/image\/"}}]}},"_links":{"self":[{"href":"https:\/\/indehei.nl\/de\/wp-json\/wp\/v2\/product\/3383","targetHints":{"allow":["GET"]}}],"collection":[{"href":"https:\/\/indehei.nl\/de\/wp-json\/wp\/v2\/product"}],"about":[{"href":"https:\/\/indehei.nl\/de\/wp-json\/wp\/v2\/types\/product"}],"replies":[{"embeddable":true,"href":"https:\/\/indehei.nl\/de\/wp-json\/wp\/v2\/comments?post=3383"}],"wp:featuredmedia":[{"embeddable":true,"href":"https:\/\/indehei.nl\/de\/wp-json\/wp\/v2\/media\/2829"}],"wp:attachment":[{"href":"https:\/\/indehei.nl\/de\/wp-json\/wp\/v2\/media?parent=3383"}],"wp:term":[{"taxonomy":"product_brand","embeddable":true,"href":"https:\/\/indehei.nl\/de\/wp-json\/wp\/v2\/product_brand?post=3383"},{"taxonomy":"product_cat","embeddable":true,"href":"https:\/\/indehei.nl\/de\/wp-json\/wp\/v2\/product_cat?post=3383"},{"taxonomy":"product_tag","embeddable":true,"href":"https:\/\/indehei.nl\/de\/wp-json\/wp\/v2\/product_tag?post=3383"}],"curies":[{"name":"wp","href":"https:\/\/api.w.org\/{rel}","templated":true}]}}