{"id":3399,"date":"2025-05-22T15:10:34","date_gmt":"2025-05-22T13:10:34","guid":{"rendered":"https:\/\/indehei.nl\/reserveren\/unkategorisiert\/op-zolder\/"},"modified":"2025-05-22T15:10:34","modified_gmt":"2025-05-22T13:10:34","slug":"op-zolder","status":"publish","type":"product","link":"https:\/\/indehei.nl\/de\/reservieren\/op-zolder\/","title":{"rendered":"Op Zolder"},"content":{"rendered":"<div class=\"elementor-element elementor-element-659ed99 elementor-widget elementor-widget-text-editor\" data-id=\"659ed99\" data-element_type=\"widget\" data-widget_type=\"text-editor.default\">\n<div class=\"elementor-widget-container\">\n<p>Unser luxuri\u00f6sestes und au\u00dfergew\u00f6hnlichstes Zimmer befindet sich im Dachgeschoss. Fr\u00fcher diente dieser Raum als Heuboden, heute ist er eine ger\u00e4umige, stimmungsvolle Suite voller Charakter und Komfort. Die hohen Decken, Holzbalken und warme Einrichtung schaffen eine ruhige, charmante Atmosph\u00e4re.   <\/p>\n<p>Ein besonderes Highlight ist der private Balkon mit Blick auf den Wald und die Alpakawiese. Dein Tag beginnt hier mit Vogelgesang und frischer Landluft, mit etwas Gl\u00fcck entdeckst du morgens ein Reh oder anderes Wild.   <\/p>\n<\/div>\n<\/div>\n","protected":false},"excerpt":{"rendered":"<ul>\n<li>Galerie mit zwei Einzel-Boxspringbetten<\/li>\n<li>Luxuri\u00f6ses Bad en suite mit Badewanne und begehbarer Dusche<\/li>\n<li>Balkon mit Blick auf Wald und Alpakawiese<\/li>\n<li>Fr\u00fchst\u00fcck mit regionalen Produkten<\/li>\n<li>Gem\u00fctliche Sitzecke<\/li>\n<li>Klimaanlage<\/li>\n<li>Zwei Fernseher<\/li>\n<li>WLAN<\/li>\n<\/ul>\n<p><strong><em>Inklusive Fr\u00fchst\u00fcck<br \/>\n<\/em><em>Kinder ab 12 Jahren<br \/>\n<\/em><em>Keine Hausdiere<br \/>\n<\/em><em>Nichtraucher<\/em><\/strong><\/p>\n","protected":false},"featured_media":2276,"comment_status":"closed","ping_status":"closed","template":"","meta":{"_acf_changed":false},"product_brand":[],"product_cat":[53],"product_tag":[],"class_list":{"0":"post-3399","1":"product","2":"type-product","3":"status-publish","4":"has-post-thumbnail","6":"product_cat-bb-zimmer","8":"first","9":"instock","10":"taxable","11":"shipping-taxable","12":"purchasable","13":"product-type-simple"},"acf":[],"yoast_head":"<!-- This site is optimized with the Yoast SEO plugin v26.7 - https:\/\/yoast.com\/wordpress\/plugins\/seo\/ -->\n<title>Op Zolder - In de Hei<\/title>\n<meta name=\"robots\" content=\"index, follow, max-snippet:-1, max-image-preview:large, max-video-preview:-1\" \/>\n<link rel=\"canonical\" href=\"https:\/\/indehei.nl\/de\/reservieren\/op-zolder\/\" \/>\n<meta property=\"og:locale\" content=\"de_DE\" \/>\n<meta property=\"og:type\" content=\"article\" \/>\n<meta property=\"og:title\" content=\"Op Zolder - In de Hei\" \/>\n<meta property=\"og:description\" content=\"Galerie mit zwei Einzel-Boxspringbetten  Luxuri\u00f6ses Bad en suite mit Badewanne und begehbarer Dusche  Balkon mit Blick auf Wald und Alpakawiese  Fr\u00fchst\u00fcck mit regionalen Produkten  Gem\u00fctliche Sitzecke  Klimaanlage  Zwei Fernseher  WLAN Inklusive Fr\u00fchst\u00fcck Kinder ab 12 Jahren Keine Hausdiere Nichtraucher\" \/>\n<meta property=\"og:url\" content=\"https:\/\/indehei.nl\/de\/reservieren\/op-zolder\/\" \/>\n<meta property=\"og:site_name\" content=\"In de Hei\" \/>\n<meta property=\"og:image\" content=\"https:\/\/indehei.nl\/wp-content\/uploads\/2025\/05\/In-de-Hei-Op-zolder-2-scaled.jpg\" \/>\n\t<meta property=\"og:image:width\" content=\"2560\" \/>\n\t<meta property=\"og:image:height\" content=\"1707\" \/>\n\t<meta property=\"og:image:type\" content=\"image\/jpeg\" \/>\n<meta name=\"twitter:card\" content=\"summary_large_image\" \/>\n<script type=\"application\/ld+json\" class=\"yoast-schema-graph\">{\"@context\":\"https:\/\/schema.org\",\"@graph\":[{\"@type\":\"WebPage\",\"@id\":\"https:\/\/indehei.nl\/de\/reservieren\/op-zolder\/\",\"url\":\"https:\/\/indehei.nl\/de\/reservieren\/op-zolder\/\",\"name\":\"Op Zolder - In de Hei\",\"isPartOf\":{\"@id\":\"https:\/\/indehei.nl\/de\/#website\"},\"primaryImageOfPage\":{\"@id\":\"https:\/\/indehei.nl\/de\/reservieren\/op-zolder\/#primaryimage\"},\"image\":{\"@id\":\"https:\/\/indehei.nl\/de\/reservieren\/op-zolder\/#primaryimage\"},\"thumbnailUrl\":\"https:\/\/indehei.nl\/wp-content\/uploads\/2025\/05\/In-de-Hei-Op-zolder-2-scaled.jpg\",\"datePublished\":\"2025-05-22T13:10:34+00:00\",\"breadcrumb\":{\"@id\":\"https:\/\/indehei.nl\/de\/reservieren\/op-zolder\/#breadcrumb\"},\"inLanguage\":\"de\",\"potentialAction\":[{\"@type\":\"ReadAction\",\"target\":[\"https:\/\/indehei.nl\/de\/reservieren\/op-zolder\/\"]}]},{\"@type\":\"ImageObject\",\"inLanguage\":\"de\",\"@id\":\"https:\/\/indehei.nl\/de\/reservieren\/op-zolder\/#primaryimage\",\"url\":\"https:\/\/indehei.nl\/wp-content\/uploads\/2025\/05\/In-de-Hei-Op-zolder-2-scaled.jpg\",\"contentUrl\":\"https:\/\/indehei.nl\/wp-content\/uploads\/2025\/05\/In-de-Hei-Op-zolder-2-scaled.jpg\",\"width\":2560,\"height\":1707},{\"@type\":\"BreadcrumbList\",\"@id\":\"https:\/\/indehei.nl\/de\/reservieren\/op-zolder\/#breadcrumb\",\"itemListElement\":[{\"@type\":\"ListItem\",\"position\":1,\"name\":\"Home\",\"item\":\"https:\/\/indehei.nl\/de\/\"},{\"@type\":\"ListItem\",\"position\":2,\"name\":\"Reservieren\",\"item\":\"https:\/\/indehei.nl\/de\/reservieren\/\"},{\"@type\":\"ListItem\",\"position\":3,\"name\":\"Op Zolder\"}]},{\"@type\":\"WebSite\",\"@id\":\"https:\/\/indehei.nl\/de\/#website\",\"url\":\"https:\/\/indehei.nl\/de\/\",\"name\":\"In de Hei\",\"description\":\"Alpaca&#039;s, lunch, overnachten, vergaderen - Landelijk genieten\",\"publisher\":{\"@id\":\"https:\/\/indehei.nl\/de\/#organization\"},\"potentialAction\":[{\"@type\":\"SearchAction\",\"target\":{\"@type\":\"EntryPoint\",\"urlTemplate\":\"https:\/\/indehei.nl\/de\/?s={search_term_string}\"},\"query-input\":{\"@type\":\"PropertyValueSpecification\",\"valueRequired\":true,\"valueName\":\"search_term_string\"}}],\"inLanguage\":\"de\"},{\"@type\":\"Organization\",\"@id\":\"https:\/\/indehei.nl\/de\/#organization\",\"name\":\"In de Hei\",\"url\":\"https:\/\/indehei.nl\/de\/\",\"logo\":{\"@type\":\"ImageObject\",\"inLanguage\":\"de\",\"@id\":\"https:\/\/indehei.nl\/de\/#\/schema\/logo\/image\/\",\"url\":\"https:\/\/indehei.nl\/wp-content\/uploads\/2025\/04\/IndeHei_2024_ORG_DEF.svg\",\"contentUrl\":\"https:\/\/indehei.nl\/wp-content\/uploads\/2025\/04\/IndeHei_2024_ORG_DEF.svg\",\"caption\":\"In de Hei\"},\"image\":{\"@id\":\"https:\/\/indehei.nl\/de\/#\/schema\/logo\/image\/\"}}]}<\/script>\n<!-- \/ Yoast SEO plugin. -->","yoast_head_json":{"title":"Op Zolder - In de Hei","robots":{"index":"index","follow":"follow","max-snippet":"max-snippet:-1","max-image-preview":"max-image-preview:large","max-video-preview":"max-video-preview:-1"},"canonical":"https:\/\/indehei.nl\/de\/reservieren\/op-zolder\/","og_locale":"de_DE","og_type":"article","og_title":"Op Zolder - In de Hei","og_description":"Galerie mit zwei Einzel-Boxspringbetten  Luxuri\u00f6ses Bad en suite mit Badewanne und begehbarer Dusche  Balkon mit Blick auf Wald und Alpakawiese  Fr\u00fchst\u00fcck mit regionalen Produkten  Gem\u00fctliche Sitzecke  Klimaanlage  Zwei Fernseher  WLAN Inklusive Fr\u00fchst\u00fcck Kinder ab 12 Jahren Keine Hausdiere Nichtraucher","og_url":"https:\/\/indehei.nl\/de\/reservieren\/op-zolder\/","og_site_name":"In de Hei","og_image":[{"width":2560,"height":1707,"url":"https:\/\/indehei.nl\/wp-content\/uploads\/2025\/05\/In-de-Hei-Op-zolder-2-scaled.jpg","type":"image\/jpeg"}],"twitter_card":"summary_large_image","schema":{"@context":"https:\/\/schema.org","@graph":[{"@type":"WebPage","@id":"https:\/\/indehei.nl\/de\/reservieren\/op-zolder\/","url":"https:\/\/indehei.nl\/de\/reservieren\/op-zolder\/","name":"Op Zolder - In de Hei","isPartOf":{"@id":"https:\/\/indehei.nl\/de\/#website"},"primaryImageOfPage":{"@id":"https:\/\/indehei.nl\/de\/reservieren\/op-zolder\/#primaryimage"},"image":{"@id":"https:\/\/indehei.nl\/de\/reservieren\/op-zolder\/#primaryimage"},"thumbnailUrl":"https:\/\/indehei.nl\/wp-content\/uploads\/2025\/05\/In-de-Hei-Op-zolder-2-scaled.jpg","datePublished":"2025-05-22T13:10:34+00:00","breadcrumb":{"@id":"https:\/\/indehei.nl\/de\/reservieren\/op-zolder\/#breadcrumb"},"inLanguage":"de","potentialAction":[{"@type":"ReadAction","target":["https:\/\/indehei.nl\/de\/reservieren\/op-zolder\/"]}]},{"@type":"ImageObject","inLanguage":"de","@id":"https:\/\/indehei.nl\/de\/reservieren\/op-zolder\/#primaryimage","url":"https:\/\/indehei.nl\/wp-content\/uploads\/2025\/05\/In-de-Hei-Op-zolder-2-scaled.jpg","contentUrl":"https:\/\/indehei.nl\/wp-content\/uploads\/2025\/05\/In-de-Hei-Op-zolder-2-scaled.jpg","width":2560,"height":1707},{"@type":"BreadcrumbList","@id":"https:\/\/indehei.nl\/de\/reservieren\/op-zolder\/#breadcrumb","itemListElement":[{"@type":"ListItem","position":1,"name":"Home","item":"https:\/\/indehei.nl\/de\/"},{"@type":"ListItem","position":2,"name":"Reservieren","item":"https:\/\/indehei.nl\/de\/reservieren\/"},{"@type":"ListItem","position":3,"name":"Op Zolder"}]},{"@type":"WebSite","@id":"https:\/\/indehei.nl\/de\/#website","url":"https:\/\/indehei.nl\/de\/","name":"In de Hei","description":"Alpaca&#039;s, lunch, overnachten, vergaderen - Landelijk genieten","publisher":{"@id":"https:\/\/indehei.nl\/de\/#organization"},"potentialAction":[{"@type":"SearchAction","target":{"@type":"EntryPoint","urlTemplate":"https:\/\/indehei.nl\/de\/?s={search_term_string}"},"query-input":{"@type":"PropertyValueSpecification","valueRequired":true,"valueName":"search_term_string"}}],"inLanguage":"de"},{"@type":"Organization","@id":"https:\/\/indehei.nl\/de\/#organization","name":"In de Hei","url":"https:\/\/indehei.nl\/de\/","logo":{"@type":"ImageObject","inLanguage":"de","@id":"https:\/\/indehei.nl\/de\/#\/schema\/logo\/image\/","url":"https:\/\/indehei.nl\/wp-content\/uploads\/2025\/04\/IndeHei_2024_ORG_DEF.svg","contentUrl":"https:\/\/indehei.nl\/wp-content\/uploads\/2025\/04\/IndeHei_2024_ORG_DEF.svg","caption":"In de Hei"},"image":{"@id":"https:\/\/indehei.nl\/de\/#\/schema\/logo\/image\/"}}]}},"_links":{"self":[{"href":"https:\/\/indehei.nl\/de\/wp-json\/wp\/v2\/product\/3399","targetHints":{"allow":["GET"]}}],"collection":[{"href":"https:\/\/indehei.nl\/de\/wp-json\/wp\/v2\/product"}],"about":[{"href":"https:\/\/indehei.nl\/de\/wp-json\/wp\/v2\/types\/product"}],"replies":[{"embeddable":true,"href":"https:\/\/indehei.nl\/de\/wp-json\/wp\/v2\/comments?post=3399"}],"wp:featuredmedia":[{"embeddable":true,"href":"https:\/\/indehei.nl\/de\/wp-json\/wp\/v2\/media\/2276"}],"wp:attachment":[{"href":"https:\/\/indehei.nl\/de\/wp-json\/wp\/v2\/media?parent=3399"}],"wp:term":[{"taxonomy":"product_brand","embeddable":true,"href":"https:\/\/indehei.nl\/de\/wp-json\/wp\/v2\/product_brand?post=3399"},{"taxonomy":"product_cat","embeddable":true,"href":"https:\/\/indehei.nl\/de\/wp-json\/wp\/v2\/product_cat?post=3399"},{"taxonomy":"product_tag","embeddable":true,"href":"https:\/\/indehei.nl\/de\/wp-json\/wp\/v2\/product_tag?post=3399"}],"curies":[{"name":"wp","href":"https:\/\/api.w.org\/{rel}","templated":true}]}}