{"id":3401,"date":"2025-05-22T15:16:03","date_gmt":"2025-05-22T13:16:03","guid":{"rendered":"https:\/\/indehei.nl\/reserveren\/unkategorisiert\/der-milchtankraum\/"},"modified":"2025-07-22T11:06:53","modified_gmt":"2025-07-22T09:06:53","slug":"der-milchtankraum","status":"publish","type":"product","link":"https:\/\/indehei.nl\/de\/reservieren\/bb-zimmer\/het-tanklokaal\/","title":{"rendered":"Het Tanklokaal"},"content":{"rendered":"<div class=\"elementor-element elementor-element-5ee482d elementor-icon-list--layout-traditional elementor-list-item-link-full_width elementor-widget elementor-widget-icon-list\" data-id=\"5ee482d\" data-element_type=\"widget\" data-widget_type=\"icon-list.default\">\n<div class=\"elementor-widget-container\">\n<p>Ein einzigartiges Zimmer mit Geschichte: Fr\u00fcher wurden hier in gro\u00dfen Tanks die Milch gelagert, die durch Rohre in den Stall floss. Heute ist der Raum ein stilvoller R\u00fcckzugsort mit Ankl\u00e4ngen an die Vergangenheit.   <\/p>\n<p>Durch die eigene T\u00fcr gelangst du direkt ins Freie, auf deine private Terrasse. Dort genie\u00dft du morgens dein Fr\u00fchst\u00fcck inmitten von Gr\u00fcn und Ruhe. Ein Ort f\u00fcr Naturliebhaber, Ruhesuchende und alle, die dem Alltag entfliehen m\u00f6chten.   <\/p>\n<\/div>\n<\/div>\n","protected":false},"excerpt":{"rendered":"<ul>\n<li>Zwei Einzel-Boxspringbetten<\/li>\n<li>Luxuri\u00f6ses Bad en suite mit Badewanne und begehbarer Dusche<\/li>\n<li>Terrasse mit Blick auf den Wald<\/li>\n<li>Fr\u00fchst\u00fcck mit regionalen Produkten<\/li>\n<li>Gem\u00fctliche Sitzecke<\/li>\n<li>Fernseher<\/li>\n<li>WLAN<\/li>\n<\/ul>\n<p><strong><em>Inklusive Fr\u00fchst\u00fcck<br \/>\n<\/em><em>Kinder ab 12 Jahren<br \/>\n<\/em><em>Keine Hausdiere<br \/>\n<\/em><em>Nichtraucher<\/em><\/strong><\/p>\n","protected":false},"featured_media":2240,"comment_status":"closed","ping_status":"closed","template":"","meta":{"_acf_changed":false},"product_brand":[],"product_cat":[53],"product_tag":[],"class_list":{"0":"post-3401","1":"product","2":"type-product","3":"status-publish","4":"has-post-thumbnail","6":"product_cat-bb-zimmer","8":"first","9":"instock","10":"taxable","11":"shipping-taxable","12":"purchasable","13":"product-type-simple"},"acf":[],"yoast_head":"<!-- This site is optimized with the Yoast SEO plugin v26.7 - https:\/\/yoast.com\/wordpress\/plugins\/seo\/ -->\n<title>Het Tanklokaal - In de Hei<\/title>\n<meta name=\"robots\" content=\"index, follow, max-snippet:-1, max-image-preview:large, max-video-preview:-1\" \/>\n<link rel=\"canonical\" href=\"https:\/\/indehei.nl\/de\/reservieren\/bb-zimmer\/het-tanklokaal\/\" \/>\n<meta property=\"og:locale\" content=\"de_DE\" \/>\n<meta property=\"og:type\" content=\"article\" \/>\n<meta property=\"og:title\" content=\"Het Tanklokaal - In de Hei\" \/>\n<meta property=\"og:description\" content=\"Zwei Einzel-Boxspringbetten  Luxuri\u00f6ses Bad en suite mit Badewanne und begehbarer Dusche  Terrasse mit Blick auf den Wald  Fr\u00fchst\u00fcck mit regionalen Produkten  Gem\u00fctliche Sitzecke  Fernseher  WLAN Inklusive Fr\u00fchst\u00fcck Kinder ab 12 Jahren Keine Hausdiere Nichtraucher\" \/>\n<meta property=\"og:url\" content=\"https:\/\/indehei.nl\/de\/reservieren\/bb-zimmer\/het-tanklokaal\/\" \/>\n<meta property=\"og:site_name\" content=\"In de Hei\" \/>\n<meta property=\"article:modified_time\" content=\"2025-07-22T09:06:53+00:00\" \/>\n<meta name=\"twitter:card\" content=\"summary_large_image\" \/>\n<script type=\"application\/ld+json\" class=\"yoast-schema-graph\">{\"@context\":\"https:\/\/schema.org\",\"@graph\":[{\"@type\":\"WebPage\",\"@id\":\"https:\/\/indehei.nl\/de\/reservieren\/bb-zimmer\/het-tanklokaal\/\",\"url\":\"https:\/\/indehei.nl\/de\/reservieren\/bb-zimmer\/het-tanklokaal\/\",\"name\":\"Het Tanklokaal - In de Hei\",\"isPartOf\":{\"@id\":\"https:\/\/indehei.nl\/de\/#website\"},\"primaryImageOfPage\":{\"@id\":\"https:\/\/indehei.nl\/de\/reservieren\/bb-zimmer\/het-tanklokaal\/#primaryimage\"},\"image\":{\"@id\":\"https:\/\/indehei.nl\/de\/reservieren\/bb-zimmer\/het-tanklokaal\/#primaryimage\"},\"thumbnailUrl\":\"https:\/\/indehei.nl\/wp-content\/uploads\/2025\/05\/In-de-Hei-Het-tank-lokaal-5-scaled.jpg\",\"datePublished\":\"2025-05-22T13:16:03+00:00\",\"dateModified\":\"2025-07-22T09:06:53+00:00\",\"breadcrumb\":{\"@id\":\"https:\/\/indehei.nl\/de\/reservieren\/bb-zimmer\/het-tanklokaal\/#breadcrumb\"},\"inLanguage\":\"de\",\"potentialAction\":[{\"@type\":\"ReadAction\",\"target\":[\"https:\/\/indehei.nl\/de\/reservieren\/bb-zimmer\/het-tanklokaal\/\"]}]},{\"@type\":\"ImageObject\",\"inLanguage\":\"de\",\"@id\":\"https:\/\/indehei.nl\/de\/reservieren\/bb-zimmer\/het-tanklokaal\/#primaryimage\",\"url\":\"https:\/\/indehei.nl\/wp-content\/uploads\/2025\/05\/In-de-Hei-Het-tank-lokaal-5-scaled.jpg\",\"contentUrl\":\"https:\/\/indehei.nl\/wp-content\/uploads\/2025\/05\/In-de-Hei-Het-tank-lokaal-5-scaled.jpg\",\"width\":2560,\"height\":1707},{\"@type\":\"BreadcrumbList\",\"@id\":\"https:\/\/indehei.nl\/de\/reservieren\/bb-zimmer\/het-tanklokaal\/#breadcrumb\",\"itemListElement\":[{\"@type\":\"ListItem\",\"position\":1,\"name\":\"Home\",\"item\":\"https:\/\/indehei.nl\/de\/\"},{\"@type\":\"ListItem\",\"position\":2,\"name\":\"Reservieren\",\"item\":\"https:\/\/indehei.nl\/de\/reservieren\/\"},{\"@type\":\"ListItem\",\"position\":3,\"name\":\"Het Tanklokaal\"}]},{\"@type\":\"WebSite\",\"@id\":\"https:\/\/indehei.nl\/de\/#website\",\"url\":\"https:\/\/indehei.nl\/de\/\",\"name\":\"In de Hei\",\"description\":\"Alpaca&#039;s, lunch, overnachten, vergaderen - Landelijk genieten\",\"publisher\":{\"@id\":\"https:\/\/indehei.nl\/de\/#organization\"},\"potentialAction\":[{\"@type\":\"SearchAction\",\"target\":{\"@type\":\"EntryPoint\",\"urlTemplate\":\"https:\/\/indehei.nl\/de\/?s={search_term_string}\"},\"query-input\":{\"@type\":\"PropertyValueSpecification\",\"valueRequired\":true,\"valueName\":\"search_term_string\"}}],\"inLanguage\":\"de\"},{\"@type\":\"Organization\",\"@id\":\"https:\/\/indehei.nl\/de\/#organization\",\"name\":\"In de Hei\",\"url\":\"https:\/\/indehei.nl\/de\/\",\"logo\":{\"@type\":\"ImageObject\",\"inLanguage\":\"de\",\"@id\":\"https:\/\/indehei.nl\/de\/#\/schema\/logo\/image\/\",\"url\":\"https:\/\/indehei.nl\/wp-content\/uploads\/2025\/04\/IndeHei_2024_ORG_DEF.svg\",\"contentUrl\":\"https:\/\/indehei.nl\/wp-content\/uploads\/2025\/04\/IndeHei_2024_ORG_DEF.svg\",\"caption\":\"In de Hei\"},\"image\":{\"@id\":\"https:\/\/indehei.nl\/de\/#\/schema\/logo\/image\/\"}}]}<\/script>\n<!-- \/ Yoast SEO plugin. -->","yoast_head_json":{"title":"Het Tanklokaal - In de Hei","robots":{"index":"index","follow":"follow","max-snippet":"max-snippet:-1","max-image-preview":"max-image-preview:large","max-video-preview":"max-video-preview:-1"},"canonical":"https:\/\/indehei.nl\/de\/reservieren\/bb-zimmer\/het-tanklokaal\/","og_locale":"de_DE","og_type":"article","og_title":"Het Tanklokaal - In de Hei","og_description":"Zwei Einzel-Boxspringbetten  Luxuri\u00f6ses Bad en suite mit Badewanne und begehbarer Dusche  Terrasse mit Blick auf den Wald  Fr\u00fchst\u00fcck mit regionalen Produkten  Gem\u00fctliche Sitzecke  Fernseher  WLAN Inklusive Fr\u00fchst\u00fcck Kinder ab 12 Jahren Keine Hausdiere Nichtraucher","og_url":"https:\/\/indehei.nl\/de\/reservieren\/bb-zimmer\/het-tanklokaal\/","og_site_name":"In de Hei","article_modified_time":"2025-07-22T09:06:53+00:00","twitter_card":"summary_large_image","schema":{"@context":"https:\/\/schema.org","@graph":[{"@type":"WebPage","@id":"https:\/\/indehei.nl\/de\/reservieren\/bb-zimmer\/het-tanklokaal\/","url":"https:\/\/indehei.nl\/de\/reservieren\/bb-zimmer\/het-tanklokaal\/","name":"Het Tanklokaal - In de Hei","isPartOf":{"@id":"https:\/\/indehei.nl\/de\/#website"},"primaryImageOfPage":{"@id":"https:\/\/indehei.nl\/de\/reservieren\/bb-zimmer\/het-tanklokaal\/#primaryimage"},"image":{"@id":"https:\/\/indehei.nl\/de\/reservieren\/bb-zimmer\/het-tanklokaal\/#primaryimage"},"thumbnailUrl":"https:\/\/indehei.nl\/wp-content\/uploads\/2025\/05\/In-de-Hei-Het-tank-lokaal-5-scaled.jpg","datePublished":"2025-05-22T13:16:03+00:00","dateModified":"2025-07-22T09:06:53+00:00","breadcrumb":{"@id":"https:\/\/indehei.nl\/de\/reservieren\/bb-zimmer\/het-tanklokaal\/#breadcrumb"},"inLanguage":"de","potentialAction":[{"@type":"ReadAction","target":["https:\/\/indehei.nl\/de\/reservieren\/bb-zimmer\/het-tanklokaal\/"]}]},{"@type":"ImageObject","inLanguage":"de","@id":"https:\/\/indehei.nl\/de\/reservieren\/bb-zimmer\/het-tanklokaal\/#primaryimage","url":"https:\/\/indehei.nl\/wp-content\/uploads\/2025\/05\/In-de-Hei-Het-tank-lokaal-5-scaled.jpg","contentUrl":"https:\/\/indehei.nl\/wp-content\/uploads\/2025\/05\/In-de-Hei-Het-tank-lokaal-5-scaled.jpg","width":2560,"height":1707},{"@type":"BreadcrumbList","@id":"https:\/\/indehei.nl\/de\/reservieren\/bb-zimmer\/het-tanklokaal\/#breadcrumb","itemListElement":[{"@type":"ListItem","position":1,"name":"Home","item":"https:\/\/indehei.nl\/de\/"},{"@type":"ListItem","position":2,"name":"Reservieren","item":"https:\/\/indehei.nl\/de\/reservieren\/"},{"@type":"ListItem","position":3,"name":"Het Tanklokaal"}]},{"@type":"WebSite","@id":"https:\/\/indehei.nl\/de\/#website","url":"https:\/\/indehei.nl\/de\/","name":"In de Hei","description":"Alpaca&#039;s, lunch, overnachten, vergaderen - Landelijk genieten","publisher":{"@id":"https:\/\/indehei.nl\/de\/#organization"},"potentialAction":[{"@type":"SearchAction","target":{"@type":"EntryPoint","urlTemplate":"https:\/\/indehei.nl\/de\/?s={search_term_string}"},"query-input":{"@type":"PropertyValueSpecification","valueRequired":true,"valueName":"search_term_string"}}],"inLanguage":"de"},{"@type":"Organization","@id":"https:\/\/indehei.nl\/de\/#organization","name":"In de Hei","url":"https:\/\/indehei.nl\/de\/","logo":{"@type":"ImageObject","inLanguage":"de","@id":"https:\/\/indehei.nl\/de\/#\/schema\/logo\/image\/","url":"https:\/\/indehei.nl\/wp-content\/uploads\/2025\/04\/IndeHei_2024_ORG_DEF.svg","contentUrl":"https:\/\/indehei.nl\/wp-content\/uploads\/2025\/04\/IndeHei_2024_ORG_DEF.svg","caption":"In de Hei"},"image":{"@id":"https:\/\/indehei.nl\/de\/#\/schema\/logo\/image\/"}}]}},"_links":{"self":[{"href":"https:\/\/indehei.nl\/de\/wp-json\/wp\/v2\/product\/3401","targetHints":{"allow":["GET"]}}],"collection":[{"href":"https:\/\/indehei.nl\/de\/wp-json\/wp\/v2\/product"}],"about":[{"href":"https:\/\/indehei.nl\/de\/wp-json\/wp\/v2\/types\/product"}],"replies":[{"embeddable":true,"href":"https:\/\/indehei.nl\/de\/wp-json\/wp\/v2\/comments?post=3401"}],"wp:featuredmedia":[{"embeddable":true,"href":"https:\/\/indehei.nl\/de\/wp-json\/wp\/v2\/media\/2240"}],"wp:attachment":[{"href":"https:\/\/indehei.nl\/de\/wp-json\/wp\/v2\/media?parent=3401"}],"wp:term":[{"taxonomy":"product_brand","embeddable":true,"href":"https:\/\/indehei.nl\/de\/wp-json\/wp\/v2\/product_brand?post=3401"},{"taxonomy":"product_cat","embeddable":true,"href":"https:\/\/indehei.nl\/de\/wp-json\/wp\/v2\/product_cat?post=3401"},{"taxonomy":"product_tag","embeddable":true,"href":"https:\/\/indehei.nl\/de\/wp-json\/wp\/v2\/product_tag?post=3401"}],"curies":[{"name":"wp","href":"https:\/\/api.w.org\/{rel}","templated":true}]}}