{"id":3403,"date":"2025-05-22T15:34:11","date_gmt":"2025-05-22T13:34:11","guid":{"rendered":"https:\/\/indehei.nl\/reserveren\/unkategorisiert\/der-maeusebussard\/"},"modified":"2025-07-22T11:04:04","modified_gmt":"2025-07-22T09:04:04","slug":"der-maeusebussard","status":"publish","type":"product","link":"https:\/\/indehei.nl\/de\/reservieren\/de-buizerd\/","title":{"rendered":"De Buizerd"},"content":{"rendered":"<p>Unser Bed &amp; Breakfast liegt etwas au\u00dferhalb von Mariahout, mitten im Gr\u00fcnen. Umgeben von Ruhe, Wiesen und Waldlandschaften. H\u00e4ufig kreisen hier Greifv\u00f6gel \u00fcber das Gel\u00e4nde, darunter auch der imposante M\u00e4usebussard. Unser Zimmer Der M\u00e4usebussard ist nach diesem eleganten Vogel benannt. Es bietet eine stimmungsvolle, gem\u00fctliche Unterkunft f\u00fcr alle, die wirklich zur Ruhe kommen wollen.    <\/p>\n<p>Ein Dachfenster bringt nat\u00fcrliches Licht in den Raum und holt die Natur nach drinnen. Tags\u00fcber tanzt das Sonnenlicht auf dem Boden, abends siehst du vom Bett aus dem Sternenhimmel, vielleicht sogar einen M\u00e4usebussard im Flug?   <\/p>\n","protected":false},"excerpt":{"rendered":"<ul>\n<li>Zwei Einzel-Boxspringbetten<\/li>\n<li>Luxuri\u00f6ses Bad en suite mit begehbarer Dusche<\/li>\n<li>Fr\u00fchst\u00fcck mit regionalen Produkten<\/li>\n<li>Gem\u00fctliche Sitzecke<\/li>\n<li>Fernseher<\/li>\n<li>WLAN<\/li>\n<\/ul>\n<p><strong><em>Inklusive Fr\u00fchst\u00fcck<br \/>\n<\/em><em>Kinder ab 12 Jahren<br \/>\n<\/em><em>Keine Hausdiere<br \/>\n<\/em><em>Nichtraucher<\/em><\/strong><\/p>\n","protected":false},"featured_media":2183,"comment_status":"closed","ping_status":"closed","template":"","meta":{"_acf_changed":false},"product_brand":[],"product_cat":[53],"product_tag":[],"class_list":{"0":"post-3403","1":"product","2":"type-product","3":"status-publish","4":"has-post-thumbnail","6":"product_cat-bb-zimmer","8":"first","9":"instock","10":"taxable","11":"shipping-taxable","12":"purchasable","13":"product-type-simple"},"acf":[],"yoast_head":"<!-- This site is optimized with the Yoast SEO plugin v26.7 - https:\/\/yoast.com\/wordpress\/plugins\/seo\/ -->\n<title>De Buizerd - In de Hei<\/title>\n<meta name=\"robots\" content=\"index, follow, max-snippet:-1, max-image-preview:large, max-video-preview:-1\" \/>\n<link rel=\"canonical\" href=\"https:\/\/indehei.nl\/de\/reservieren\/de-buizerd\/\" \/>\n<meta property=\"og:locale\" content=\"de_DE\" \/>\n<meta property=\"og:type\" content=\"article\" \/>\n<meta property=\"og:title\" content=\"De Buizerd - In de Hei\" \/>\n<meta property=\"og:description\" content=\"Zwei Einzel-Boxspringbetten  Luxuri\u00f6ses Bad en suite mit begehbarer Dusche  Fr\u00fchst\u00fcck mit regionalen Produkten  Gem\u00fctliche Sitzecke  Fernseher  WLAN Inklusive Fr\u00fchst\u00fcck Kinder ab 12 Jahren Keine Hausdiere Nichtraucher\" \/>\n<meta property=\"og:url\" content=\"https:\/\/indehei.nl\/de\/reservieren\/de-buizerd\/\" \/>\n<meta property=\"og:site_name\" content=\"In de Hei\" \/>\n<meta property=\"article:modified_time\" content=\"2025-07-22T09:04:04+00:00\" \/>\n<meta name=\"twitter:card\" content=\"summary_large_image\" \/>\n<meta name=\"twitter:label1\" content=\"Gesch\u00e4tzte Lesezeit\" \/>\n\t<meta name=\"twitter:data1\" content=\"1\u00a0Minute\" \/>\n<script type=\"application\/ld+json\" class=\"yoast-schema-graph\">{\"@context\":\"https:\/\/schema.org\",\"@graph\":[{\"@type\":\"WebPage\",\"@id\":\"https:\/\/indehei.nl\/de\/reservieren\/de-buizerd\/\",\"url\":\"https:\/\/indehei.nl\/de\/reservieren\/de-buizerd\/\",\"name\":\"De Buizerd - In de Hei\",\"isPartOf\":{\"@id\":\"https:\/\/indehei.nl\/de\/#website\"},\"primaryImageOfPage\":{\"@id\":\"https:\/\/indehei.nl\/de\/reservieren\/de-buizerd\/#primaryimage\"},\"image\":{\"@id\":\"https:\/\/indehei.nl\/de\/reservieren\/de-buizerd\/#primaryimage\"},\"thumbnailUrl\":\"https:\/\/indehei.nl\/wp-content\/uploads\/2025\/05\/In-de-Hei-De-buizerd-9-scaled.jpg\",\"datePublished\":\"2025-05-22T13:34:11+00:00\",\"dateModified\":\"2025-07-22T09:04:04+00:00\",\"breadcrumb\":{\"@id\":\"https:\/\/indehei.nl\/de\/reservieren\/de-buizerd\/#breadcrumb\"},\"inLanguage\":\"de\",\"potentialAction\":[{\"@type\":\"ReadAction\",\"target\":[\"https:\/\/indehei.nl\/de\/reservieren\/de-buizerd\/\"]}]},{\"@type\":\"ImageObject\",\"inLanguage\":\"de\",\"@id\":\"https:\/\/indehei.nl\/de\/reservieren\/de-buizerd\/#primaryimage\",\"url\":\"https:\/\/indehei.nl\/wp-content\/uploads\/2025\/05\/In-de-Hei-De-buizerd-9-scaled.jpg\",\"contentUrl\":\"https:\/\/indehei.nl\/wp-content\/uploads\/2025\/05\/In-de-Hei-De-buizerd-9-scaled.jpg\",\"width\":2560,\"height\":1707},{\"@type\":\"BreadcrumbList\",\"@id\":\"https:\/\/indehei.nl\/de\/reservieren\/de-buizerd\/#breadcrumb\",\"itemListElement\":[{\"@type\":\"ListItem\",\"position\":1,\"name\":\"Home\",\"item\":\"https:\/\/indehei.nl\/de\/\"},{\"@type\":\"ListItem\",\"position\":2,\"name\":\"Reservieren\",\"item\":\"https:\/\/indehei.nl\/de\/reservieren\/\"},{\"@type\":\"ListItem\",\"position\":3,\"name\":\"De Buizerd\"}]},{\"@type\":\"WebSite\",\"@id\":\"https:\/\/indehei.nl\/de\/#website\",\"url\":\"https:\/\/indehei.nl\/de\/\",\"name\":\"In de Hei\",\"description\":\"Alpaca&#039;s, lunch, overnachten, vergaderen - Landelijk genieten\",\"publisher\":{\"@id\":\"https:\/\/indehei.nl\/de\/#organization\"},\"potentialAction\":[{\"@type\":\"SearchAction\",\"target\":{\"@type\":\"EntryPoint\",\"urlTemplate\":\"https:\/\/indehei.nl\/de\/?s={search_term_string}\"},\"query-input\":{\"@type\":\"PropertyValueSpecification\",\"valueRequired\":true,\"valueName\":\"search_term_string\"}}],\"inLanguage\":\"de\"},{\"@type\":\"Organization\",\"@id\":\"https:\/\/indehei.nl\/de\/#organization\",\"name\":\"In de Hei\",\"url\":\"https:\/\/indehei.nl\/de\/\",\"logo\":{\"@type\":\"ImageObject\",\"inLanguage\":\"de\",\"@id\":\"https:\/\/indehei.nl\/de\/#\/schema\/logo\/image\/\",\"url\":\"https:\/\/indehei.nl\/wp-content\/uploads\/2025\/04\/IndeHei_2024_ORG_DEF.svg\",\"contentUrl\":\"https:\/\/indehei.nl\/wp-content\/uploads\/2025\/04\/IndeHei_2024_ORG_DEF.svg\",\"caption\":\"In de Hei\"},\"image\":{\"@id\":\"https:\/\/indehei.nl\/de\/#\/schema\/logo\/image\/\"}}]}<\/script>\n<!-- \/ Yoast SEO plugin. -->","yoast_head_json":{"title":"De Buizerd - In de Hei","robots":{"index":"index","follow":"follow","max-snippet":"max-snippet:-1","max-image-preview":"max-image-preview:large","max-video-preview":"max-video-preview:-1"},"canonical":"https:\/\/indehei.nl\/de\/reservieren\/de-buizerd\/","og_locale":"de_DE","og_type":"article","og_title":"De Buizerd - In de Hei","og_description":"Zwei Einzel-Boxspringbetten  Luxuri\u00f6ses Bad en suite mit begehbarer Dusche  Fr\u00fchst\u00fcck mit regionalen Produkten  Gem\u00fctliche Sitzecke  Fernseher  WLAN Inklusive Fr\u00fchst\u00fcck Kinder ab 12 Jahren Keine Hausdiere Nichtraucher","og_url":"https:\/\/indehei.nl\/de\/reservieren\/de-buizerd\/","og_site_name":"In de Hei","article_modified_time":"2025-07-22T09:04:04+00:00","twitter_card":"summary_large_image","twitter_misc":{"Gesch\u00e4tzte Lesezeit":"1\u00a0Minute"},"schema":{"@context":"https:\/\/schema.org","@graph":[{"@type":"WebPage","@id":"https:\/\/indehei.nl\/de\/reservieren\/de-buizerd\/","url":"https:\/\/indehei.nl\/de\/reservieren\/de-buizerd\/","name":"De Buizerd - In de Hei","isPartOf":{"@id":"https:\/\/indehei.nl\/de\/#website"},"primaryImageOfPage":{"@id":"https:\/\/indehei.nl\/de\/reservieren\/de-buizerd\/#primaryimage"},"image":{"@id":"https:\/\/indehei.nl\/de\/reservieren\/de-buizerd\/#primaryimage"},"thumbnailUrl":"https:\/\/indehei.nl\/wp-content\/uploads\/2025\/05\/In-de-Hei-De-buizerd-9-scaled.jpg","datePublished":"2025-05-22T13:34:11+00:00","dateModified":"2025-07-22T09:04:04+00:00","breadcrumb":{"@id":"https:\/\/indehei.nl\/de\/reservieren\/de-buizerd\/#breadcrumb"},"inLanguage":"de","potentialAction":[{"@type":"ReadAction","target":["https:\/\/indehei.nl\/de\/reservieren\/de-buizerd\/"]}]},{"@type":"ImageObject","inLanguage":"de","@id":"https:\/\/indehei.nl\/de\/reservieren\/de-buizerd\/#primaryimage","url":"https:\/\/indehei.nl\/wp-content\/uploads\/2025\/05\/In-de-Hei-De-buizerd-9-scaled.jpg","contentUrl":"https:\/\/indehei.nl\/wp-content\/uploads\/2025\/05\/In-de-Hei-De-buizerd-9-scaled.jpg","width":2560,"height":1707},{"@type":"BreadcrumbList","@id":"https:\/\/indehei.nl\/de\/reservieren\/de-buizerd\/#breadcrumb","itemListElement":[{"@type":"ListItem","position":1,"name":"Home","item":"https:\/\/indehei.nl\/de\/"},{"@type":"ListItem","position":2,"name":"Reservieren","item":"https:\/\/indehei.nl\/de\/reservieren\/"},{"@type":"ListItem","position":3,"name":"De Buizerd"}]},{"@type":"WebSite","@id":"https:\/\/indehei.nl\/de\/#website","url":"https:\/\/indehei.nl\/de\/","name":"In de Hei","description":"Alpaca&#039;s, lunch, overnachten, vergaderen - Landelijk genieten","publisher":{"@id":"https:\/\/indehei.nl\/de\/#organization"},"potentialAction":[{"@type":"SearchAction","target":{"@type":"EntryPoint","urlTemplate":"https:\/\/indehei.nl\/de\/?s={search_term_string}"},"query-input":{"@type":"PropertyValueSpecification","valueRequired":true,"valueName":"search_term_string"}}],"inLanguage":"de"},{"@type":"Organization","@id":"https:\/\/indehei.nl\/de\/#organization","name":"In de Hei","url":"https:\/\/indehei.nl\/de\/","logo":{"@type":"ImageObject","inLanguage":"de","@id":"https:\/\/indehei.nl\/de\/#\/schema\/logo\/image\/","url":"https:\/\/indehei.nl\/wp-content\/uploads\/2025\/04\/IndeHei_2024_ORG_DEF.svg","contentUrl":"https:\/\/indehei.nl\/wp-content\/uploads\/2025\/04\/IndeHei_2024_ORG_DEF.svg","caption":"In de Hei"},"image":{"@id":"https:\/\/indehei.nl\/de\/#\/schema\/logo\/image\/"}}]}},"_links":{"self":[{"href":"https:\/\/indehei.nl\/de\/wp-json\/wp\/v2\/product\/3403","targetHints":{"allow":["GET"]}}],"collection":[{"href":"https:\/\/indehei.nl\/de\/wp-json\/wp\/v2\/product"}],"about":[{"href":"https:\/\/indehei.nl\/de\/wp-json\/wp\/v2\/types\/product"}],"replies":[{"embeddable":true,"href":"https:\/\/indehei.nl\/de\/wp-json\/wp\/v2\/comments?post=3403"}],"wp:featuredmedia":[{"embeddable":true,"href":"https:\/\/indehei.nl\/de\/wp-json\/wp\/v2\/media\/2183"}],"wp:attachment":[{"href":"https:\/\/indehei.nl\/de\/wp-json\/wp\/v2\/media?parent=3403"}],"wp:term":[{"taxonomy":"product_brand","embeddable":true,"href":"https:\/\/indehei.nl\/de\/wp-json\/wp\/v2\/product_brand?post=3403"},{"taxonomy":"product_cat","embeddable":true,"href":"https:\/\/indehei.nl\/de\/wp-json\/wp\/v2\/product_cat?post=3403"},{"taxonomy":"product_tag","embeddable":true,"href":"https:\/\/indehei.nl\/de\/wp-json\/wp\/v2\/product_tag?post=3403"}],"curies":[{"name":"wp","href":"https:\/\/api.w.org\/{rel}","templated":true}]}}