{"id":3405,"date":"2025-05-22T15:43:06","date_gmt":"2025-05-22T13:43:06","guid":{"rendered":"https:\/\/indehei.nl\/reserveren\/unkategorisiert\/cabin\/"},"modified":"2025-05-22T15:43:06","modified_gmt":"2025-05-22T13:43:06","slug":"cabin","status":"publish","type":"product","link":"https:\/\/indehei.nl\/de\/reservieren\/cabin\/","title":{"rendered":"Cabin"},"content":{"rendered":"<pre><strong>Midden in de natuur<\/strong><\/pre>\n<p>In unseren Cabins bist du der Natur ganz nah, pur, ruhig und ohne Ablenkung. Von der Veranda und dem Wohnraum aus blickst du auf die Alpakawiese und die weite Brabanter Landschaft. Selbst vom Bett aus kannst du durch das gro\u00dfe Fenster das Gr\u00fcn genie\u00dfen. Wusstest du, dass dieses Gebiet im Volksmund \u201e\u2019t Hertenkamp\u201c genannt wird? Der Name kommt nicht von ungef\u00e4hr \u2013 mit etwas Gl\u00fcck siehst du ein Reh vorbeih\u00fcpfen, w\u00e4hrend du dem Vogelgesang lauschst.     <\/p>\n<p>Am Morgen machst du den Ofen an und genie\u00dft dazu eine Tasse Kaffee oder Tee. Deine einzige Aufgabe: entspannen. Kein Stress, kein Terminplan, nur Zeit, um wirklich zur Ruhe zu kommen. Wei\u00dft du nicht, womit du anfangen sollst? Wir helfen dir gerne weiter. Vielleicht mit einem Bad in deiner eigenen Hottub, lass das warme Wasser seine Wirkung entfalten.      <\/p>\n","protected":false},"excerpt":{"rendered":"<ul>\n<li>Zwei Doppelbetten<\/li>\n<li>Holzofen mit Backrohr zum Kochen<\/li>\n<li>K\u00fcchenzeile mit K\u00fchlschrank<\/li>\n<li>Gem\u00fctlicher Chill-Bereich<\/li>\n<li>Gro\u00dfe Veranda<\/li>\n<li>Regendusche<\/li>\n<li>Handt\u00fccher<\/li>\n<\/ul>\n","protected":false},"featured_media":2144,"comment_status":"closed","ping_status":"closed","template":"","meta":{"_acf_changed":false},"product_brand":[],"product_cat":[55],"product_tag":[],"class_list":{"0":"post-3405","1":"product","2":"type-product","3":"status-publish","4":"has-post-thumbnail","6":"product_cat-unsere-cabins","8":"first","9":"instock","10":"taxable","11":"shipping-taxable","12":"purchasable","13":"product-type-simple"},"acf":[],"yoast_head":"<!-- This site is optimized with the Yoast SEO plugin v26.7 - https:\/\/yoast.com\/wordpress\/plugins\/seo\/ -->\n<title>Cabin - In de Hei<\/title>\n<meta name=\"robots\" content=\"index, follow, max-snippet:-1, max-image-preview:large, max-video-preview:-1\" \/>\n<link rel=\"canonical\" href=\"https:\/\/indehei.nl\/de\/reservieren\/cabin\/\" \/>\n<meta property=\"og:locale\" content=\"de_DE\" \/>\n<meta property=\"og:type\" content=\"article\" \/>\n<meta property=\"og:title\" content=\"Cabin - In de Hei\" \/>\n<meta property=\"og:description\" content=\"Zwei Doppelbetten  Holzofen mit Backrohr zum Kochen  K\u00fcchenzeile mit K\u00fchlschrank  Gem\u00fctlicher Chill-Bereich  Gro\u00dfe Veranda  Regendusche  Handt\u00fccher\" \/>\n<meta property=\"og:url\" content=\"https:\/\/indehei.nl\/de\/reservieren\/cabin\/\" \/>\n<meta property=\"og:site_name\" content=\"In de Hei\" \/>\n<meta property=\"og:image\" content=\"https:\/\/indehei.nl\/wp-content\/uploads\/2025\/05\/In-de-Hei-Cabin-14-scaled.jpg\" \/>\n\t<meta property=\"og:image:width\" content=\"2560\" \/>\n\t<meta property=\"og:image:height\" content=\"1918\" \/>\n\t<meta property=\"og:image:type\" content=\"image\/jpeg\" \/>\n<meta name=\"twitter:card\" content=\"summary_large_image\" \/>\n<meta name=\"twitter:label1\" content=\"Gesch\u00e4tzte Lesezeit\" \/>\n\t<meta name=\"twitter:data1\" content=\"1\u00a0Minute\" \/>\n<script type=\"application\/ld+json\" class=\"yoast-schema-graph\">{\"@context\":\"https:\/\/schema.org\",\"@graph\":[{\"@type\":\"WebPage\",\"@id\":\"https:\/\/indehei.nl\/de\/reservieren\/cabin\/\",\"url\":\"https:\/\/indehei.nl\/de\/reservieren\/cabin\/\",\"name\":\"Cabin - In de Hei\",\"isPartOf\":{\"@id\":\"https:\/\/indehei.nl\/de\/#website\"},\"primaryImageOfPage\":{\"@id\":\"https:\/\/indehei.nl\/de\/reservieren\/cabin\/#primaryimage\"},\"image\":{\"@id\":\"https:\/\/indehei.nl\/de\/reservieren\/cabin\/#primaryimage\"},\"thumbnailUrl\":\"https:\/\/indehei.nl\/wp-content\/uploads\/2025\/05\/In-de-Hei-Cabin-14-scaled.jpg\",\"datePublished\":\"2025-05-22T13:43:06+00:00\",\"breadcrumb\":{\"@id\":\"https:\/\/indehei.nl\/de\/reservieren\/cabin\/#breadcrumb\"},\"inLanguage\":\"de\",\"potentialAction\":[{\"@type\":\"ReadAction\",\"target\":[\"https:\/\/indehei.nl\/de\/reservieren\/cabin\/\"]}]},{\"@type\":\"ImageObject\",\"inLanguage\":\"de\",\"@id\":\"https:\/\/indehei.nl\/de\/reservieren\/cabin\/#primaryimage\",\"url\":\"https:\/\/indehei.nl\/wp-content\/uploads\/2025\/05\/In-de-Hei-Cabin-14-scaled.jpg\",\"contentUrl\":\"https:\/\/indehei.nl\/wp-content\/uploads\/2025\/05\/In-de-Hei-Cabin-14-scaled.jpg\",\"width\":2560,\"height\":1918,\"caption\":\"default\"},{\"@type\":\"BreadcrumbList\",\"@id\":\"https:\/\/indehei.nl\/de\/reservieren\/cabin\/#breadcrumb\",\"itemListElement\":[{\"@type\":\"ListItem\",\"position\":1,\"name\":\"Home\",\"item\":\"https:\/\/indehei.nl\/de\/\"},{\"@type\":\"ListItem\",\"position\":2,\"name\":\"Reservieren\",\"item\":\"https:\/\/indehei.nl\/de\/reservieren\/\"},{\"@type\":\"ListItem\",\"position\":3,\"name\":\"Cabin\"}]},{\"@type\":\"WebSite\",\"@id\":\"https:\/\/indehei.nl\/de\/#website\",\"url\":\"https:\/\/indehei.nl\/de\/\",\"name\":\"In de Hei\",\"description\":\"Alpaca&#039;s, lunch, overnachten, vergaderen - Landelijk genieten\",\"publisher\":{\"@id\":\"https:\/\/indehei.nl\/de\/#organization\"},\"potentialAction\":[{\"@type\":\"SearchAction\",\"target\":{\"@type\":\"EntryPoint\",\"urlTemplate\":\"https:\/\/indehei.nl\/de\/?s={search_term_string}\"},\"query-input\":{\"@type\":\"PropertyValueSpecification\",\"valueRequired\":true,\"valueName\":\"search_term_string\"}}],\"inLanguage\":\"de\"},{\"@type\":\"Organization\",\"@id\":\"https:\/\/indehei.nl\/de\/#organization\",\"name\":\"In de Hei\",\"url\":\"https:\/\/indehei.nl\/de\/\",\"logo\":{\"@type\":\"ImageObject\",\"inLanguage\":\"de\",\"@id\":\"https:\/\/indehei.nl\/de\/#\/schema\/logo\/image\/\",\"url\":\"https:\/\/indehei.nl\/wp-content\/uploads\/2025\/04\/IndeHei_2024_ORG_DEF.svg\",\"contentUrl\":\"https:\/\/indehei.nl\/wp-content\/uploads\/2025\/04\/IndeHei_2024_ORG_DEF.svg\",\"caption\":\"In de Hei\"},\"image\":{\"@id\":\"https:\/\/indehei.nl\/de\/#\/schema\/logo\/image\/\"}}]}<\/script>\n<!-- \/ Yoast SEO plugin. -->","yoast_head_json":{"title":"Cabin - In de Hei","robots":{"index":"index","follow":"follow","max-snippet":"max-snippet:-1","max-image-preview":"max-image-preview:large","max-video-preview":"max-video-preview:-1"},"canonical":"https:\/\/indehei.nl\/de\/reservieren\/cabin\/","og_locale":"de_DE","og_type":"article","og_title":"Cabin - In de Hei","og_description":"Zwei Doppelbetten  Holzofen mit Backrohr zum Kochen  K\u00fcchenzeile mit K\u00fchlschrank  Gem\u00fctlicher Chill-Bereich  Gro\u00dfe Veranda  Regendusche  Handt\u00fccher","og_url":"https:\/\/indehei.nl\/de\/reservieren\/cabin\/","og_site_name":"In de Hei","og_image":[{"width":2560,"height":1918,"url":"https:\/\/indehei.nl\/wp-content\/uploads\/2025\/05\/In-de-Hei-Cabin-14-scaled.jpg","type":"image\/jpeg"}],"twitter_card":"summary_large_image","twitter_misc":{"Gesch\u00e4tzte Lesezeit":"1\u00a0Minute"},"schema":{"@context":"https:\/\/schema.org","@graph":[{"@type":"WebPage","@id":"https:\/\/indehei.nl\/de\/reservieren\/cabin\/","url":"https:\/\/indehei.nl\/de\/reservieren\/cabin\/","name":"Cabin - In de Hei","isPartOf":{"@id":"https:\/\/indehei.nl\/de\/#website"},"primaryImageOfPage":{"@id":"https:\/\/indehei.nl\/de\/reservieren\/cabin\/#primaryimage"},"image":{"@id":"https:\/\/indehei.nl\/de\/reservieren\/cabin\/#primaryimage"},"thumbnailUrl":"https:\/\/indehei.nl\/wp-content\/uploads\/2025\/05\/In-de-Hei-Cabin-14-scaled.jpg","datePublished":"2025-05-22T13:43:06+00:00","breadcrumb":{"@id":"https:\/\/indehei.nl\/de\/reservieren\/cabin\/#breadcrumb"},"inLanguage":"de","potentialAction":[{"@type":"ReadAction","target":["https:\/\/indehei.nl\/de\/reservieren\/cabin\/"]}]},{"@type":"ImageObject","inLanguage":"de","@id":"https:\/\/indehei.nl\/de\/reservieren\/cabin\/#primaryimage","url":"https:\/\/indehei.nl\/wp-content\/uploads\/2025\/05\/In-de-Hei-Cabin-14-scaled.jpg","contentUrl":"https:\/\/indehei.nl\/wp-content\/uploads\/2025\/05\/In-de-Hei-Cabin-14-scaled.jpg","width":2560,"height":1918,"caption":"default"},{"@type":"BreadcrumbList","@id":"https:\/\/indehei.nl\/de\/reservieren\/cabin\/#breadcrumb","itemListElement":[{"@type":"ListItem","position":1,"name":"Home","item":"https:\/\/indehei.nl\/de\/"},{"@type":"ListItem","position":2,"name":"Reservieren","item":"https:\/\/indehei.nl\/de\/reservieren\/"},{"@type":"ListItem","position":3,"name":"Cabin"}]},{"@type":"WebSite","@id":"https:\/\/indehei.nl\/de\/#website","url":"https:\/\/indehei.nl\/de\/","name":"In de Hei","description":"Alpaca&#039;s, lunch, overnachten, vergaderen - Landelijk genieten","publisher":{"@id":"https:\/\/indehei.nl\/de\/#organization"},"potentialAction":[{"@type":"SearchAction","target":{"@type":"EntryPoint","urlTemplate":"https:\/\/indehei.nl\/de\/?s={search_term_string}"},"query-input":{"@type":"PropertyValueSpecification","valueRequired":true,"valueName":"search_term_string"}}],"inLanguage":"de"},{"@type":"Organization","@id":"https:\/\/indehei.nl\/de\/#organization","name":"In de Hei","url":"https:\/\/indehei.nl\/de\/","logo":{"@type":"ImageObject","inLanguage":"de","@id":"https:\/\/indehei.nl\/de\/#\/schema\/logo\/image\/","url":"https:\/\/indehei.nl\/wp-content\/uploads\/2025\/04\/IndeHei_2024_ORG_DEF.svg","contentUrl":"https:\/\/indehei.nl\/wp-content\/uploads\/2025\/04\/IndeHei_2024_ORG_DEF.svg","caption":"In de Hei"},"image":{"@id":"https:\/\/indehei.nl\/de\/#\/schema\/logo\/image\/"}}]}},"_links":{"self":[{"href":"https:\/\/indehei.nl\/de\/wp-json\/wp\/v2\/product\/3405","targetHints":{"allow":["GET"]}}],"collection":[{"href":"https:\/\/indehei.nl\/de\/wp-json\/wp\/v2\/product"}],"about":[{"href":"https:\/\/indehei.nl\/de\/wp-json\/wp\/v2\/types\/product"}],"replies":[{"embeddable":true,"href":"https:\/\/indehei.nl\/de\/wp-json\/wp\/v2\/comments?post=3405"}],"wp:featuredmedia":[{"embeddable":true,"href":"https:\/\/indehei.nl\/de\/wp-json\/wp\/v2\/media\/2144"}],"wp:attachment":[{"href":"https:\/\/indehei.nl\/de\/wp-json\/wp\/v2\/media?parent=3405"}],"wp:term":[{"taxonomy":"product_brand","embeddable":true,"href":"https:\/\/indehei.nl\/de\/wp-json\/wp\/v2\/product_brand?post=3405"},{"taxonomy":"product_cat","embeddable":true,"href":"https:\/\/indehei.nl\/de\/wp-json\/wp\/v2\/product_cat?post=3405"},{"taxonomy":"product_tag","embeddable":true,"href":"https:\/\/indehei.nl\/de\/wp-json\/wp\/v2\/product_tag?post=3405"}],"curies":[{"name":"wp","href":"https:\/\/api.w.org\/{rel}","templated":true}]}}