{"id":3407,"date":"2025-05-23T10:12:46","date_gmt":"2025-05-23T08:12:46","guid":{"rendered":"https:\/\/indehei.nl\/reserveren\/unkategorisiert\/de-arcade\/"},"modified":"2025-05-23T10:12:46","modified_gmt":"2025-05-23T08:12:46","slug":"de-arcade","status":"publish","type":"product","link":"https:\/\/indehei.nl\/de\/reservieren\/de-arcade\/","title":{"rendered":"De Arcade"},"content":{"rendered":"<p><strong>Mit ihrem modernen Design verleiht De Arcade dem Glampingplatz In de Hei einen ganz neuen Look.<\/strong><\/p>\n<p>Die erh\u00f6hte Holzterrasse bietet viel Platz zum Leben im Freien, perfekt kombiniert mit einem stilvollen, komfortablen Innenraum. Ein besonderer Teil der Terrasse ist \u00fcberdacht, sodass du sowohl an hei\u00dfen Sommertagen als auch am Abend gesch\u00fctzt drau\u00dfen sitzen kannst. In De Arcade steht dir ein eigenes Badezimmer mit luxuri\u00f6ser Dusche zur Verf\u00fcgung. Und f\u00fcr das ultimative Erlebnis wartet deine eigene Hottub!    <\/p>\n","protected":false},"excerpt":{"rendered":"<div class=\"elementor-element elementor-element-8d5f41e elementor-icon-list--layout-traditional elementor-list-item-link-full_width elementor-widget elementor-widget-icon-list\" data-id=\"8d5f41e\" data-element_type=\"widget\" data-widget_type=\"icon-list.default\">\n<div class=\"elementor-widget-container\">\n<ul class=\"elementor-icon-list-items\">\n<li>Tweepersoonsbed<\/li>\n<li>Hand- und Geschirrt\u00fccher<\/li>\n<li>Kaffee-\/Teezubeh\u00f6r<\/li>\n<li>K\u00fcchenzeile mit K\u00fchlschrank<\/li>\n<li>Eigenes Badezimmer<\/li>\n<li>Pelletofen<\/li>\n<li>Hottub<\/li>\n<li>Ontbijtmandje<\/li>\n<\/ul>\n<\/div>\n<\/div>\n","protected":false},"featured_media":1940,"comment_status":"closed","ping_status":"closed","template":"","meta":{"_acf_changed":false},"product_brand":[],"product_cat":[56],"product_tag":[],"class_list":{"0":"post-3407","1":"product","2":"type-product","3":"status-publish","4":"has-post-thumbnail","6":"product_cat-glamping","8":"first","9":"instock","10":"taxable","11":"shipping-taxable","12":"purchasable","13":"product-type-simple"},"acf":[],"yoast_head":"<!-- This site is optimized with the Yoast SEO plugin v26.7 - https:\/\/yoast.com\/wordpress\/plugins\/seo\/ -->\n<title>De Arcade - In de Hei<\/title>\n<meta name=\"robots\" content=\"index, follow, max-snippet:-1, max-image-preview:large, max-video-preview:-1\" \/>\n<link rel=\"canonical\" href=\"https:\/\/indehei.nl\/de\/reservieren\/de-arcade\/\" \/>\n<meta property=\"og:locale\" content=\"de_DE\" \/>\n<meta property=\"og:type\" content=\"article\" \/>\n<meta property=\"og:title\" content=\"De Arcade - In de Hei\" \/>\n<meta property=\"og:description\" content=\"Tweepersoonsbed  Hand- und Geschirrt\u00fccher  Kaffee-\/Teezubeh\u00f6r  K\u00fcchenzeile mit K\u00fchlschrank  Eigenes Badezimmer  Pelletofen  Hottub  Ontbijtmandje\" \/>\n<meta property=\"og:url\" content=\"https:\/\/indehei.nl\/de\/reservieren\/de-arcade\/\" \/>\n<meta property=\"og:site_name\" content=\"In de Hei\" \/>\n<meta property=\"og:image\" content=\"https:\/\/indehei.nl\/wp-content\/uploads\/2025\/05\/In-de-Hei-De-arcade-18-scaled.jpg\" \/>\n\t<meta property=\"og:image:width\" content=\"2560\" \/>\n\t<meta property=\"og:image:height\" content=\"1918\" \/>\n\t<meta property=\"og:image:type\" content=\"image\/jpeg\" \/>\n<meta name=\"twitter:card\" content=\"summary_large_image\" \/>\n<script type=\"application\/ld+json\" class=\"yoast-schema-graph\">{\"@context\":\"https:\/\/schema.org\",\"@graph\":[{\"@type\":\"WebPage\",\"@id\":\"https:\/\/indehei.nl\/de\/reservieren\/de-arcade\/\",\"url\":\"https:\/\/indehei.nl\/de\/reservieren\/de-arcade\/\",\"name\":\"De Arcade - In de Hei\",\"isPartOf\":{\"@id\":\"https:\/\/indehei.nl\/de\/#website\"},\"primaryImageOfPage\":{\"@id\":\"https:\/\/indehei.nl\/de\/reservieren\/de-arcade\/#primaryimage\"},\"image\":{\"@id\":\"https:\/\/indehei.nl\/de\/reservieren\/de-arcade\/#primaryimage\"},\"thumbnailUrl\":\"https:\/\/indehei.nl\/wp-content\/uploads\/2025\/05\/In-de-Hei-De-arcade-18-scaled.jpg\",\"datePublished\":\"2025-05-23T08:12:46+00:00\",\"breadcrumb\":{\"@id\":\"https:\/\/indehei.nl\/de\/reservieren\/de-arcade\/#breadcrumb\"},\"inLanguage\":\"de\",\"potentialAction\":[{\"@type\":\"ReadAction\",\"target\":[\"https:\/\/indehei.nl\/de\/reservieren\/de-arcade\/\"]}]},{\"@type\":\"ImageObject\",\"inLanguage\":\"de\",\"@id\":\"https:\/\/indehei.nl\/de\/reservieren\/de-arcade\/#primaryimage\",\"url\":\"https:\/\/indehei.nl\/wp-content\/uploads\/2025\/05\/In-de-Hei-De-arcade-18-scaled.jpg\",\"contentUrl\":\"https:\/\/indehei.nl\/wp-content\/uploads\/2025\/05\/In-de-Hei-De-arcade-18-scaled.jpg\",\"width\":2560,\"height\":1918,\"caption\":\"default\"},{\"@type\":\"BreadcrumbList\",\"@id\":\"https:\/\/indehei.nl\/de\/reservieren\/de-arcade\/#breadcrumb\",\"itemListElement\":[{\"@type\":\"ListItem\",\"position\":1,\"name\":\"Home\",\"item\":\"https:\/\/indehei.nl\/de\/\"},{\"@type\":\"ListItem\",\"position\":2,\"name\":\"Reservieren\",\"item\":\"https:\/\/indehei.nl\/de\/reservieren\/\"},{\"@type\":\"ListItem\",\"position\":3,\"name\":\"De Arcade\"}]},{\"@type\":\"WebSite\",\"@id\":\"https:\/\/indehei.nl\/de\/#website\",\"url\":\"https:\/\/indehei.nl\/de\/\",\"name\":\"In de Hei\",\"description\":\"Alpaca&#039;s, lunch, overnachten, vergaderen - Landelijk genieten\",\"publisher\":{\"@id\":\"https:\/\/indehei.nl\/de\/#organization\"},\"potentialAction\":[{\"@type\":\"SearchAction\",\"target\":{\"@type\":\"EntryPoint\",\"urlTemplate\":\"https:\/\/indehei.nl\/de\/?s={search_term_string}\"},\"query-input\":{\"@type\":\"PropertyValueSpecification\",\"valueRequired\":true,\"valueName\":\"search_term_string\"}}],\"inLanguage\":\"de\"},{\"@type\":\"Organization\",\"@id\":\"https:\/\/indehei.nl\/de\/#organization\",\"name\":\"In de Hei\",\"url\":\"https:\/\/indehei.nl\/de\/\",\"logo\":{\"@type\":\"ImageObject\",\"inLanguage\":\"de\",\"@id\":\"https:\/\/indehei.nl\/de\/#\/schema\/logo\/image\/\",\"url\":\"https:\/\/indehei.nl\/wp-content\/uploads\/2025\/04\/IndeHei_2024_ORG_DEF.svg\",\"contentUrl\":\"https:\/\/indehei.nl\/wp-content\/uploads\/2025\/04\/IndeHei_2024_ORG_DEF.svg\",\"caption\":\"In de Hei\"},\"image\":{\"@id\":\"https:\/\/indehei.nl\/de\/#\/schema\/logo\/image\/\"}}]}<\/script>\n<!-- \/ Yoast SEO plugin. -->","yoast_head_json":{"title":"De Arcade - In de Hei","robots":{"index":"index","follow":"follow","max-snippet":"max-snippet:-1","max-image-preview":"max-image-preview:large","max-video-preview":"max-video-preview:-1"},"canonical":"https:\/\/indehei.nl\/de\/reservieren\/de-arcade\/","og_locale":"de_DE","og_type":"article","og_title":"De Arcade - In de Hei","og_description":"Tweepersoonsbed  Hand- und Geschirrt\u00fccher  Kaffee-\/Teezubeh\u00f6r  K\u00fcchenzeile mit K\u00fchlschrank  Eigenes Badezimmer  Pelletofen  Hottub  Ontbijtmandje","og_url":"https:\/\/indehei.nl\/de\/reservieren\/de-arcade\/","og_site_name":"In de Hei","og_image":[{"width":2560,"height":1918,"url":"https:\/\/indehei.nl\/wp-content\/uploads\/2025\/05\/In-de-Hei-De-arcade-18-scaled.jpg","type":"image\/jpeg"}],"twitter_card":"summary_large_image","schema":{"@context":"https:\/\/schema.org","@graph":[{"@type":"WebPage","@id":"https:\/\/indehei.nl\/de\/reservieren\/de-arcade\/","url":"https:\/\/indehei.nl\/de\/reservieren\/de-arcade\/","name":"De Arcade - In de Hei","isPartOf":{"@id":"https:\/\/indehei.nl\/de\/#website"},"primaryImageOfPage":{"@id":"https:\/\/indehei.nl\/de\/reservieren\/de-arcade\/#primaryimage"},"image":{"@id":"https:\/\/indehei.nl\/de\/reservieren\/de-arcade\/#primaryimage"},"thumbnailUrl":"https:\/\/indehei.nl\/wp-content\/uploads\/2025\/05\/In-de-Hei-De-arcade-18-scaled.jpg","datePublished":"2025-05-23T08:12:46+00:00","breadcrumb":{"@id":"https:\/\/indehei.nl\/de\/reservieren\/de-arcade\/#breadcrumb"},"inLanguage":"de","potentialAction":[{"@type":"ReadAction","target":["https:\/\/indehei.nl\/de\/reservieren\/de-arcade\/"]}]},{"@type":"ImageObject","inLanguage":"de","@id":"https:\/\/indehei.nl\/de\/reservieren\/de-arcade\/#primaryimage","url":"https:\/\/indehei.nl\/wp-content\/uploads\/2025\/05\/In-de-Hei-De-arcade-18-scaled.jpg","contentUrl":"https:\/\/indehei.nl\/wp-content\/uploads\/2025\/05\/In-de-Hei-De-arcade-18-scaled.jpg","width":2560,"height":1918,"caption":"default"},{"@type":"BreadcrumbList","@id":"https:\/\/indehei.nl\/de\/reservieren\/de-arcade\/#breadcrumb","itemListElement":[{"@type":"ListItem","position":1,"name":"Home","item":"https:\/\/indehei.nl\/de\/"},{"@type":"ListItem","position":2,"name":"Reservieren","item":"https:\/\/indehei.nl\/de\/reservieren\/"},{"@type":"ListItem","position":3,"name":"De Arcade"}]},{"@type":"WebSite","@id":"https:\/\/indehei.nl\/de\/#website","url":"https:\/\/indehei.nl\/de\/","name":"In de Hei","description":"Alpaca&#039;s, lunch, overnachten, vergaderen - Landelijk genieten","publisher":{"@id":"https:\/\/indehei.nl\/de\/#organization"},"potentialAction":[{"@type":"SearchAction","target":{"@type":"EntryPoint","urlTemplate":"https:\/\/indehei.nl\/de\/?s={search_term_string}"},"query-input":{"@type":"PropertyValueSpecification","valueRequired":true,"valueName":"search_term_string"}}],"inLanguage":"de"},{"@type":"Organization","@id":"https:\/\/indehei.nl\/de\/#organization","name":"In de Hei","url":"https:\/\/indehei.nl\/de\/","logo":{"@type":"ImageObject","inLanguage":"de","@id":"https:\/\/indehei.nl\/de\/#\/schema\/logo\/image\/","url":"https:\/\/indehei.nl\/wp-content\/uploads\/2025\/04\/IndeHei_2024_ORG_DEF.svg","contentUrl":"https:\/\/indehei.nl\/wp-content\/uploads\/2025\/04\/IndeHei_2024_ORG_DEF.svg","caption":"In de Hei"},"image":{"@id":"https:\/\/indehei.nl\/de\/#\/schema\/logo\/image\/"}}]}},"_links":{"self":[{"href":"https:\/\/indehei.nl\/de\/wp-json\/wp\/v2\/product\/3407","targetHints":{"allow":["GET"]}}],"collection":[{"href":"https:\/\/indehei.nl\/de\/wp-json\/wp\/v2\/product"}],"about":[{"href":"https:\/\/indehei.nl\/de\/wp-json\/wp\/v2\/types\/product"}],"replies":[{"embeddable":true,"href":"https:\/\/indehei.nl\/de\/wp-json\/wp\/v2\/comments?post=3407"}],"wp:featuredmedia":[{"embeddable":true,"href":"https:\/\/indehei.nl\/de\/wp-json\/wp\/v2\/media\/1940"}],"wp:attachment":[{"href":"https:\/\/indehei.nl\/de\/wp-json\/wp\/v2\/media?parent=3407"}],"wp:term":[{"taxonomy":"product_brand","embeddable":true,"href":"https:\/\/indehei.nl\/de\/wp-json\/wp\/v2\/product_brand?post=3407"},{"taxonomy":"product_cat","embeddable":true,"href":"https:\/\/indehei.nl\/de\/wp-json\/wp\/v2\/product_cat?post=3407"},{"taxonomy":"product_tag","embeddable":true,"href":"https:\/\/indehei.nl\/de\/wp-json\/wp\/v2\/product_tag?post=3407"}],"curies":[{"name":"wp","href":"https:\/\/api.w.org\/{rel}","templated":true}]}}